{"id":7,"date":"2017-03-09T15:20:56","date_gmt":"2017-03-09T15:20:56","guid":{"rendered":"http:\/\/themedemos.webmandesign.eu\/icelander\/?page_id=7"},"modified":"2026-04-02T13:01:23","modified_gmt":"2026-04-02T17:01:23","slug":"home","status":"publish","type":"page","link":"https:\/\/publicservicepride.ca\/fr\/","title":{"rendered":"PUBLIC SERVICE PRIDE"},"content":{"rendered":"<h1>\n\t\t\tFIERT\u00c9 \u00c0 LA FONCTION PUBLIQUE\t<\/h1>\n\t<h2>C\u00e9l\u00e9brons la fiert\u00e9 dans la fonction publique f\u00e9d\u00e9rale au Canada<\/h2>\n\t\t\t<a href=\"https:\/\/publicservicepride.ca\/fr\/events\/#calendar\" target=\"_self\" rel=\"noopener\">\n\t\t\t\t\t\t\tVoir les \u00e9v\u00e9nements \u00e0 venir\n\t\t\t<\/a>\n<h2>\n\t\t<a href=\"https:\/\/publicservicepride.ca\/fr\/psp-awards\/\" title=\"Rapport annuel 2025\" target=\"_self\" rel=\"noopener\">\n\t\t\tRapport annuel 2025\t\t<\/a>\n\t<\/h2>\n<h3>Cr\u00e9er le changement, ensemble<\/h3>\n\t\t\t<a href=\"http:\/\/publicservicepride.ca\/wp-content\/uploads\/2026\/04\/Rapport-annuel-2025-du-RFFP-1.pdf\" target=\"_blank\" rel=\"noopener\">\n\t\t\t\t\t\t\tOuvrir le rapport\n\t\t\t<\/a>\n\t\t\t\t<img src=\"http:\/\/publicservicepride.ca\/wp-content\/uploads\/2026\/04\/Rapport-annuel-2025-du-RFFP_Couverture_HR-scaled.jpg\" alt=\"PSPN 2025 Annual Report_Cover_HR\" itemprop=\"image\" title=\"PSPN 2025 Annual Report_Cover_HR\" onerror=\"this.style.display='none'\" loading=\"lazy\" \/>\n\t\t\t\t<img src=\"http:\/\/publicservicepride.ca\/wp-content\/uploads\/2024\/08\/trophy-e1722646812980.png\" alt=\"trophy\" itemprop=\"image\" title=\"trophy\" onerror=\"this.style.display='none'\" loading=\"lazy\" \/>\n<h2>\n\t\t<a href=\"https:\/\/publicservicepride.ca\/fr\/psp-awards\/\" title=\"Prix de la Fiert\u00e9 \u00e0 la fonction publique 2026\" target=\"_blank\" rel=\"noopener\">\n\t\t\tPrix de la Fiert\u00e9 \u00e0 la fonction publique 2026\t\t<\/a>\n\t<\/h2>\n\t<h3><b>Les nominations sont d\u00e9sormais ouvertes pour les Prix de la Fiert\u00e9 \u00e0 la fonction publique du gouvernement du Canada 2026 !<\/b><\/h3>\n\t\t\t<a href=\"https:\/\/publicservicepride.ca\/fr\/psp-awards\/\" target=\"_self\" rel=\"noopener\">\n\t\t\t\t\t\t\tEn savoir plus\n\t\t\t<\/a>\n<h2>\n\t\t<a href=\"https:\/\/publicservicepride.ca\/fr\/psp-awards\/\" title=\"Promouvoir l&#039;inclusion intersectionnelle des personnes 2ELGBTQIA+ dans la fonction publique f\u00e9d\u00e9rale\" target=\"_self\" rel=\"noopener\">\n\t\t\tPromouvoir l'inclusion intersectionnelle des personnes 2ELGBTQIA+ dans la fonction publique f\u00e9d\u00e9rale\t\t<\/a>\n\t<\/h2>\n\t<p>Une mise \u00e0 jour de la lettre ouverte aux sous-ministres.<\/p>\n\t\t\t<a href=\"http:\/\/publicservicepride.ca\/wp-content\/uploads\/2024\/05\/Mise-a-jour_lettre-ouverte_1-mai.pdf\" target=\"_blank\" rel=\"noopener\">\n\t\t\t\t\t\t\tLire la mise \u00e0 jour\n\t\t\t<\/a>\n\t\t\t\t<img src=\"http:\/\/publicservicepride.ca\/wp-content\/uploads\/2024\/09\/book.png\" alt=\"book\" itemprop=\"image\" title=\"book\" onerror=\"this.style.display='none'\" loading=\"lazy\" \/>\n<h2>\n\t\t<a href=\"https:\/\/publicservicepride.ca\/fr\/psp-awards\/\" title=\"Manager's Guide to Supporting Two-Spirit, Transgender, Non-Binary and Gender-Diverse Employees in the Federal Public Service\" target=\"_self\" rel=\"noopener\">\n\t\t\tManager&#8217;s Guide to Supporting Two-Spirit, Transgender, Non-Binary and Gender-Diverse Employees in the Federal Public Service\t\t<\/a>\n\t<\/h2>\n\t<p>Une ressource compl\u00e8te con\u00e7ue pour aider les cadres sup\u00e9rieurs de la fonction publique f\u00e9d\u00e9rale \u00e0 mieux soutenir et d\u00e9fendre le personnel bispirituel, transgenre, non binaire et de genre divers.<\/p>\n\t\t\t<a href=\"https:\/\/publicservicepride.ca\/fr\/managers-guide\/\" target=\"_self\" rel=\"noopener\">\n\t\t\t\t\t\t\tEn savoir plus\n\t\t\t<\/a>\n<h2>\n\t\t<a href=\"https:\/\/publicservicepride.ca\/fr\/psp-awards\/\" title=\"Guide \u00e0 l&#039;intention des employ\u00e9.e.s deux esprits, transgenres, non-binaires et de la pluralit\u00e9 des genres dans la fonction publique f\u00e9d\u00e9rale\" target=\"_self\" rel=\"noopener\">\n\t\t\tGuide \u00e0 l'intention des employ\u00e9.e.s deux esprits, transgenres, non-binaires et de la pluralit\u00e9 des genres dans la fonction publique f\u00e9d\u00e9rale\t\t<\/a>\n\t<\/h2>\n\t<p>This guide, developed by Two-Spirit, transgender, non-binary and gender-diverse employees, shares our collective knowledge with the community. It offers valuable information, guidance, and resources to support a smooth and supportive experience for all.<\/p>\n\t\t\t<a href=\"https:\/\/publicservicepride.ca\/fr\/guide\/\" target=\"_self\" rel=\"noopener\">\n\t\t\t\t\t\t\tEn savoir plus\n\t\t\t<\/a>\n\t\t\t\t<img src=\"http:\/\/publicservicepride.ca\/wp-content\/uploads\/2025\/06\/Taken-from-Canva-Trans-flag-1.jpg\" alt=\"A person appears in the bottom left corner of the picture. The person is holding a trans flag above their head. The flag is blowing in the wind\" itemprop=\"image\" title=\"Taken from Canva - Trans flag\" onerror=\"this.style.display='none'\" loading=\"lazy\" \/>\n<h2>\n\t\t\tRessources du RFFP\t<\/h2>\n\t<p>Services et programmes offerts aux employ\u00e9s de la fonction publique.<\/p>\n<p><a href=\"https:\/\/publicservicepride.ca\/fr\/resources\/\"><strong>En savoir plus sur les ressources de la RFFP &gt;<\/strong><\/a><\/p>\n<h2>\n\t\t\t\u00c0 propos de la Fiert\u00e9 \u00e0 la fonction publique\t<\/h2>\n\t<p class=\" translation-block\"><span style=\"font-size: 24px\">Un r\u00e9seau de diff\u00e9rentes <span style=\"color: #ff99cc\">c<\/span><span style=\"color: #ffcc99\">o<\/span><span style=\"color: #ffff99\">m<\/span><span style=\"color: #ccffcc\">m<\/span><span style=\"color: #ccffff\">u<\/span><span style=\"color: #99ccff\">n<\/span><span style=\"color: #cc99ff\">a<\/span><span style=\"color: #ff99cc\">u<\/span><span style=\"color: #ffcc99\">t<\/span><span style=\"color: #ffff99\">\u00e9<\/span><span style=\"color: #ccffcc\">s<\/span>.<\/span><\/p>\n\t\t\t<a href=\"https:\/\/publicservicepride.ca\/fr\/about\/\" target=\"_self\" rel=\"noopener\">\n\t\t\t\t\t\t\tEn savoir plus au sujet du RFFP\n\t\t\t<\/a>\n<h2>\n\t\t\tSuivez-nous\t<\/h2>\n\t<h2><a href=\"https:\/\/www.linkedin.com\/company\/pspride-fiertefp\/\" target=\"_blank\" rel=\"noopener\"><img loading=\"lazy\" src=\"http:\/\/publicservicepride.ca\/wp-content\/uploads\/2025\/01\/In-White-21@2x.png\" alt=\"\" width=\"42\" height=\"42\" \/><\/a>\u00a0 \u00a0<a href=\"https:\/\/gcxgce.sharepoint.com\/teams\/1000701\/SitePages\/fr\/Home.aspx\" target=\"_blank\" rel=\"noopener\"><img loading=\"lazy\" src=\"http:\/\/publicservicepride.ca\/wp-content\/uploads\/2025\/01\/Untitled-design-2.png\" alt=\"\" width=\"42\" height=\"42\" \/><\/a><\/h2>","protected":false},"excerpt":{"rendered":"<div class=\"entry-summary\">\n<div class=\"entry-summary\">\n<p><strong> AUGUST 23 &#8211; 27<\/strong><\/p>\n<p><a href=\"\/fr\/icelander\/shop\/\" class=\"button size-large\">LEARN MORE<\/a><\/p>\n<\/div>\n<div class=\"link-more\"><a href=\"https:\/\/publicservicepride.ca\/fr\/\" class=\"more-link\">Continue reading<span class=\"screen-reader-text\"> &ldquo;PUBLIC SERVICE PRIDE&rdquo;<\/span>&hellip;<\/a><\/div>\n<\/div>\n<div class=\"link-more\"><a href=\"https:\/\/publicservicepride.ca\/fr\/\" class=\"more-link\">Continue reading<span class=\"screen-reader-text\"> &ldquo;PUBLIC SERVICE PRIDE&rdquo;<\/span>&hellip;<\/a><\/div>","protected":false},"author":1,"featured_media":0,"parent":0,"menu_order":0,"comment_status":"closed","ping_status":"closed","template":"templates\/no-intro.php","meta":{"om_disable_all_campaigns":false,"_monsterinsights_skip_tracking":false,"_monsterinsights_sitenote_active":false,"_monsterinsights_sitenote_note":"","_monsterinsights_sitenote_category":0},"acf":[],"yoast_head":"<!-- This site is optimized with the Yoast SEO plugin v17.7.1 - https:\/\/yoast.com\/wordpress\/plugins\/seo\/ -->\n<title>PUBLIC SERVICE PRIDE<\/title>\n<meta name=\"description\" content=\"Employees Celebrating Pride In Canada\u2019s Federal Public Service\" \/>\n<meta name=\"robots\" content=\"index, follow, max-snippet:-1, max-image-preview:large, max-video-preview:-1\" \/>\n<link rel=\"canonical\" href=\"https:\/\/publicservicepride.ca\/fr\/\" \/>\n<meta property=\"og:locale\" content=\"fr_CA\" \/>\n<meta property=\"og:type\" content=\"article\" \/>\n<meta property=\"og:title\" content=\"PUBLIC SERVICE PRIDE\" \/>\n<meta property=\"og:description\" content=\"Employees Celebrating Pride In Canada\u2019s Federal Public Service\" \/>\n<meta property=\"og:url\" content=\"https:\/\/publicservicepride.ca\/fr\/\" \/>\n<meta property=\"og:site_name\" content=\"Public Service Pride\" \/>\n<meta property=\"article:modified_time\" content=\"2026-04-02T17:01:23+00:00\" \/>\n<meta property=\"og:image\" content=\"http:\/\/publicservicepride.ca\/wp-content\/uploads\/2026\/04\/PSPN-2025-Annual-Report_Cover_HR-scaled.jpg\" \/>\n<meta name=\"twitter:card\" content=\"summary_large_image\" \/>\n<meta name=\"twitter:label1\" content=\"Estimation du temps de lecture\" \/>\n\t<meta name=\"twitter:data1\" content=\"3 minutes\" \/>\n<script type=\"application\/ld+json\" class=\"yoast-schema-graph\">{\"@context\":\"https:\/\/schema.org\",\"@graph\":[{\"@type\":\"WebSite\",\"@id\":\"https:\/\/publicservicepride.ca\/#website\",\"url\":\"https:\/\/publicservicepride.ca\/\",\"name\":\"Public Service Pride\",\"description\":\"Show Your Colours\",\"potentialAction\":[{\"@type\":\"SearchAction\",\"target\":{\"@type\":\"EntryPoint\",\"urlTemplate\":\"https:\/\/publicservicepride.ca\/?s={search_term_string}\"},\"query-input\":\"required name=search_term_string\"}],\"inLanguage\":\"fr-CA\"},{\"@type\":\"ImageObject\",\"@id\":\"https:\/\/publicservicepride.ca\/#primaryimage\",\"inLanguage\":\"fr-CA\",\"url\":\"http:\/\/publicservicepride.ca\/wp-content\/uploads\/2026\/04\/PSPN-2025-Annual-Report_Cover_HR-scaled.jpg\",\"contentUrl\":\"http:\/\/publicservicepride.ca\/wp-content\/uploads\/2026\/04\/PSPN-2025-Annual-Report_Cover_HR-scaled.jpg\"},{\"@type\":\"WebPage\",\"@id\":\"https:\/\/publicservicepride.ca\/#webpage\",\"url\":\"https:\/\/publicservicepride.ca\/\",\"name\":\"PUBLIC SERVICE PRIDE\",\"isPartOf\":{\"@id\":\"https:\/\/publicservicepride.ca\/#website\"},\"primaryImageOfPage\":{\"@id\":\"https:\/\/publicservicepride.ca\/#primaryimage\"},\"datePublished\":\"2017-03-09T15:20:56+00:00\",\"dateModified\":\"2026-04-02T17:01:23+00:00\",\"description\":\"Employees Celebrating Pride In Canada\\u2019s Federal Public Service\",\"breadcrumb\":{\"@id\":\"https:\/\/publicservicepride.ca\/#breadcrumb\"},\"inLanguage\":\"fr-CA\",\"potentialAction\":[{\"@type\":\"ReadAction\",\"target\":[\"https:\/\/publicservicepride.ca\/\"]}]},{\"@type\":\"BreadcrumbList\",\"@id\":\"https:\/\/publicservicepride.ca\/#breadcrumb\",\"itemListElement\":[{\"@type\":\"ListItem\",\"position\":1,\"name\":\"Home\",\"item\":\"https:\/\/publicservicepride.ca\/\"},{\"@type\":\"ListItem\",\"position\":2,\"name\":\"PUBLIC SERVICE PRIDE\"}]}]}<\/script>\n<!-- \/ Yoast SEO plugin. -->","yoast_head_json":{"title":"PUBLIC SERVICE PRIDE","description":"Employees Celebrating Pride In Canada\u2019s Federal Public Service","robots":{"index":"index","follow":"follow","max-snippet":"max-snippet:-1","max-image-preview":"max-image-preview:large","max-video-preview":"max-video-preview:-1"},"canonical":"https:\/\/publicservicepride.ca\/fr\/","og_locale":"fr_CA","og_type":"article","og_title":"PUBLIC SERVICE PRIDE","og_description":"Employees Celebrating Pride In Canada\u2019s Federal Public Service","og_url":"https:\/\/publicservicepride.ca\/fr\/","og_site_name":"Public Service Pride","article_modified_time":"2026-04-02T17:01:23+00:00","og_image":[{"url":"http:\/\/publicservicepride.ca\/wp-content\/uploads\/2026\/04\/PSPN-2025-Annual-Report_Cover_HR-scaled.jpg"}],"twitter_card":"summary_large_image","twitter_misc":{"Estimation du temps de lecture":"3 minutes"},"schema":{"@context":"https:\/\/schema.org","@graph":[{"@type":"WebSite","@id":"https:\/\/publicservicepride.ca\/#website","url":"https:\/\/publicservicepride.ca\/","name":"Public Service Pride","description":"Show Your Colours","potentialAction":[{"@type":"SearchAction","target":{"@type":"EntryPoint","urlTemplate":"https:\/\/publicservicepride.ca\/?s={search_term_string}"},"query-input":"required name=search_term_string"}],"inLanguage":"fr-CA"},{"@type":"ImageObject","@id":"https:\/\/publicservicepride.ca\/#primaryimage","inLanguage":"fr-CA","url":"http:\/\/publicservicepride.ca\/wp-content\/uploads\/2026\/04\/PSPN-2025-Annual-Report_Cover_HR-scaled.jpg","contentUrl":"http:\/\/publicservicepride.ca\/wp-content\/uploads\/2026\/04\/PSPN-2025-Annual-Report_Cover_HR-scaled.jpg"},{"@type":"WebPage","@id":"https:\/\/publicservicepride.ca\/#webpage","url":"https:\/\/publicservicepride.ca\/","name":"PUBLIC SERVICE PRIDE","isPartOf":{"@id":"https:\/\/publicservicepride.ca\/#website"},"primaryImageOfPage":{"@id":"https:\/\/publicservicepride.ca\/#primaryimage"},"datePublished":"2017-03-09T15:20:56+00:00","dateModified":"2026-04-02T17:01:23+00:00","description":"Employees Celebrating Pride In Canada\u2019s Federal Public Service","breadcrumb":{"@id":"https:\/\/publicservicepride.ca\/#breadcrumb"},"inLanguage":"fr-CA","potentialAction":[{"@type":"ReadAction","target":["https:\/\/publicservicepride.ca\/"]}]},{"@type":"BreadcrumbList","@id":"https:\/\/publicservicepride.ca\/#breadcrumb","itemListElement":[{"@type":"ListItem","position":1,"name":"Home","item":"https:\/\/publicservicepride.ca\/"},{"@type":"ListItem","position":2,"name":"PUBLIC SERVICE PRIDE"}]}]}},"_links":{"self":[{"href":"https:\/\/publicservicepride.ca\/fr\/wp-json\/wp\/v2\/pages\/7"}],"collection":[{"href":"https:\/\/publicservicepride.ca\/fr\/wp-json\/wp\/v2\/pages"}],"about":[{"href":"https:\/\/publicservicepride.ca\/fr\/wp-json\/wp\/v2\/types\/page"}],"author":[{"embeddable":true,"href":"https:\/\/publicservicepride.ca\/fr\/wp-json\/wp\/v2\/users\/1"}],"replies":[{"embeddable":true,"href":"https:\/\/publicservicepride.ca\/fr\/wp-json\/wp\/v2\/comments?post=7"}],"version-history":[{"count":178,"href":"https:\/\/publicservicepride.ca\/fr\/wp-json\/wp\/v2\/pages\/7\/revisions"}],"predecessor-version":[{"id":3476,"href":"https:\/\/publicservicepride.ca\/fr\/wp-json\/wp\/v2\/pages\/7\/revisions\/3476"}],"wp:attachment":[{"href":"https:\/\/publicservicepride.ca\/fr\/wp-json\/wp\/v2\/media?parent=7"}],"curies":[{"name":"wp","href":"https:\/\/api.w.org\/{rel}","templated":true}]}}