{"id":2871,"date":"2024-12-21T01:59:00","date_gmt":"2024-12-21T01:59:00","guid":{"rendered":"https:\/\/publicservicepride.ca\/?page_id=2871"},"modified":"2025-09-19T15:46:55","modified_gmt":"2025-09-19T15:46:55","slug":"inclusive-washrooms","status":"publish","type":"page","link":"https:\/\/publicservicepride.ca\/fr\/inclusive-washrooms\/","title":{"rendered":"Les toilettes inclusives"},"content":{"rendered":"<h1>\n\t\tRessources\n\t<\/h1>\n<h2>\n\t\tLes toilettes inclusives\n\t<\/h2>\n\tLe RFFP a cr\u00e9\u00e9 ces documents d\u2019appui pour aider les fonctionnaires du gouvernement f\u00e9d\u00e9ral \u00e0 se familiariser avec les toilettes inclusives,<br \/>\net pour r\u00e9pondre \u00e0 certaines questions et id\u00e9es fausses courantes au sujet de ces installations.\n\t\t\t<a href=\"http:\/\/publicservicepride.ca\/wp-content\/uploads\/2024\/12\/241018-004-v2-Myth-Busting-_Inclusive-Washrooms-Fact-Sheet-September-2024-clean-f.pdf\" target=\"_blank\" role=\"button\" rel=\"noopener\">\n\t\t\t\t\t\t\tD\u00e9mystification et foire aux questions (FAQ) : les toilettes inclusives\n\t\t\t<\/a>\n\t\t\t<a href=\"http:\/\/publicservicepride.ca\/wp-content\/uploads\/2024\/12\/241018-004-A-Way-with-Words_Inclusive-Washrooms-Glossary-September-2024-clean-f.pdf\" target=\"_blank\" role=\"button\" rel=\"noopener\">\n\t\t\t\t\t\t\tLe pouvoir des mots : les toilettes inclusives\n\t\t\t<\/a>\n<h2>\n\t\tAvez-vous une ressource \u00e0 partager ?\n\t<\/h2>\n\t<p>Veuillez envoyer les d\u00e9tails au Secr\u00e9tariat de la  FFP<\/p>\n\t\t\t<a href=\"mailto:PSPN-RFFP@hc-sc.gc.ca\" target=\"_blank\" role=\"button\" rel=\"noopener\">\n\t\t\t\t\t\t\tEnvoyer-nous un courriel\n\t\t\t<\/a>","protected":false},"excerpt":{"rendered":"<div class=\"entry-summary\">\n<div class=\"entry-summary\">\nResources Inclusive Washrooms The PSPN created the following documents to help federal public servants become better acquainted with inclusive washrooms and address some common questions and misconceptions about these facilities. Myth Busting and FAQ Sheet: Inclusive Washrooms Open A Way&hellip;\n<\/div>\n<div class=\"link-more\"><a href=\"https:\/\/publicservicepride.ca\/fr\/inclusive-washrooms\/\" class=\"more-link\">Continue reading<span class=\"screen-reader-text\"> &ldquo;Inclusive Washrooms&rdquo;<\/span>&hellip;<\/a><\/div>\n<\/div>\n<div class=\"link-more\"><a href=\"https:\/\/publicservicepride.ca\/fr\/inclusive-washrooms\/\" class=\"more-link\">Continue reading<span class=\"screen-reader-text\"> &ldquo;Inclusive Washrooms&rdquo;<\/span>&hellip;<\/a><\/div>","protected":false},"author":1,"featured_media":0,"parent":0,"menu_order":0,"comment_status":"closed","ping_status":"closed","template":"","meta":{"om_disable_all_campaigns":false,"_monsterinsights_skip_tracking":false,"_monsterinsights_sitenote_active":false,"_monsterinsights_sitenote_note":"","_monsterinsights_sitenote_category":0},"acf":[],"yoast_head":"<!-- This site is optimized with the Yoast SEO plugin v17.7.1 - https:\/\/yoast.com\/wordpress\/plugins\/seo\/ -->\n<title>Inclusive Washrooms - Public Service Pride<\/title>\n<meta name=\"description\" content=\"Guide for Two-Spirit, Transgender, Non-Binary, and Gender-Diverse Employees in the Federal Public Service.\" \/>\n<meta name=\"robots\" content=\"index, follow, max-snippet:-1, max-image-preview:large, max-video-preview:-1\" \/>\n<link rel=\"canonical\" href=\"https:\/\/publicservicepride.ca\/fr\/inclusive-washrooms\/\" \/>\n<meta property=\"og:locale\" content=\"fr_CA\" \/>\n<meta property=\"og:type\" content=\"article\" \/>\n<meta property=\"og:title\" content=\"View the 2021 Annual Report | Voir le rapport annuel 2021\" \/>\n<meta property=\"og:description\" content=\"PSPN Resources | Ressources RFFP\" \/>\n<meta property=\"og:url\" content=\"https:\/\/publicservicepride.ca\/fr\/inclusive-washrooms\/\" \/>\n<meta property=\"og:site_name\" content=\"Public Service Pride\" \/>\n<meta property=\"article:modified_time\" content=\"2025-09-19T15:46:55+00:00\" \/>\n<meta name=\"twitter:card\" content=\"summary_large_image\" \/>\n<meta name=\"twitter:label1\" content=\"Estimation du temps de lecture\" \/>\n\t<meta name=\"twitter:data1\" content=\"2 minutes\" \/>\n<script type=\"application\/ld+json\" class=\"yoast-schema-graph\">{\"@context\":\"https:\/\/schema.org\",\"@graph\":[{\"@type\":\"WebSite\",\"@id\":\"https:\/\/publicservicepride.ca\/#website\",\"url\":\"https:\/\/publicservicepride.ca\/\",\"name\":\"Public Service Pride\",\"description\":\"Show Your Colours\",\"potentialAction\":[{\"@type\":\"SearchAction\",\"target\":{\"@type\":\"EntryPoint\",\"urlTemplate\":\"https:\/\/publicservicepride.ca\/?s={search_term_string}\"},\"query-input\":\"required name=search_term_string\"}],\"inLanguage\":\"fr-CA\"},{\"@type\":\"ImageObject\",\"@id\":\"https:\/\/publicservicepride.ca\/inclusive-washrooms\/#primaryimage\",\"inLanguage\":\"fr-CA\",\"url\":\"\",\"contentUrl\":\"\"},{\"@type\":\"WebPage\",\"@id\":\"https:\/\/publicservicepride.ca\/inclusive-washrooms\/#webpage\",\"url\":\"https:\/\/publicservicepride.ca\/inclusive-washrooms\/\",\"name\":\"Inclusive Washrooms - Public Service Pride\",\"isPartOf\":{\"@id\":\"https:\/\/publicservicepride.ca\/#website\"},\"datePublished\":\"2024-12-21T01:59:00+00:00\",\"dateModified\":\"2025-09-19T15:46:55+00:00\",\"description\":\"Guide for Two-Spirit, Transgender, Non-Binary, and Gender-Diverse Employees in the Federal Public Service.\",\"breadcrumb\":{\"@id\":\"https:\/\/publicservicepride.ca\/inclusive-washrooms\/#breadcrumb\"},\"inLanguage\":\"fr-CA\",\"potentialAction\":[{\"@type\":\"ReadAction\",\"target\":[\"https:\/\/publicservicepride.ca\/inclusive-washrooms\/\"]}]},{\"@type\":\"BreadcrumbList\",\"@id\":\"https:\/\/publicservicepride.ca\/inclusive-washrooms\/#breadcrumb\",\"itemListElement\":[{\"@type\":\"ListItem\",\"position\":1,\"name\":\"Home\",\"item\":\"https:\/\/publicservicepride.ca\/\"},{\"@type\":\"ListItem\",\"position\":2,\"name\":\"Inclusive Washrooms\"}]}]}<\/script>\n<!-- \/ Yoast SEO plugin. -->","yoast_head_json":{"title":"Inclusive Washrooms - Public Service Pride","description":"Guide for Two-Spirit, Transgender, Non-Binary, and Gender-Diverse Employees in the Federal Public Service.","robots":{"index":"index","follow":"follow","max-snippet":"max-snippet:-1","max-image-preview":"max-image-preview:large","max-video-preview":"max-video-preview:-1"},"canonical":"https:\/\/publicservicepride.ca\/fr\/inclusive-washrooms\/","og_locale":"fr_CA","og_type":"article","og_title":"View the 2021 Annual Report | Voir le rapport annuel 2021","og_description":"PSPN Resources | Ressources RFFP","og_url":"https:\/\/publicservicepride.ca\/fr\/inclusive-washrooms\/","og_site_name":"Public Service Pride","article_modified_time":"2025-09-19T15:46:55+00:00","twitter_card":"summary_large_image","twitter_misc":{"Estimation du temps de lecture":"2 minutes"},"schema":{"@context":"https:\/\/schema.org","@graph":[{"@type":"WebSite","@id":"https:\/\/publicservicepride.ca\/#website","url":"https:\/\/publicservicepride.ca\/","name":"Public Service Pride","description":"Show Your Colours","potentialAction":[{"@type":"SearchAction","target":{"@type":"EntryPoint","urlTemplate":"https:\/\/publicservicepride.ca\/?s={search_term_string}"},"query-input":"required name=search_term_string"}],"inLanguage":"fr-CA"},{"@type":"ImageObject","@id":"https:\/\/publicservicepride.ca\/inclusive-washrooms\/#primaryimage","inLanguage":"fr-CA","url":"","contentUrl":""},{"@type":"WebPage","@id":"https:\/\/publicservicepride.ca\/inclusive-washrooms\/#webpage","url":"https:\/\/publicservicepride.ca\/inclusive-washrooms\/","name":"Inclusive Washrooms - Public Service Pride","isPartOf":{"@id":"https:\/\/publicservicepride.ca\/#website"},"datePublished":"2024-12-21T01:59:00+00:00","dateModified":"2025-09-19T15:46:55+00:00","description":"Guide for Two-Spirit, Transgender, Non-Binary, and Gender-Diverse Employees in the Federal Public Service.","breadcrumb":{"@id":"https:\/\/publicservicepride.ca\/inclusive-washrooms\/#breadcrumb"},"inLanguage":"fr-CA","potentialAction":[{"@type":"ReadAction","target":["https:\/\/publicservicepride.ca\/inclusive-washrooms\/"]}]},{"@type":"BreadcrumbList","@id":"https:\/\/publicservicepride.ca\/inclusive-washrooms\/#breadcrumb","itemListElement":[{"@type":"ListItem","position":1,"name":"Home","item":"https:\/\/publicservicepride.ca\/"},{"@type":"ListItem","position":2,"name":"Inclusive Washrooms"}]}]}},"_links":{"self":[{"href":"https:\/\/publicservicepride.ca\/fr\/wp-json\/wp\/v2\/pages\/2871"}],"collection":[{"href":"https:\/\/publicservicepride.ca\/fr\/wp-json\/wp\/v2\/pages"}],"about":[{"href":"https:\/\/publicservicepride.ca\/fr\/wp-json\/wp\/v2\/types\/page"}],"author":[{"embeddable":true,"href":"https:\/\/publicservicepride.ca\/fr\/wp-json\/wp\/v2\/users\/1"}],"replies":[{"embeddable":true,"href":"https:\/\/publicservicepride.ca\/fr\/wp-json\/wp\/v2\/comments?post=2871"}],"version-history":[{"count":3,"href":"https:\/\/publicservicepride.ca\/fr\/wp-json\/wp\/v2\/pages\/2871\/revisions"}],"predecessor-version":[{"id":3271,"href":"https:\/\/publicservicepride.ca\/fr\/wp-json\/wp\/v2\/pages\/2871\/revisions\/3271"}],"wp:attachment":[{"href":"https:\/\/publicservicepride.ca\/fr\/wp-json\/wp\/v2\/media?parent=2871"}],"curies":[{"name":"wp","href":"https:\/\/api.w.org\/{rel}","templated":true}]}}