{"id":2818,"date":"2024-09-07T01:35:16","date_gmt":"2024-09-07T01:35:16","guid":{"rendered":"https:\/\/publicservicepride.ca\/?page_id=2818"},"modified":"2026-02-26T07:48:00","modified_gmt":"2026-02-26T12:48:00","slug":"managers-guide","status":"publish","type":"page","link":"https:\/\/publicservicepride.ca\/fr\/managers-guide\/","title":{"rendered":"Guide \u00e0 l\u2019intention des gestionnaires pour soutenir les personnes bispirituelles, transgenres, non binaires et de diverses identit\u00e9s de genre dans la fonction publique f\u00e9d\u00e9rale"},"content":{"rendered":"<h1>\n\t\t\tRessources\t<\/h1>\n\t<h2><strong>Manager&#8217;s Guide to Supporting Two-Spirit, Transgender, Non-Binary and Gender-Diverse Employees in the Federal Public Service<\/strong><\/h2>\n<h2>\n\t\t\tQuestions fr\u00e9quentes\t<\/h2>\n<div class=\"wm-accordion clearfix\" data-active=\"1\" data-mode=\"accordion\">\r\n<div class=\"wm-item wm-item-wrap\"><h3 class=\"wm-item-title\" data-tags=\"\" data-tag-names=\"\">1. What is the Manager's Guide about?<\/h3><div class=\"wm-item-content clearfix 1WhatistheManagersGuideabout\"><p>Ce guide est une ressource compl\u00e8te con\u00e7ue pour aider les cadres sup\u00e9rieurs de la fonction publique f\u00e9d\u00e9rale \u00e0 mieux soutenir et d\u00e9fendre le personnel bispirituel, transgenre, non binaire et de genre divers. Ce guide pr\u00e9sente les diverses identit\u00e9s et exp\u00e9riences au sein de la communaut\u00e9 2ELGBTQIA+. Il parle \u00e9galement de  l'importance de l'inclusion, ainsi que des moyens pratiques et directs permettant aux cadres sup\u00e9rieurs de soutenir le personnel bispirituel, transgenre, non binaire et de genre divers sur le lieu de travail.<\/p>\n<\/div><\/div>\r\n\r\n<div class=\"wm-item wm-item-wrap\"><h3 class=\"wm-item-title\" data-tags=\"\" data-tag-names=\"\">2. Who is the Manager's Guide intended for?<\/h3><div class=\"wm-item-content clearfix 2WhoistheManagersGuideintendedfor\"><p>Ce guide a \u00e9t\u00e9 sp\u00e9cifiquement con\u00e7u pour les cadres sup\u00e9rieurs de la fonction publique f\u00e9d\u00e9rale. En tant qu'alli\u00e9\u00b7es, ou membres de la communaut\u00e9 2ELGBTQIA+, les cadres sup\u00e9rieurs peuvent utiliser les informations et les outils contenus dans le guide pour mieux comprendre, soutenir et d\u00e9fendre les le personnel bispirituel, transgenre, non binaire et de genre divers.<\/p>\n<\/div><\/div>\r\n\r\n<div class=\"wm-item wm-item-wrap\"><h3 class=\"wm-item-title\" data-tags=\"\" data-tag-names=\"\">3. What is the purpose of the Manager's Guide?<\/h3><div class=\"wm-item-content clearfix 3WhatisthepurposeoftheManagersGuide\"><p>The guide&#8217;s primary purpose is to foster inclusivity and provide support for 2SLGBTQIA+ employees in the Federal Public Service. It aims to create a safe and comfortable working environment by offering senior leaders practical advice and strategies for addressing various challenges faced by the community.<\/p>\n<\/div><\/div>\r\n\r\n<div class=\"wm-item wm-item-wrap\"><h3 class=\"wm-item-title\" data-tags=\"\" data-tag-names=\"\">4. How can the Manager's Guide be utilized?<\/h3><div class=\"wm-item-content clearfix 4HowcantheManagersGuidebeutilized\"><p>Ce guide peut \u00eatre utilis\u00e9 par les cadres sup\u00e9rieurs comme un outil pr\u00e9cieux pour comprendre, naviguer et \u00e9liminer les obstacles auxquels fait face le personnel bispirituel, transgenre, non binaire et de genre divers sur le lieu de travail. Ces obstacles peuvent inclure : les processus complexes et en plusieurs \u00e9tapes pour les noms choisis et pour changer les marqueurs de genres, les processus li\u00e9s aux cong\u00e9s m\u00e9dicaux et aux soins d'affirmation du genre, s\u00e9curit\u00e9 sur le lieu de travail et protection des informations personnelles. <\/p>\n<\/div><\/div>\r\n\r\n<div class=\"wm-item wm-item-wrap\"><h3 class=\"wm-item-title\" data-tags=\"\" data-tag-names=\"\">5. Will the Manager's Guide be updated in the future?<\/h3><div class=\"wm-item-content clearfix 5WilltheManagersGuidebeupdatedinthefuture\"><p>Oui, le guide se veut \u00e9volutif, ce qui signifie qu'il sera p\u00e9riodiquement mis \u00e0 jour et enrichi sur la base de vos commentaires et suggestions, en plus des derni\u00e8res id\u00e9es, des meilleures pratiques et des ressources les plus r\u00e9centes. Cela permet de garantir sa pertinence et son efficacit\u00e9 dans la promotion de l\u2019inclusion au sein de la fonction publique f\u00e9d\u00e9rale.<\/p>\n<\/div><\/div>\r\n<\/div>\n\t\t\t<a href=\"http:\/\/publicservicepride.ca\/wp-content\/uploads\/2025\/05\/Guide-a-lintention-des-gestionnaires-pour-soutenir-les-personnes-bispirituelles-transgenres-non-binaires-et-de-diverses-identites-de-genre-dans-la-fonction-publique-federale_FRE.pdf\" target=\"_blank\" rel=\"noopener\">\n\t\t\t\t\t\t\tAcc\u00e9dez au guide\n\t\t\t<\/a>\n<h2>\n\t\t\tAvez-vous une ressource \u00e0 partager ?\t<\/h2>\n\t<p>Veuillez envoyer les d\u00e9tails au Secr\u00e9tariat de la  FFP<\/p>\n\t\t\t<a href=\"mailto:PSPN-RFFP@hc-sc.gc.ca\" target=\"_blank\" rel=\"noopener\">\n\t\t\t\t\t\t\tEnvoyer-nous un courriel\n\t\t\t<\/a>","protected":false},"excerpt":{"rendered":"<div class=\"entry-summary\">\n<div class=\"entry-summary\">\nResources Manager&#8217;s Guide to Supporting Two-Spirit, Transgender, Non-Binary and Gender-Diverse Employees in the Federal Public Service Frequently Asked Questions Open the Guide Do you have a resource to add? Please send details to the PSP Secretariat Email Us\n<\/div>\n<div class=\"link-more\"><a href=\"https:\/\/publicservicepride.ca\/fr\/managers-guide\/\" class=\"more-link\">Continue reading<span class=\"screen-reader-text\"> &ldquo;Manager\u2019s Guide to Supporting Two-Spirit, Transgender, Non-Binary and Gender-Diverse Employees in the Federal Public Service&rdquo;<\/span>&hellip;<\/a><\/div>\n<\/div>\n<div class=\"link-more\"><a href=\"https:\/\/publicservicepride.ca\/fr\/managers-guide\/\" class=\"more-link\">Continue reading<span class=\"screen-reader-text\"> &ldquo;Manager\u2019s Guide to Supporting Two-Spirit, Transgender, Non-Binary and Gender-Diverse Employees in the Federal Public Service&rdquo;<\/span>&hellip;<\/a><\/div>","protected":false},"author":1,"featured_media":0,"parent":0,"menu_order":0,"comment_status":"closed","ping_status":"closed","template":"","meta":{"om_disable_all_campaigns":false,"_monsterinsights_skip_tracking":false,"_monsterinsights_sitenote_active":false,"_monsterinsights_sitenote_note":"","_monsterinsights_sitenote_category":0},"acf":[],"yoast_head":"<!-- This site is optimized with the Yoast SEO plugin v17.7.1 - https:\/\/yoast.com\/wordpress\/plugins\/seo\/ -->\n<title>Manager\u2019s Guide to Supporting Two-Spirit, Transgender, Non-Binary and Gender-Diverse Employees in the Federal Public Service - Public Service Pride<\/title>\n<meta name=\"description\" content=\"Guide for Two-Spirit, Transgender, Non-Binary, and Gender-Diverse Employees in the Federal Public Service.\" \/>\n<meta name=\"robots\" content=\"index, follow, max-snippet:-1, max-image-preview:large, max-video-preview:-1\" \/>\n<link rel=\"canonical\" href=\"https:\/\/publicservicepride.ca\/fr\/managers-guide\/\" \/>\n<meta property=\"og:locale\" content=\"fr_CA\" \/>\n<meta property=\"og:type\" content=\"article\" \/>\n<meta property=\"og:title\" content=\"View the 2021 Annual Report | Voir le rapport annuel 2021\" \/>\n<meta property=\"og:description\" content=\"PSPN Resources | Ressources RFFP\" \/>\n<meta property=\"og:url\" content=\"https:\/\/publicservicepride.ca\/fr\/managers-guide\/\" \/>\n<meta property=\"og:site_name\" content=\"Public Service Pride\" \/>\n<meta property=\"article:modified_time\" content=\"2026-02-26T12:48:00+00:00\" \/>\n<meta name=\"twitter:card\" content=\"summary_large_image\" \/>\n<meta name=\"twitter:label1\" content=\"Estimation du temps de lecture\" \/>\n\t<meta name=\"twitter:data1\" content=\"2 minutes\" \/>\n<script type=\"application\/ld+json\" class=\"yoast-schema-graph\">{\"@context\":\"https:\/\/schema.org\",\"@graph\":[{\"@type\":\"WebSite\",\"@id\":\"https:\/\/publicservicepride.ca\/#website\",\"url\":\"https:\/\/publicservicepride.ca\/\",\"name\":\"Public Service Pride\",\"description\":\"Show Your Colours\",\"potentialAction\":[{\"@type\":\"SearchAction\",\"target\":{\"@type\":\"EntryPoint\",\"urlTemplate\":\"https:\/\/publicservicepride.ca\/?s={search_term_string}\"},\"query-input\":\"required name=search_term_string\"}],\"inLanguage\":\"fr-CA\"},{\"@type\":\"ImageObject\",\"@id\":\"https:\/\/publicservicepride.ca\/managers-guide\/#primaryimage\",\"inLanguage\":\"fr-CA\",\"url\":\"\",\"contentUrl\":\"\"},{\"@type\":\"WebPage\",\"@id\":\"https:\/\/publicservicepride.ca\/managers-guide\/#webpage\",\"url\":\"https:\/\/publicservicepride.ca\/managers-guide\/\",\"name\":\"Manager\\u2019s Guide to Supporting Two-Spirit, Transgender, Non-Binary and Gender-Diverse Employees in the Federal Public Service - Public Service Pride\",\"isPartOf\":{\"@id\":\"https:\/\/publicservicepride.ca\/#website\"},\"datePublished\":\"2024-09-07T01:35:16+00:00\",\"dateModified\":\"2026-02-26T12:48:00+00:00\",\"description\":\"Guide for Two-Spirit, Transgender, Non-Binary, and Gender-Diverse Employees in the Federal Public Service.\",\"breadcrumb\":{\"@id\":\"https:\/\/publicservicepride.ca\/managers-guide\/#breadcrumb\"},\"inLanguage\":\"fr-CA\",\"potentialAction\":[{\"@type\":\"ReadAction\",\"target\":[\"https:\/\/publicservicepride.ca\/managers-guide\/\"]}]},{\"@type\":\"BreadcrumbList\",\"@id\":\"https:\/\/publicservicepride.ca\/managers-guide\/#breadcrumb\",\"itemListElement\":[{\"@type\":\"ListItem\",\"position\":1,\"name\":\"Home\",\"item\":\"https:\/\/publicservicepride.ca\/\"},{\"@type\":\"ListItem\",\"position\":2,\"name\":\"Manager\\u2019s Guide to Supporting Two-Spirit, Transgender, Non-Binary and Gender-Diverse Employees in the Federal Public Service\"}]}]}<\/script>\n<!-- \/ Yoast SEO plugin. -->","yoast_head_json":{"title":"Manager\u2019s Guide to Supporting Two-Spirit, Transgender, Non-Binary and Gender-Diverse Employees in the Federal Public Service - Public Service Pride","description":"Guide for Two-Spirit, Transgender, Non-Binary, and Gender-Diverse Employees in the Federal Public Service.","robots":{"index":"index","follow":"follow","max-snippet":"max-snippet:-1","max-image-preview":"max-image-preview:large","max-video-preview":"max-video-preview:-1"},"canonical":"https:\/\/publicservicepride.ca\/fr\/managers-guide\/","og_locale":"fr_CA","og_type":"article","og_title":"View the 2021 Annual Report | Voir le rapport annuel 2021","og_description":"PSPN Resources | Ressources RFFP","og_url":"https:\/\/publicservicepride.ca\/fr\/managers-guide\/","og_site_name":"Public Service Pride","article_modified_time":"2026-02-26T12:48:00+00:00","twitter_card":"summary_large_image","twitter_misc":{"Estimation du temps de lecture":"2 minutes"},"schema":{"@context":"https:\/\/schema.org","@graph":[{"@type":"WebSite","@id":"https:\/\/publicservicepride.ca\/#website","url":"https:\/\/publicservicepride.ca\/","name":"Public Service Pride","description":"Show Your Colours","potentialAction":[{"@type":"SearchAction","target":{"@type":"EntryPoint","urlTemplate":"https:\/\/publicservicepride.ca\/?s={search_term_string}"},"query-input":"required name=search_term_string"}],"inLanguage":"fr-CA"},{"@type":"ImageObject","@id":"https:\/\/publicservicepride.ca\/managers-guide\/#primaryimage","inLanguage":"fr-CA","url":"","contentUrl":""},{"@type":"WebPage","@id":"https:\/\/publicservicepride.ca\/managers-guide\/#webpage","url":"https:\/\/publicservicepride.ca\/managers-guide\/","name":"Manager\u2019s Guide to Supporting Two-Spirit, Transgender, Non-Binary and Gender-Diverse Employees in the Federal Public Service - Public Service Pride","isPartOf":{"@id":"https:\/\/publicservicepride.ca\/#website"},"datePublished":"2024-09-07T01:35:16+00:00","dateModified":"2026-02-26T12:48:00+00:00","description":"Guide for Two-Spirit, Transgender, Non-Binary, and Gender-Diverse Employees in the Federal Public Service.","breadcrumb":{"@id":"https:\/\/publicservicepride.ca\/managers-guide\/#breadcrumb"},"inLanguage":"fr-CA","potentialAction":[{"@type":"ReadAction","target":["https:\/\/publicservicepride.ca\/managers-guide\/"]}]},{"@type":"BreadcrumbList","@id":"https:\/\/publicservicepride.ca\/managers-guide\/#breadcrumb","itemListElement":[{"@type":"ListItem","position":1,"name":"Home","item":"https:\/\/publicservicepride.ca\/"},{"@type":"ListItem","position":2,"name":"Manager\u2019s Guide to Supporting Two-Spirit, Transgender, Non-Binary and Gender-Diverse Employees in the Federal Public Service"}]}]}},"_links":{"self":[{"href":"https:\/\/publicservicepride.ca\/fr\/wp-json\/wp\/v2\/pages\/2818"}],"collection":[{"href":"https:\/\/publicservicepride.ca\/fr\/wp-json\/wp\/v2\/pages"}],"about":[{"href":"https:\/\/publicservicepride.ca\/fr\/wp-json\/wp\/v2\/types\/page"}],"author":[{"embeddable":true,"href":"https:\/\/publicservicepride.ca\/fr\/wp-json\/wp\/v2\/users\/1"}],"replies":[{"embeddable":true,"href":"https:\/\/publicservicepride.ca\/fr\/wp-json\/wp\/v2\/comments?post=2818"}],"version-history":[{"count":5,"href":"https:\/\/publicservicepride.ca\/fr\/wp-json\/wp\/v2\/pages\/2818\/revisions"}],"predecessor-version":[{"id":3446,"href":"https:\/\/publicservicepride.ca\/fr\/wp-json\/wp\/v2\/pages\/2818\/revisions\/3446"}],"wp:attachment":[{"href":"https:\/\/publicservicepride.ca\/fr\/wp-json\/wp\/v2\/media?parent=2818"}],"curies":[{"name":"wp","href":"https:\/\/api.w.org\/{rel}","templated":true}]}}