{"id":2576,"date":"2023-10-21T16:15:34","date_gmt":"2023-10-21T16:15:34","guid":{"rendered":"https:\/\/publicservicepride.ca\/?page_id=2576"},"modified":"2026-03-04T12:32:07","modified_gmt":"2026-03-04T17:32:07","slug":"public-service-pride-week","status":"publish","type":"page","link":"https:\/\/publicservicepride.ca\/fr\/public-service-pride-week\/","title":{"rendered":"Semaine de la Fiert\u00e9 \u00e0 la fonction publique"},"content":{"rendered":"<img src=\"http:\/\/publicservicepride.ca\/wp-content\/uploads\/2025\/05\/25048-Pride-Week-2025-Carousel_Blank1-1-1200x372.jpg\" alt=\"25048 Pride Week 2025 - Carousel_Blank1 (1)\" itemprop=\"image\" title=\"25048 Pride Week 2025 - Carousel_Blank1 (1)\" onerror=\"this.style.display='none'\" loading=\"lazy\" \/>\n\t<h1><b>Semaine de la Fiert\u00e9 \u00e0 la fonction publique : du 17 au 21 ao\u00fbt 2026<\/b><\/h1>\n<h1><b>Embarquez !<\/b><\/h1>\n\t\t\t\t<img src=\"http:\/\/publicservicepride.ca\/wp-content\/uploads\/2025\/09\/PSPW-Growth-Chart-2025-FR.jpg\" alt=\"Infographic titled Public Service Pride Week featuring a circular pride flag design with a red maple leaf in the center. Around the circle, data highlights participation growth from 2019 to 2025:2019: 400 participants, 25 organizations.2020: 1,500 participants, 50 organizations.2021: 5,400 participants, 60 organizations.2022: 8,400 participants, 75 organizations.2023: 10,000+ participants, 80 organizations.2024: 12,000+ participants, 85 organizations.2025: 13,000+ participants, 120 organizations.\" itemprop=\"image\" title=\"Semaine de la Fiert\u00e9 \u00e0 la fonction publique\" onerror=\"this.style.display='none'\" loading=\"lazy\" \/>\n\t<p>Public Service Pride Week is more than a celebration &#8211; it&#8217;s a global movement uniting public servants in a shared commitment to 2SLGBTQIA+ inclusion. Its reach continues to expand, with Canadian embassies and missions worldwide proudly participating, ensuring diversity, equity, and belonging are represented on the international stage.<\/p>\n<p><b>2026 Theme: &#8220;Everybody&#8217;s In!&#8221;<\/b><\/p>\n<p><b>&#8216;Everybody In!&#8217;<\/b> souligne notre pouvoir collectif de b\u00e2tir <b>un milieu de travail o\u00f9 il vaut la peine d\u2019embarquer<\/b>. Gr\u00e2ce \u00e0 des alliances actives et un fondement ax\u00e9 sur la s\u00e9curit\u00e9, nous b\u00e2tissons une fonction publique inclusive o\u00f9 chaque fonctionnaire 2ELGBTQIA+ a sa place autour de la table.<\/p>\n<p>\u00c0 travers le Canada, un int\u00e9r\u00eat croissant se manifeste au sein de certains gouvernements provinciaux, territoriaux et municipaux pour int\u00e9grer La Semaine de la Fiert\u00e9 \u00e0 la fonction publique \u00e0 leurs \u00e9v\u00e9nements, renfor\u00e7ant ainsi l\u2019importance des milieux de travail inclusifs \u00e0 tous les niveaux. Nous invitons \u00e9galement les fonctions publiques du monde entier \u00e0 se joindre \u00e0 cette initiative, favorisant la collaboration internationale et la solidarit\u00e9 en mati\u00e8re d\u2019inclusion en milieu de travail.<\/p>\n    <p>C\u2019est l\u2019occasion pour nous de nous rassembler, d\u2019amplifier notre impact et de cr\u00e9er un changement durable.<\/p>\n    \n        <strong>If you&#8217;d like to participate, collaborate, or learn more, please <\/strong>\n        <a href=\"mailto:pspn-rffp@hc-sc.gc.ca\">contactez-nous<\/a>\n        <strong>&#8211; we&#8217;d love to celebrate with you!<\/strong>\n    \n\t\t\t\t<img src=\"http:\/\/publicservicepride.ca\/wp-content\/uploads\/2026\/02\/blank-circle-horizontal-2.png\" alt=\"blank circle horizontal (2)\" itemprop=\"image\" title=\"blank circle horizontal (2)\" onerror=\"this.style.display='none'\" loading=\"lazy\" \/>\n\t<h2>Temps forts de la Semaine de la Fiert\u00e9 \u00e0 la fonction publique 2025<\/h2>\n<p>  <!-- New first image --><\/p>\n<figure>\n    <img src=\"http:\/\/publicservicepride.ca\/wp-content\/uploads\/2025\/08\/For-web-FR.jpg\" alt=\"Promotional graphic for PSPW in English\" \/><figcaption>Message de Son Excellence la tr\u00e8s honorable Mary Simon, gouverneure g\u00e9n\u00e9rale du Canada<\/figcaption><\/figure>\n<p>  <!-- Existing images --><\/p>\n<figure><img src=\"http:\/\/publicservicepride.ca\/wp-content\/uploads\/2025\/08\/4-744x558.jpg\" alt=\"Participants marching in Pride Week parade holding a rainbow banner\" \/><figcaption>Health Canada&#8217;s Pride Flag raising<\/figcaption><\/figure>\n<figure><img src=\"http:\/\/publicservicepride.ca\/wp-content\/uploads\/2025\/08\/Moncton.jpg\" alt=\"Parade in Moncton with colourful flags\" \/><figcaption>D\u00e9fil\u00e9 de la Fiert\u00e9 \u00e0 Moncton<\/figcaption><\/figure>\n<figure><img src=\"http:\/\/publicservicepride.ca\/wp-content\/uploads\/2025\/08\/New-Brunswick-whiteboard-744x538.jpg\" alt=\"Team brainstorming on a whiteboard with Pride decorations\" \/><figcaption>\u00c9quipe du Nouveau-Brunswick planifiant des activit\u00e9s<\/figcaption><\/figure>\n<figure><img src=\"http:\/\/publicservicepride.ca\/wp-content\/uploads\/2025\/08\/PSPN-social-in-Winnipeg.jpg\" alt=\"PSPN social gathering in Winnipeg\" \/><figcaption>\u00c9v\u00e9nement social du RFFP \u00e0 Winnipeg<\/figcaption><\/figure>\n<figure><img src=\"http:\/\/publicservicepride.ca\/wp-content\/uploads\/2025\/08\/PSPN-social-in-Ottawa-744x558.jpg\" alt=\"PSPN social gathering in Ottawa\" \/><figcaption>\u00c9v\u00e9nement social du RFFP \u00e0 Ottawa<\/figcaption><\/figure>\n<figure><img src=\"http:\/\/publicservicepride.ca\/wp-content\/uploads\/2025\/08\/Victoria-showing-of-The-Fruit-Machne.jpg\" alt=\"Victoria showing of The Fruit Machine documentary\" \/><figcaption>Projection \u00e0 Victoria de <em>The Fruit Machine<\/em><\/figcaption><\/figure>\n<figure><img src=\"http:\/\/publicservicepride.ca\/wp-content\/uploads\/2025\/08\/IRCC-Flag-Raising-744x528.jpg\" alt=\"IRCC flag raising ceremony\" \/><figcaption>C\u00e9r\u00e9monie de lev\u00e9e du drapeau d\u2019IRCC<\/figcaption><\/figure>\n<figure><img src=\"http:\/\/publicservicepride.ca\/wp-content\/uploads\/2025\/08\/CSC-event-744x488.jpg\" alt=\"CSC Pride Week event\" \/><figcaption>\u00c9v\u00e9nement de la Semaine de la Fiert\u00e9 du SCC<\/figcaption><\/figure>\n<figure><img src=\"http:\/\/publicservicepride.ca\/wp-content\/uploads\/2025\/08\/PSPN-social-in-Halifax-744x992.jpg\" alt=\"PSPN social gathering in Halifax\" \/><figcaption>\u00c9v\u00e9nement social du RFFP \u00e0 Halifax<\/figcaption><\/figure>\n<figure><img src=\"http:\/\/publicservicepride.ca\/wp-content\/uploads\/2025\/09\/PSPW-Yukon-Pride-Picnic-Aug2025.png\" alt=\"Public Service Pride event in Yukon\" \/><figcaption>\u00c9v\u00e9nement de la Fiert\u00e9 au Yukon<\/figcaption><\/figure>\n<figure><img src=\"http:\/\/publicservicepride.ca\/wp-content\/uploads\/2025\/08\/Rideau-Hall.jpg\" alt=\"The Pride flag being flown at Rideau Hall\" \/><figcaption>Le drapeau de la Fiert\u00e9 hiss\u00e9 \u00e0 Rideau Hall<\/figcaption><\/figure>\n<figure><img src=\"http:\/\/publicservicepride.ca\/wp-content\/uploads\/2025\/08\/DNDs-Pride-March-744x491.jpg\" alt=\"DND's Pride March\" \/><figcaption>DND&#8217;s Pride March<\/figcaption><\/figure>\n<figure><img src=\"http:\/\/publicservicepride.ca\/wp-content\/uploads\/2025\/09\/Calgary-Pride-Parade-Bursting-into-Bloom-scaled.jpg\" alt=\"Pride parade in Calgary under the theme Bursting into Bloom\" \/><figcaption>D\u00e9fil\u00e9 de la Fiert\u00e9 \u00e0 Calgary sous le th\u00e8me \u00c9clatante floraison<\/figcaption><\/figure>\n<figure><img src=\"http:\/\/publicservicepride.ca\/wp-content\/uploads\/2025\/08\/Pride-crosswalk-in-PEI-744x558.jpg\" alt=\"Pride crosswalk in PEI\" \/><figcaption>Passage pour pi\u00e9tons aux couleurs de la Fiert\u00e9 \u00e0 l\u2019\u00ce.-P.-\u00c9.<\/figcaption><\/figure>\n<p>  <!-- New photos --><\/p>\n<figure><img src=\"http:\/\/publicservicepride.ca\/wp-content\/uploads\/2025\/08\/Enjoying-Capital-Pride-3-744x432.jpg\" alt=\"Enjoying Capital Pride celebration\" \/><figcaption>Fiert\u00e9 dans la Capitale<\/figcaption><\/figure>\n<figure><img src=\"http:\/\/publicservicepride.ca\/wp-content\/uploads\/2025\/08\/Enjoying-Capital-Pride-4-744x491.jpg\" alt=\"Another moment from Capital Pride celebration\" \/><figcaption>Vivre les c\u00e9l\u00e9brations de la Fiert\u00e9 dans la capitale<\/figcaption><\/figure>\n<figure><img src=\"http:\/\/publicservicepride.ca\/wp-content\/uploads\/2025\/08\/Enjoying-Capital-Pride-744x494.jpg\" alt=\"Group taking part in Capital Pride event\" \/><figcaption>Participer aux c\u00e9l\u00e9brations de la Fiert\u00e9<\/figcaption><\/figure>\n<figure><img src=\"http:\/\/publicservicepride.ca\/wp-content\/uploads\/2025\/08\/Rainbow-wings-744x494.jpg\" alt=\"Person wearing large rainbow wings\" \/><figcaption>Ailes arc-en-ciel \u00e0 la Fiert\u00e9<\/figcaption><\/figure>\n<figure><img src=\"http:\/\/publicservicepride.ca\/wp-content\/uploads\/2025\/08\/My-menopause-2-744x419.jpg\" alt=\"Michelle Osborne presenting at Your Body, Your Rules event\" \/><figcaption>Votre corps, vos r\u00e8gles avec Michelle Osborne<\/figcaption><\/figure>\n<figure><img src=\"http:\/\/publicservicepride.ca\/wp-content\/uploads\/2025\/08\/ECCC-event-organized-by-the-Canadian-Wildlife-Service-Youth-Committee-744x497.jpg\" alt=\"ECCC event organized by the Canadian Wildlife Service Youth Committee\" \/><figcaption>\u00c9v\u00e9nement d\u2019ECCC organis\u00e9 par le comit\u00e9 jeunesse du Service canadien de la faune<\/figcaption><\/figure>\n<p><!-- Lightbox --><\/p>\n\u00d7<br \/>\n  <img id=\"lightbox-img\" alt=\"\" \/>\n<style>\n\/* Carousel gallery styles *\/\n.thumbnail-gallery {\n  display: flex;\n  overflow-x: auto;\n  gap: 20px;\n  padding: 20px 0;\n  scroll-behavior: smooth;\n  scroll-snap-type: x mandatory;\n  scroll-padding: 50px;\n}\n.thumbnail-gallery figure {\n  flex: 0 0 auto;\n  width: 600px;\n  scroll-snap-align: center;\n  margin: 0;\n  text-align: center;\n  position: relative;\n}\n.thumbnail-gallery img {\n  width: 100%;\n  height: 450px;\n  object-fit: cover; \/* default for most images *\/\n  border-radius: 12px;\n  display: block;\n  cursor: pointer;\n  transition: transform 0.3s ease, box-shadow 0.3s ease;\n}\n.thumbnail-gallery img.contain-image {\n  object-fit: contain; \/* show full image *\/\n  background-color: #fff; \/* optional: white background behind *\/\n}\n.thumbnail-gallery figure:hover img {\n  transform: scale(1.08);\n  box-shadow: 0 10px 25px rgba(0,0,0,0.3);\n  z-index: 2;\n}\n.thumbnail-gallery figcaption {\n  margin-top: 8px;\n  font-size: 1rem;\n  color: #333;\n}\n\/* Scrollbar styles *\/\n.thumbnail-gallery::-webkit-scrollbar {\n  height: 12px;\n}\n.thumbnail-gallery::-webkit-scrollbar-thumb {\n  background-color: #ccc;\n  border-radius: 6px;\n}\n\/* Lightbox styles *\/\n#lightbox {\n  display: none;\n  position: fixed;\n  z-index: 9999;\n  top: 0; left: 0;\n  width: 100%; height: 100%;\n  background: rgba(0,0,0,0.85);\n  justify-content: center;\n  align-items: center;\n}\n#lightbox img {\n  max-width: 90%;\n  max-height: 90%;\n  border-radius: 12px;\n}\n#lightbox .close {\n  position: absolute;\n  top: 20px;\n  right: 30px;\n  color: white;\n  font-size: 42px;\n  font-weight: bold;\n  cursor: pointer;\n}\n<\/style>\n\n<h2>\n\t\t\tNous joindre\t<\/h2>\n\t\t\t<a href=\"mailto:PSPN-RFFP@hc-sc.gc.ca\" target=\"_self\" rel=\"noopener\">\n\t\t\t\t\t\t\tEnvoyer-nous un courriel\n\t\t\t<\/a>","protected":false},"excerpt":{"rendered":"<div class=\"entry-summary\">\n<div class=\"entry-summary\">\nPublic Service Pride Week: August 17-21, 2026 Everybody In! Public Service Pride Week is more than a celebration &#8211; it&#8217;s a global movement uniting public servants in a shared commitment to 2SLGBTQIA+ inclusion. Its reach continues to expand, with Canadian&hellip;\n<\/div>\n<div class=\"link-more\"><a href=\"https:\/\/publicservicepride.ca\/fr\/public-service-pride-week\/\" class=\"more-link\">Continue reading<span class=\"screen-reader-text\"> &ldquo;Public Service Pride Week&rdquo;<\/span>&hellip;<\/a><\/div>\n<\/div>\n<div class=\"link-more\"><a href=\"https:\/\/publicservicepride.ca\/fr\/public-service-pride-week\/\" class=\"more-link\">Continue reading<span class=\"screen-reader-text\"> &ldquo;Public Service Pride Week&rdquo;<\/span>&hellip;<\/a><\/div>","protected":false},"author":1,"featured_media":0,"parent":0,"menu_order":0,"comment_status":"closed","ping_status":"closed","template":"","meta":{"om_disable_all_campaigns":false,"_monsterinsights_skip_tracking":false,"_monsterinsights_sitenote_active":false,"_monsterinsights_sitenote_note":"","_monsterinsights_sitenote_category":0},"acf":[],"yoast_head":"<!-- This site is optimized with the Yoast SEO plugin v17.7.1 - https:\/\/yoast.com\/wordpress\/plugins\/seo\/ -->\n<title>Public Service Pride Week - Public Service Pride<\/title>\n<meta name=\"description\" content=\"Position: Public Service Pride Week (PSPW) 2024 Planning and Execution Lead\" \/>\n<meta name=\"robots\" content=\"index, follow, max-snippet:-1, max-image-preview:large, max-video-preview:-1\" \/>\n<link rel=\"canonical\" href=\"https:\/\/publicservicepride.ca\/fr\/public-service-pride-week\/\" \/>\n<meta property=\"og:locale\" content=\"fr_CA\" \/>\n<meta property=\"og:type\" content=\"article\" \/>\n<meta property=\"og:title\" content=\"View the 2021 Annual Report | Voir le rapport annuel 2021\" \/>\n<meta property=\"og:description\" content=\"PSPN Resources | Ressources RFFP\" \/>\n<meta property=\"og:url\" content=\"https:\/\/publicservicepride.ca\/fr\/public-service-pride-week\/\" \/>\n<meta property=\"og:site_name\" content=\"Public Service Pride\" \/>\n<meta property=\"article:modified_time\" content=\"2026-03-04T17:32:07+00:00\" \/>\n<meta name=\"twitter:card\" content=\"summary_large_image\" \/>\n<meta name=\"twitter:image\" content=\"http:\/\/publicservicepride.ca\/wp-content\/uploads\/2025\/05\/25048-Pride-Week-2025-Carousel_Blank1-1-1200x372.jpg\" \/>\n<meta name=\"twitter:label1\" content=\"Estimation du temps de lecture\" \/>\n\t<meta name=\"twitter:data1\" content=\"4 minutes\" \/>\n<script type=\"application\/ld+json\" class=\"yoast-schema-graph\">{\"@context\":\"https:\/\/schema.org\",\"@graph\":[{\"@type\":\"WebSite\",\"@id\":\"https:\/\/publicservicepride.ca\/#website\",\"url\":\"https:\/\/publicservicepride.ca\/\",\"name\":\"Public Service Pride\",\"description\":\"Show Your Colours\",\"potentialAction\":[{\"@type\":\"SearchAction\",\"target\":{\"@type\":\"EntryPoint\",\"urlTemplate\":\"https:\/\/publicservicepride.ca\/?s={search_term_string}\"},\"query-input\":\"required name=search_term_string\"}],\"inLanguage\":\"fr-CA\"},{\"@type\":\"ImageObject\",\"@id\":\"https:\/\/publicservicepride.ca\/public-service-pride-week\/#primaryimage\",\"inLanguage\":\"fr-CA\",\"url\":\"\",\"contentUrl\":\"\"},{\"@type\":\"WebPage\",\"@id\":\"https:\/\/publicservicepride.ca\/public-service-pride-week\/#webpage\",\"url\":\"https:\/\/publicservicepride.ca\/public-service-pride-week\/\",\"name\":\"Public Service Pride Week - Public Service Pride\",\"isPartOf\":{\"@id\":\"https:\/\/publicservicepride.ca\/#website\"},\"primaryImageOfPage\":{\"@id\":\"https:\/\/publicservicepride.ca\/public-service-pride-week\/#primaryimage\"},\"datePublished\":\"2023-10-21T16:15:34+00:00\",\"dateModified\":\"2026-03-04T17:32:07+00:00\",\"description\":\"Position: Public Service Pride Week (PSPW) 2024 Planning and Execution Lead\",\"breadcrumb\":{\"@id\":\"https:\/\/publicservicepride.ca\/public-service-pride-week\/#breadcrumb\"},\"inLanguage\":\"fr-CA\",\"potentialAction\":[{\"@type\":\"ReadAction\",\"target\":[\"https:\/\/publicservicepride.ca\/public-service-pride-week\/\"]}]},{\"@type\":\"BreadcrumbList\",\"@id\":\"https:\/\/publicservicepride.ca\/public-service-pride-week\/#breadcrumb\",\"itemListElement\":[{\"@type\":\"ListItem\",\"position\":1,\"name\":\"Home\",\"item\":\"https:\/\/publicservicepride.ca\/\"},{\"@type\":\"ListItem\",\"position\":2,\"name\":\"Public Service Pride Week\"}]}]}<\/script>\n<!-- \/ Yoast SEO plugin. -->","yoast_head_json":{"title":"Public Service Pride Week - Public Service Pride","description":"Position: Public Service Pride Week (PSPW) 2024 Planning and Execution Lead","robots":{"index":"index","follow":"follow","max-snippet":"max-snippet:-1","max-image-preview":"max-image-preview:large","max-video-preview":"max-video-preview:-1"},"canonical":"https:\/\/publicservicepride.ca\/fr\/public-service-pride-week\/","og_locale":"fr_CA","og_type":"article","og_title":"View the 2021 Annual Report | Voir le rapport annuel 2021","og_description":"PSPN Resources | Ressources RFFP","og_url":"https:\/\/publicservicepride.ca\/fr\/public-service-pride-week\/","og_site_name":"Public Service Pride","article_modified_time":"2026-03-04T17:32:07+00:00","twitter_card":"summary_large_image","twitter_image":"http:\/\/publicservicepride.ca\/wp-content\/uploads\/2025\/05\/25048-Pride-Week-2025-Carousel_Blank1-1-1200x372.jpg","twitter_misc":{"Estimation du temps de lecture":"4 minutes"},"schema":{"@context":"https:\/\/schema.org","@graph":[{"@type":"WebSite","@id":"https:\/\/publicservicepride.ca\/#website","url":"https:\/\/publicservicepride.ca\/","name":"Public Service Pride","description":"Show Your Colours","potentialAction":[{"@type":"SearchAction","target":{"@type":"EntryPoint","urlTemplate":"https:\/\/publicservicepride.ca\/?s={search_term_string}"},"query-input":"required name=search_term_string"}],"inLanguage":"fr-CA"},{"@type":"ImageObject","@id":"https:\/\/publicservicepride.ca\/public-service-pride-week\/#primaryimage","inLanguage":"fr-CA","url":"","contentUrl":""},{"@type":"WebPage","@id":"https:\/\/publicservicepride.ca\/public-service-pride-week\/#webpage","url":"https:\/\/publicservicepride.ca\/public-service-pride-week\/","name":"Public Service Pride Week - Public Service Pride","isPartOf":{"@id":"https:\/\/publicservicepride.ca\/#website"},"primaryImageOfPage":{"@id":"https:\/\/publicservicepride.ca\/public-service-pride-week\/#primaryimage"},"datePublished":"2023-10-21T16:15:34+00:00","dateModified":"2026-03-04T17:32:07+00:00","description":"Position: Public Service Pride Week (PSPW) 2024 Planning and Execution Lead","breadcrumb":{"@id":"https:\/\/publicservicepride.ca\/public-service-pride-week\/#breadcrumb"},"inLanguage":"fr-CA","potentialAction":[{"@type":"ReadAction","target":["https:\/\/publicservicepride.ca\/public-service-pride-week\/"]}]},{"@type":"BreadcrumbList","@id":"https:\/\/publicservicepride.ca\/public-service-pride-week\/#breadcrumb","itemListElement":[{"@type":"ListItem","position":1,"name":"Home","item":"https:\/\/publicservicepride.ca\/"},{"@type":"ListItem","position":2,"name":"Public Service Pride Week"}]}]}},"_links":{"self":[{"href":"https:\/\/publicservicepride.ca\/fr\/wp-json\/wp\/v2\/pages\/2576"}],"collection":[{"href":"https:\/\/publicservicepride.ca\/fr\/wp-json\/wp\/v2\/pages"}],"about":[{"href":"https:\/\/publicservicepride.ca\/fr\/wp-json\/wp\/v2\/types\/page"}],"author":[{"embeddable":true,"href":"https:\/\/publicservicepride.ca\/fr\/wp-json\/wp\/v2\/users\/1"}],"replies":[{"embeddable":true,"href":"https:\/\/publicservicepride.ca\/fr\/wp-json\/wp\/v2\/comments?post=2576"}],"version-history":[{"count":136,"href":"https:\/\/publicservicepride.ca\/fr\/wp-json\/wp\/v2\/pages\/2576\/revisions"}],"predecessor-version":[{"id":3458,"href":"https:\/\/publicservicepride.ca\/fr\/wp-json\/wp\/v2\/pages\/2576\/revisions\/3458"}],"wp:attachment":[{"href":"https:\/\/publicservicepride.ca\/fr\/wp-json\/wp\/v2\/media?parent=2576"}],"curies":[{"name":"wp","href":"https:\/\/api.w.org\/{rel}","templated":true}]}}