{"id":2555,"date":"2023-10-16T23:17:43","date_gmt":"2023-10-16T23:17:43","guid":{"rendered":"https:\/\/publicservicepride.ca\/?page_id=2555"},"modified":"2026-02-27T15:09:49","modified_gmt":"2026-02-27T20:09:49","slug":"learn-about-pronouns","status":"publish","type":"page","link":"https:\/\/publicservicepride.ca\/fr\/learn-about-pronouns\/","title":{"rendered":"En savoir plus sur les pronoms"},"content":{"rendered":"<h1>\n\t\t\tRessources\t<\/h1>\n<h2>\n\t\t\tEn savoir plus sur les pronoms\t<\/h2>\n\t<p>Le R\u00e9seau de la Fiert\u00e9 \u00e0 la fonction publique tenons \u00e0 remercier nos coll\u00e8gues au R\u00e9seau Fiert\u00e9 au travail de Services publics et Approvisionnement Canada (SPAC) pour l'\u00e9laboration de ce document.<\/p>\n\t\t\t<a href=\"http:\/\/publicservicepride.ca\/wp-content\/uploads\/2026\/02\/Learn-about-pronouns_RF-Feb-2026_FR.docx.pdf\" target=\"_blank\" rel=\"noopener\">\n\t\t\t\t\t\t\tOpen &#8220;Learn About Pronouns&#8221; in new tab\n\t\t\t<\/a>\n<h2>\n\t\t\tAvez-vous une ressource \u00e0 partager ?\t<\/h2>\n\t<p>Veuillez envoyer les d\u00e9tails au Secr\u00e9tariat de la  FFP<\/p>\n\t\t\t<a href=\"mailto:PSPN-RFFP@hc-sc.gc.ca\" target=\"_blank\" rel=\"noopener\">\n\t\t\t\t\t\t\tEnvoyer-nous un courriel\n\t\t\t<\/a>","protected":false},"excerpt":{"rendered":"<div class=\"entry-summary\">\n<div class=\"entry-summary\">\nResources Learn About Pronouns The Public Service Pride Network wishes to thank our colleagues from the Public Services and Procurement Canada (PSPC) Pride at Work Network for the development of this document. Open &#8220;Learn About Pronouns&#8221; in new tab Do&hellip;\n<\/div>\n<div class=\"link-more\"><a href=\"https:\/\/publicservicepride.ca\/fr\/learn-about-pronouns\/\" class=\"more-link\">Continue reading<span class=\"screen-reader-text\"> &ldquo;Learn About Pronouns&rdquo;<\/span>&hellip;<\/a><\/div>\n<\/div>\n<div class=\"link-more\"><a href=\"https:\/\/publicservicepride.ca\/fr\/learn-about-pronouns\/\" class=\"more-link\">Continue reading<span class=\"screen-reader-text\"> &ldquo;Learn About Pronouns&rdquo;<\/span>&hellip;<\/a><\/div>","protected":false},"author":1,"featured_media":0,"parent":0,"menu_order":0,"comment_status":"closed","ping_status":"closed","template":"","meta":{"om_disable_all_campaigns":false,"_monsterinsights_skip_tracking":false,"_monsterinsights_sitenote_active":false,"_monsterinsights_sitenote_note":"","_monsterinsights_sitenote_category":0},"acf":[],"yoast_head":"<!-- This site is optimized with the Yoast SEO plugin v17.7.1 - https:\/\/yoast.com\/wordpress\/plugins\/seo\/ -->\n<title>Learn About Pronouns - Public Service Pride<\/title>\n<meta name=\"description\" content=\"Learn more about how to use different pronouns.\" \/>\n<meta name=\"robots\" content=\"index, follow, max-snippet:-1, max-image-preview:large, max-video-preview:-1\" \/>\n<link rel=\"canonical\" href=\"https:\/\/publicservicepride.ca\/fr\/learn-about-pronouns\/\" \/>\n<meta property=\"og:locale\" content=\"fr_CA\" \/>\n<meta property=\"og:type\" content=\"article\" \/>\n<meta property=\"og:title\" content=\"View the 2021 Annual Report | Voir le rapport annuel 2021\" \/>\n<meta property=\"og:description\" content=\"PSPN Resources | Ressources RFFP\" \/>\n<meta property=\"og:url\" content=\"https:\/\/publicservicepride.ca\/fr\/learn-about-pronouns\/\" \/>\n<meta property=\"og:site_name\" content=\"Public Service Pride\" \/>\n<meta property=\"article:modified_time\" content=\"2026-02-27T20:09:49+00:00\" \/>\n<meta name=\"twitter:card\" content=\"summary_large_image\" \/>\n<meta name=\"twitter:label1\" content=\"Estimation du temps de lecture\" \/>\n\t<meta name=\"twitter:data1\" content=\"1 minute\" \/>\n<script type=\"application\/ld+json\" class=\"yoast-schema-graph\">{\"@context\":\"https:\/\/schema.org\",\"@graph\":[{\"@type\":\"WebSite\",\"@id\":\"https:\/\/publicservicepride.ca\/#website\",\"url\":\"https:\/\/publicservicepride.ca\/\",\"name\":\"Public Service Pride\",\"description\":\"Show Your Colours\",\"potentialAction\":[{\"@type\":\"SearchAction\",\"target\":{\"@type\":\"EntryPoint\",\"urlTemplate\":\"https:\/\/publicservicepride.ca\/?s={search_term_string}\"},\"query-input\":\"required name=search_term_string\"}],\"inLanguage\":\"fr-CA\"},{\"@type\":\"ImageObject\",\"@id\":\"https:\/\/publicservicepride.ca\/learn-about-pronouns\/#primaryimage\",\"inLanguage\":\"fr-CA\",\"url\":\"\",\"contentUrl\":\"\"},{\"@type\":\"WebPage\",\"@id\":\"https:\/\/publicservicepride.ca\/learn-about-pronouns\/#webpage\",\"url\":\"https:\/\/publicservicepride.ca\/learn-about-pronouns\/\",\"name\":\"Learn About Pronouns - Public Service Pride\",\"isPartOf\":{\"@id\":\"https:\/\/publicservicepride.ca\/#website\"},\"datePublished\":\"2023-10-16T23:17:43+00:00\",\"dateModified\":\"2026-02-27T20:09:49+00:00\",\"description\":\"Learn more about how to use different pronouns.\",\"breadcrumb\":{\"@id\":\"https:\/\/publicservicepride.ca\/learn-about-pronouns\/#breadcrumb\"},\"inLanguage\":\"fr-CA\",\"potentialAction\":[{\"@type\":\"ReadAction\",\"target\":[\"https:\/\/publicservicepride.ca\/learn-about-pronouns\/\"]}]},{\"@type\":\"BreadcrumbList\",\"@id\":\"https:\/\/publicservicepride.ca\/learn-about-pronouns\/#breadcrumb\",\"itemListElement\":[{\"@type\":\"ListItem\",\"position\":1,\"name\":\"Home\",\"item\":\"https:\/\/publicservicepride.ca\/\"},{\"@type\":\"ListItem\",\"position\":2,\"name\":\"Learn About Pronouns\"}]}]}<\/script>\n<!-- \/ Yoast SEO plugin. -->","yoast_head_json":{"title":"Learn About Pronouns - Public Service Pride","description":"Learn more about how to use different pronouns.","robots":{"index":"index","follow":"follow","max-snippet":"max-snippet:-1","max-image-preview":"max-image-preview:large","max-video-preview":"max-video-preview:-1"},"canonical":"https:\/\/publicservicepride.ca\/fr\/learn-about-pronouns\/","og_locale":"fr_CA","og_type":"article","og_title":"View the 2021 Annual Report | Voir le rapport annuel 2021","og_description":"PSPN Resources | Ressources RFFP","og_url":"https:\/\/publicservicepride.ca\/fr\/learn-about-pronouns\/","og_site_name":"Public Service Pride","article_modified_time":"2026-02-27T20:09:49+00:00","twitter_card":"summary_large_image","twitter_misc":{"Estimation du temps de lecture":"1 minute"},"schema":{"@context":"https:\/\/schema.org","@graph":[{"@type":"WebSite","@id":"https:\/\/publicservicepride.ca\/#website","url":"https:\/\/publicservicepride.ca\/","name":"Public Service Pride","description":"Show Your Colours","potentialAction":[{"@type":"SearchAction","target":{"@type":"EntryPoint","urlTemplate":"https:\/\/publicservicepride.ca\/?s={search_term_string}"},"query-input":"required name=search_term_string"}],"inLanguage":"fr-CA"},{"@type":"ImageObject","@id":"https:\/\/publicservicepride.ca\/learn-about-pronouns\/#primaryimage","inLanguage":"fr-CA","url":"","contentUrl":""},{"@type":"WebPage","@id":"https:\/\/publicservicepride.ca\/learn-about-pronouns\/#webpage","url":"https:\/\/publicservicepride.ca\/learn-about-pronouns\/","name":"Learn About Pronouns - Public Service Pride","isPartOf":{"@id":"https:\/\/publicservicepride.ca\/#website"},"datePublished":"2023-10-16T23:17:43+00:00","dateModified":"2026-02-27T20:09:49+00:00","description":"Learn more about how to use different pronouns.","breadcrumb":{"@id":"https:\/\/publicservicepride.ca\/learn-about-pronouns\/#breadcrumb"},"inLanguage":"fr-CA","potentialAction":[{"@type":"ReadAction","target":["https:\/\/publicservicepride.ca\/learn-about-pronouns\/"]}]},{"@type":"BreadcrumbList","@id":"https:\/\/publicservicepride.ca\/learn-about-pronouns\/#breadcrumb","itemListElement":[{"@type":"ListItem","position":1,"name":"Home","item":"https:\/\/publicservicepride.ca\/"},{"@type":"ListItem","position":2,"name":"Learn About Pronouns"}]}]}},"_links":{"self":[{"href":"https:\/\/publicservicepride.ca\/fr\/wp-json\/wp\/v2\/pages\/2555"}],"collection":[{"href":"https:\/\/publicservicepride.ca\/fr\/wp-json\/wp\/v2\/pages"}],"about":[{"href":"https:\/\/publicservicepride.ca\/fr\/wp-json\/wp\/v2\/types\/page"}],"author":[{"embeddable":true,"href":"https:\/\/publicservicepride.ca\/fr\/wp-json\/wp\/v2\/users\/1"}],"replies":[{"embeddable":true,"href":"https:\/\/publicservicepride.ca\/fr\/wp-json\/wp\/v2\/comments?post=2555"}],"version-history":[{"count":9,"href":"https:\/\/publicservicepride.ca\/fr\/wp-json\/wp\/v2\/pages\/2555\/revisions"}],"predecessor-version":[{"id":3456,"href":"https:\/\/publicservicepride.ca\/fr\/wp-json\/wp\/v2\/pages\/2555\/revisions\/3456"}],"wp:attachment":[{"href":"https:\/\/publicservicepride.ca\/fr\/wp-json\/wp\/v2\/media?parent=2555"}],"curies":[{"name":"wp","href":"https:\/\/api.w.org\/{rel}","templated":true}]}}