{"id":2477,"date":"2023-09-11T17:43:37","date_gmt":"2023-09-11T17:43:37","guid":{"rendered":"https:\/\/publicservicepride.ca\/?page_id=2477"},"modified":"2024-10-20T02:26:50","modified_gmt":"2024-10-20T02:26:50","slug":"micro-assignments","status":"publish","type":"page","link":"https:\/\/publicservicepride.ca\/fr\/micro-assignments\/","title":{"rendered":"Micro-affectations"},"content":{"rendered":"<h1>\n\t\tMicro-affectations\n\t<\/h1>\n\t<h2>Rejoignez l'\u00e9quipe du R\u00e9seau de la Fiert\u00e9 \u00e0 la fonction publique (RFFP) pour promouvoir l'inclusion des fonctionnaires 2ELGBTQIA+ !<\/h2>\n<p><strong><em>C'est votre opportunit\u00e9 d\u2019apporter votre passion, votre expertise et votre influence \u00e0 un poste o\u00f9 chaque jour offre de nouvelles opportunit\u00e9s de d\u00e9veloppement de carri\u00e8re.<\/em><\/strong><\/p>\n<p>&nbsp;<\/p>\n<p><strong>Opportunit\u00e9 passionnante : <\/strong><\/p>\n<ul>\n<li>Des micro-affectations sont en cours au sein du RFFP.<\/li>\n<li>Il s\u2019agit de possibilit\u00e9s de d\u00e9veloppement d\u2019une dur\u00e9e de 12 mois au m\u00eame niveau.<\/li>\n<li>Conform\u00e9ment \u00e0 <i>l\u2019Orientation concernant la pr\u00e9sence prescrite au lieu de travail<\/i>, une exigence minimale de trois jours par semaine sur le lieu de travail est attendu pour tous les fonctionnaires. Nous fournissons les outils et le soutien n\u00e9cessaires pour assurer une collaboration sans faille, quel que soit l'endroit o\u00f9 l'on se trouve.<\/li>\n<li>As part of our dynamic team, you&#8217;ll contribute to advancing 2SLGBTIQA+ inclusion in the public service while enhancing your skills, building networks, and connecting with senior leaders in the federal government.<\/li>\n<li>Come and support the PSPN&#8217;s communications, events planning, policy and outreach efforts!<\/li>\n<\/ul>\n<p><strong>Qui nous sommes :<\/strong><\/p>\n<p>Le R\u00e9seau de la Fiert\u00e9 \u00e0 la fonction publique (RFFP) est un mouvement lanc\u00e9 en 2018 par un groupe de fonctionnaires f\u00e9d\u00e9raux d\u00e9termin\u00e9s \u00e0 faire de la fonction publique un milieu de travail o\u00f9 les personnes 2ELGBTQIA+ peuvent \u00eatre authentiques, respect\u00e9es et valoris\u00e9es pour leurs contributions envers la population canadienne.<\/p>\n<p><strong>Environnement de travail :<\/strong><\/p>\n<p>Nous sommes fier(\u00e8re)s de cultiver un environnement de travail qui pr\u00f4ne la collaboration, la flexibilit\u00e9 et une culture d'\u00e9quipe unifi\u00e9e. Notre dynamique d'\u00e9quipe repose sur une base de confiance, de respect et de communication ouverte. Nous c\u00e9l\u00e9brons la diversit\u00e9, reconnaissant que chaque individu apporte des perspectives et des forces uniques. Nous encourageons une culture de l'innovation, o\u00f9 la cr\u00e9ativit\u00e9 est encourag\u00e9e et o\u00f9 les id\u00e9es sont les bienvenues de toutes parts. Conscient(e)s de l'\u00e9volution du monde du travail, nous comprenons l'importance de la flexibilit\u00e9. Nous fournissons les outils et le soutien n\u00e9cessaires pour assurer une collaboration sans faille, quel que soit l'endroit o\u00f9 l'on se trouve.<\/p>\n<p><strong>Exigences :<\/strong><\/p>\n<ul>\n<li>Nous sommes \u00e0 la recherche de personnes d\u00e9vou\u00e9es, aux parcours et exp\u00e9riences diversifi\u00e9s, pour se joindre \u00e0 notre \u00e9quipe. Les candidat\u00b7e\u00b7s id\u00e9al\u00b7e\u00b7s sont :\n<ul>\n<li>ceux et celles qui sont d\u00e9termin\u00e9(e)s et prennent de l\u2019initiative, et<\/li>\n<li>qui ont de l'exp\u00e9rience en communication, planification d'\u00e9v\u00e9nements, politique ou sensibilisation.<\/li>\n<\/ul>\n<\/li>\n<li>Votre d\u00e9partement\/agence d'origine couvre l'\u00e9quipement informatique, le salaire (au m\u00eame niveau) et les avantages sociaux pour la dur\u00e9e de la micro-affectation.<\/li>\n<li>Please obtain your manager&#8217;s approval and confirm that you have access to Google Drive prior to submitting your CV and cover letter to <a href=\"mailto:PSPN-RFFP@csps-efpc.gc.ca\">PSPN-RFFP@csps-efpc.gc.ca<\/a>.<\/li>\n<\/ul>\n<p>Comme il s'agit d'opportunit\u00e9s continues, il n'y a pas de date limite pour soumettre votre candidature.<\/p>\n<blockquote>&#8220;My assignment with the PSPN has been enormously enriching for me personally and for my home department in terms of the contributions and connections I am making. I have gained tremendous appreciation for and knowledge of diversity, equity and inclusion as a horizontal issue within government, communications strategies, events planning and how to gain and hold a seat at the table on key policy files. All of this while working in a small, collegial and dedicated team where so much of the administrative overhead that can bog our work down is absent. The benefits flow in both directions: my department has already profited from as I have facilitated connections leading to changes in chosen name policy and practice and have helped highlight IRC successes to a broader audience and connect IRCC to bigger dialogues. My only regret about the assignment is that it will come to an end too quickly.&#8221;<br \/>\n<strong>&#8211; Holly Jacobs, Director, Strategic Planning and 2SLGBTQIA+ Executive Network Lead, Public Service Pride Network (On micro-assignment from IRCC)<\/strong><\/blockquote>\n<h2>\n\t\tSoumettre votre candidature\n\t<\/h2>\n\t<p>Envoyez votre CV et votre lettre de motivation \u00e0 <a href=\"mailto:PSPN-RFFP@csps-efpc.gc.ca\">PSPN-RFFP@csps-efpc.gc.ca<\/a>.<\/p>\n<h2>\n\t\tNous joindre\n\t<\/h2>\n\t\t\t<a href=\"mailto:PSPN-RFFP@csps-efpc.gc.ca\" target=\"_self\" role=\"button\" rel=\"noopener\">\n\t\t\t\t\t\t\tEnvoyer-nous un courriel\n\t\t\t<\/a>","protected":false},"excerpt":{"rendered":"<div class=\"entry-summary\">\n<div class=\"entry-summary\">\nMicro-Assignments Join the Public Service Pride Network (PSPN) Team in Advancing Inclusion for 2SLGBTQIA+ Public Servants! This is your opportunity to bring your passion, expertise, and influence to a role where each day presents fresh opportunities for career growth. &nbsp;&hellip;\n<\/div>\n<div class=\"link-more\"><a href=\"https:\/\/publicservicepride.ca\/fr\/micro-assignments\/\" class=\"more-link\">Continue reading<span class=\"screen-reader-text\"> &ldquo;Micro Assignments&rdquo;<\/span>&hellip;<\/a><\/div>\n<\/div>\n<div class=\"link-more\"><a href=\"https:\/\/publicservicepride.ca\/fr\/micro-assignments\/\" class=\"more-link\">Continue reading<span class=\"screen-reader-text\"> &ldquo;Micro Assignments&rdquo;<\/span>&hellip;<\/a><\/div>","protected":false},"author":1,"featured_media":0,"parent":0,"menu_order":0,"comment_status":"closed","ping_status":"closed","template":"","meta":{"om_disable_all_campaigns":false,"_monsterinsights_skip_tracking":false,"_monsterinsights_sitenote_active":false,"_monsterinsights_sitenote_note":"","_monsterinsights_sitenote_category":0},"acf":[],"yoast_head":"<!-- This site is optimized with the Yoast SEO plugin v17.7.1 - https:\/\/yoast.com\/wordpress\/plugins\/seo\/ -->\n<title>Micro Assignments - Public Service Pride<\/title>\n<meta name=\"description\" content=\"Position: Public Service Pride Week (PSPW) 2024 Planning and Execution Lead\" \/>\n<meta name=\"robots\" content=\"index, follow, max-snippet:-1, max-image-preview:large, max-video-preview:-1\" \/>\n<link rel=\"canonical\" href=\"https:\/\/publicservicepride.ca\/fr\/micro-assignments\/\" \/>\n<meta property=\"og:locale\" content=\"fr_CA\" \/>\n<meta property=\"og:type\" content=\"article\" \/>\n<meta property=\"og:title\" content=\"View the 2021 Annual Report | Voir le rapport annuel 2021\" \/>\n<meta property=\"og:description\" content=\"PSPN Resources | Ressources RFFP\" \/>\n<meta property=\"og:url\" content=\"https:\/\/publicservicepride.ca\/fr\/micro-assignments\/\" \/>\n<meta property=\"og:site_name\" content=\"Public Service Pride\" \/>\n<meta property=\"article:modified_time\" content=\"2024-10-20T02:26:50+00:00\" \/>\n<meta name=\"twitter:card\" content=\"summary_large_image\" \/>\n<meta name=\"twitter:label1\" content=\"Estimation du temps de lecture\" \/>\n\t<meta name=\"twitter:data1\" content=\"2 minutes\" \/>\n<script type=\"application\/ld+json\" class=\"yoast-schema-graph\">{\"@context\":\"https:\/\/schema.org\",\"@graph\":[{\"@type\":\"WebSite\",\"@id\":\"https:\/\/publicservicepride.ca\/#website\",\"url\":\"https:\/\/publicservicepride.ca\/\",\"name\":\"Public Service Pride\",\"description\":\"Show Your Colours\",\"potentialAction\":[{\"@type\":\"SearchAction\",\"target\":{\"@type\":\"EntryPoint\",\"urlTemplate\":\"https:\/\/publicservicepride.ca\/?s={search_term_string}\"},\"query-input\":\"required name=search_term_string\"}],\"inLanguage\":\"fr-CA\"},{\"@type\":\"ImageObject\",\"@id\":\"https:\/\/publicservicepride.ca\/micro-assignments\/#primaryimage\",\"inLanguage\":\"fr-CA\",\"url\":\"\",\"contentUrl\":\"\"},{\"@type\":\"WebPage\",\"@id\":\"https:\/\/publicservicepride.ca\/micro-assignments\/#webpage\",\"url\":\"https:\/\/publicservicepride.ca\/micro-assignments\/\",\"name\":\"Micro Assignments - Public Service Pride\",\"isPartOf\":{\"@id\":\"https:\/\/publicservicepride.ca\/#website\"},\"datePublished\":\"2023-09-11T17:43:37+00:00\",\"dateModified\":\"2024-10-20T02:26:50+00:00\",\"description\":\"Position: Public Service Pride Week (PSPW) 2024 Planning and Execution Lead\",\"breadcrumb\":{\"@id\":\"https:\/\/publicservicepride.ca\/micro-assignments\/#breadcrumb\"},\"inLanguage\":\"fr-CA\",\"potentialAction\":[{\"@type\":\"ReadAction\",\"target\":[\"https:\/\/publicservicepride.ca\/micro-assignments\/\"]}]},{\"@type\":\"BreadcrumbList\",\"@id\":\"https:\/\/publicservicepride.ca\/micro-assignments\/#breadcrumb\",\"itemListElement\":[{\"@type\":\"ListItem\",\"position\":1,\"name\":\"Home\",\"item\":\"https:\/\/publicservicepride.ca\/\"},{\"@type\":\"ListItem\",\"position\":2,\"name\":\"Micro Assignments\"}]}]}<\/script>\n<!-- \/ Yoast SEO plugin. -->","yoast_head_json":{"title":"Micro Assignments - Public Service Pride","description":"Position: Public Service Pride Week (PSPW) 2024 Planning and Execution Lead","robots":{"index":"index","follow":"follow","max-snippet":"max-snippet:-1","max-image-preview":"max-image-preview:large","max-video-preview":"max-video-preview:-1"},"canonical":"https:\/\/publicservicepride.ca\/fr\/micro-assignments\/","og_locale":"fr_CA","og_type":"article","og_title":"View the 2021 Annual Report | Voir le rapport annuel 2021","og_description":"PSPN Resources | Ressources RFFP","og_url":"https:\/\/publicservicepride.ca\/fr\/micro-assignments\/","og_site_name":"Public Service Pride","article_modified_time":"2024-10-20T02:26:50+00:00","twitter_card":"summary_large_image","twitter_misc":{"Estimation du temps de lecture":"2 minutes"},"schema":{"@context":"https:\/\/schema.org","@graph":[{"@type":"WebSite","@id":"https:\/\/publicservicepride.ca\/#website","url":"https:\/\/publicservicepride.ca\/","name":"Public Service Pride","description":"Show Your Colours","potentialAction":[{"@type":"SearchAction","target":{"@type":"EntryPoint","urlTemplate":"https:\/\/publicservicepride.ca\/?s={search_term_string}"},"query-input":"required name=search_term_string"}],"inLanguage":"fr-CA"},{"@type":"ImageObject","@id":"https:\/\/publicservicepride.ca\/micro-assignments\/#primaryimage","inLanguage":"fr-CA","url":"","contentUrl":""},{"@type":"WebPage","@id":"https:\/\/publicservicepride.ca\/micro-assignments\/#webpage","url":"https:\/\/publicservicepride.ca\/micro-assignments\/","name":"Micro Assignments - Public Service Pride","isPartOf":{"@id":"https:\/\/publicservicepride.ca\/#website"},"datePublished":"2023-09-11T17:43:37+00:00","dateModified":"2024-10-20T02:26:50+00:00","description":"Position: Public Service Pride Week (PSPW) 2024 Planning and Execution Lead","breadcrumb":{"@id":"https:\/\/publicservicepride.ca\/micro-assignments\/#breadcrumb"},"inLanguage":"fr-CA","potentialAction":[{"@type":"ReadAction","target":["https:\/\/publicservicepride.ca\/micro-assignments\/"]}]},{"@type":"BreadcrumbList","@id":"https:\/\/publicservicepride.ca\/micro-assignments\/#breadcrumb","itemListElement":[{"@type":"ListItem","position":1,"name":"Home","item":"https:\/\/publicservicepride.ca\/"},{"@type":"ListItem","position":2,"name":"Micro Assignments"}]}]}},"_links":{"self":[{"href":"https:\/\/publicservicepride.ca\/fr\/wp-json\/wp\/v2\/pages\/2477"}],"collection":[{"href":"https:\/\/publicservicepride.ca\/fr\/wp-json\/wp\/v2\/pages"}],"about":[{"href":"https:\/\/publicservicepride.ca\/fr\/wp-json\/wp\/v2\/types\/page"}],"author":[{"embeddable":true,"href":"https:\/\/publicservicepride.ca\/fr\/wp-json\/wp\/v2\/users\/1"}],"replies":[{"embeddable":true,"href":"https:\/\/publicservicepride.ca\/fr\/wp-json\/wp\/v2\/comments?post=2477"}],"version-history":[{"count":20,"href":"https:\/\/publicservicepride.ca\/fr\/wp-json\/wp\/v2\/pages\/2477\/revisions"}],"predecessor-version":[{"id":2915,"href":"https:\/\/publicservicepride.ca\/fr\/wp-json\/wp\/v2\/pages\/2477\/revisions\/2915"}],"wp:attachment":[{"href":"https:\/\/publicservicepride.ca\/fr\/wp-json\/wp\/v2\/media?parent=2477"}],"curies":[{"name":"wp","href":"https:\/\/api.w.org\/{rel}","templated":true}]}}