{"id":2409,"date":"2023-07-11T21:35:19","date_gmt":"2023-07-11T21:35:19","guid":{"rendered":"https:\/\/publicservicepride.ca\/?page_id=2409"},"modified":"2026-02-27T10:48:21","modified_gmt":"2026-02-27T15:48:21","slug":"onboarding","status":"publish","type":"page","link":"https:\/\/publicservicepride.ca\/fr\/onboarding\/","title":{"rendered":"Int\u00e9gration"},"content":{"rendered":"<h1>\n\t\t\tRessources\t<\/h1>\n\t<h2>Int\u00e9gration des fonctionnaires 2ELGBTQIA+ dans la fonction publique f\u00e9d\u00e9rale<\/h2>\n<h2>\n\t\t\tQuestions fr\u00e9quentes\t<\/h2>\n\t<p>Bienvenue \u00e0 la fonction publique f\u00e9d\u00e9rale !<\/p>\n<p>We will be stronger than ever since we&#8217;ve got you now.<\/p>\n<p>Nous accueillons les gens pour ce qu'ils sont et pour ce qu'ils apportent. Et nous nous effor\u00e7ons de favoriser une culture de la diversit\u00e9 qui nourrit la cr\u00e9ativit\u00e9 et stimule la productivit\u00e9. Cela signifie que vous pouvez \u00eatre vous-m\u00eame, d\u00e8s le premier jour, dans un environnement de travail ouvert \u00e0 tous.<\/p>\n<p>Whether it&#8217;s your first day, first week or first month, you probably have several questions as you get to know your new job and your new colleagues. Or maybe you&#8217;re just new to the Public Service Pride Network! Regardless, we are here to help!<\/p>\n<p>As a new employee, you may have several questions or expectations related to your onboarding process. The following questions and answers have a specific focus on Pride-related information. We&#8217;re also including some key contacts within the Public Service Pride Network (PSPN) with whom you can confidentially connect with at any time.<\/p>\n<p>Si vous ne trouvez pas de r\u00e9ponse \u00e0 votre question ci-dessous, et si vous vous sentez \u00e0 l'aise pour le faire, vous pouvez vous adresser \u00e0 votre gestionnaire ou au repr\u00e9sentant des ressources humaines de votre minist\u00e8re ou agence. Vous pouvez toujours contacter le RFFP \u00e0 l'adresse <a href=\"mailto:PSPN-RFFP@hc-sc.gc.ca\">PSPN-RFFP@hc-sc.gc.ca<\/a>, et visiter <a href=\"https:\/\/publicservicepride.ca\/fr\/\">le site web du RFFP<\/a> pour en savoir plus sur le R\u00e9seau et les ressources disponibles.<\/p>\n<div class=\"wm-accordion clearfix\" data-active=\"1\" data-mode=\"accordion\">\r\n<div class=\"wm-item wm-item-wrap\"><h3 class=\"wm-item-title\" data-tags=\"\" data-tag-names=\"\">1.\tQu'est-ce que le RFFP ?<\/h3><div class=\"wm-item-content clearfix 1WhatisthePSPN\"><p>The PSPN is a national employee led network dedicated to fostering inclusion and supporting 2SLGBTQIA+ employees and allies in the Federal Public Service. The network aims to create a safe space for you to be your authentic and true self at work and contribute your talents effectively.Through its initiatives, the PSPN plays a vital role in support of broader diversity and inclusion objectives in the Government of Canada.<\/p>\n<\/div><\/div>\r\n\r\n<div class=\"wm-item wm-item-wrap\"><h3 class=\"wm-item-title\" data-tags=\"\" data-tag-names=\"\">2.\tComment puis-je m'impliquer dans le RFFP ?<\/h3><div class=\"wm-item-content clearfix 2HowdoIgetinvolvedinthePSPN\"><p>The PSPN always welcomes new members who want to get involved in our year-round discussions, events and commemorative dates related to the 2SLGBTQIA+ communities. You can contact the PSPN to join the distribution list. This way you&#8217;ll stay informed by receiving updates on the Network&#8217;s current activities and initiatives.<\/p>\n<\/div><\/div>\r\n\r\n<div class=\"wm-item wm-item-wrap\"><h3 class=\"wm-item-title\" data-tags=\"\" data-tag-names=\"\">3.\tQue peut faire le RFFP pour moi ?<\/h3><div class=\"wm-item-content clearfix 3WhatcanthePSPNdoforme\"><p>The PSPN is committed to supporting 2SLGBTQIA+ employees and allies in the public service.It serves as a platform for networking, advocacy, and resource-sharing among employees and allies across various government departments and agencies. The network organizes events, brave space discussions, and training sessions to raise awareness, educate, and promote diversity and acceptance within the public service.The network can assist you in navigating your relationship with managers, particularly in situations where they may be challenges or conflicts. For example, you can seek assistance from us when preparing for your performance management meetings.The network also organizes events and initiatives to celebrate 2SLGBTQIA+ milestones, such as Public Service Pride Week and International Day Against Homophobia, Transphobia, and Biphobia. It also celebrates annually individuals, teams and organizations that have demonstrated leadership in promoting and strengthening 2SLGBTQIA+ diversity, inclusion, and pride across the federal public service with the Public Service Pride Awards.<\/p>\n<\/div><\/div>\r\n\r\n<div class=\"wm-item wm-item-wrap\"><h3 class=\"wm-item-title\" data-tags=\"\" data-tag-names=\"\">4.\tComment savoir si mon minist\u00e8re\/agence dispose d'une personne de contact cl\u00e9 dans le domaine de la Fiert\u00e9 ? Comment puis-je savoir qui est cette personne dans mon organisation ?<\/h3><div class=\"wm-item-content clearfix 4HowdoIknowifmydepartmentagencyhasaPride-relatedkeycontactpersonHowdoIfindoutwhothatpersonisinmyorganization\"><p>The majority of GC organizations have employee-led networks focused on topics relevant to the 2SLGBTQIA+ communities, or networks focused on broader topics related to Equity, Diversity and Inclusion (EDI).Your manager and\/or your HR department should be able to direct you to a representative that can assist. Your organization&#8217;s intranet should also have helpful information on equity seeking employee groups. \u00a0You can also always reach out to PSPN.\u00a0<\/p>\n<\/div><\/div>\r\n\r\n<div class=\"wm-item wm-item-wrap\"><h3 class=\"wm-item-title\" data-tags=\"\" data-tag-names=\"\">5.\tO\u00f9 puis-je en savoir plus sur l'inclusion des 2SLGBTQIA+ au sein du gouvernement du Canada ?<\/h3><div class=\"wm-item-content clearfix 5WherecanIreadmoreabout2SLGBTQIAinclusionwithintheGovernmentofCanada\"><p>Le RFFP a cr\u00e9\u00e9 et mis en valeur une grande vari\u00e9t\u00e9 de documents et de ressources pour vous aider. Il s'agit notamment du <a href=\"https:\/\/publicservicepride.ca\/fr\/\">site web<\/a> du R\u00e9seau, o\u00f9 vous trouverez facilement des informations sur les \u00e9v\u00e9nements, les prix et les comit\u00e9s d'action, entre autres. Vous pouvez \u00e9galement consulter <a href=\"https:\/\/gcxgce.sharepoint.com\/teams\/1000701\/SitePages\/fr\/Home.aspx\">GC\u00c9change<\/a> (the latter being only available inside the GC).Other resources from a number of sources include:<a href=\"https:\/\/femmes-egalite-genres.canada.ca\/fr\/sois-toi-meme.html\">Services et informations 2ELGBTQIA+<\/a><a href=\"https:\/\/lefondspurgelgbt.com\/\">Le Fonds Purge LGBT<\/a><a href=\"https:\/\/syndicatafpc.ca\/milieux-travail-accueillants-personnes-trans?_ga=2.95662875.607304705.1688495716-912169098.1634152245\">Des milieux de travail accueillants pour les personnes trans<\/a><a href=\"https:\/\/catalogue.csps-efpc.gc.ca\/catalog?cm_locale=fr&amp;reveal_topic=1&amp;topic0=69&amp;reveal_subtopic=1&amp;subtopic0=141&amp;reveal_type=0&amp;reveal_duration=0&amp;reveal_delivery_method=0&amp;query=&amp;products_per_page=12&amp;products_sort_order=relevancy&amp;pagename=Catalog\">Programme d'\u00e9tudes 2ELGBTQIA+ \u00e0 l'\u00c9cole de la fonction publique du Canada<\/a><a href=\"https:\/\/femmes-egalite-genres.canada.ca\/fr\/sois-toi-meme\/plan-action-federal-2elgbtqi-plus.html\">Le Plan d\u2019action f\u00e9d\u00e9ral 2ELGBTQI+<\/a><a href=\"https:\/\/www.noslangues-ourlanguages.gc.ca\/fr\/cles-de-la-redaction\/ecriture-inclusive-lignes-directrices-ressources\">Inclusive Writing &#8211; Guidelines and Resources<\/a><a href=\"https:\/\/www.noslangues-ourlanguages.gc.ca\/fr\/cles-de-la-redaction\/ecriture-inclusive-inclusionnaire\">Inclusionnaire : recueil de solutions inclusives<\/a><a href=\"https:\/\/gcconnex.gc.ca\/groups\/profile\/4369105\/positive-space-initiative-initiative-despace-positif?language=fr\">Initiative d'espace positif<\/a><a href=\"https:\/\/www.csps-efpc.gc.ca\/tools\/jobaids\/lgbtq2-ally-fra.aspx\">\u00catre un alli\u00e9 ou une alli\u00e9e des communaut\u00e9s 2ELGBTQI+<\/a><\/p>\n<\/div><\/div>\r\n\r\n<div class=\"wm-item wm-item-wrap\"><h3 class=\"wm-item-title\" data-tags=\"\" data-tag-names=\"\">6.\tQue se passe-t-il si je ne me sens pas en s\u00e9curit\u00e9 sur mon nouveau lieu de travail ? \u00c0 qui puis-je m'adresser ?<\/h3><div class=\"wm-item-content clearfix 6WhathappensifIfeelunsafeinmynewworkplaceWhatshouldIdoWhocanItalkto\"><p>Le RFFP travaille en collaboration avec des membres \u00e0 tous les niveaux de la fonction publique f\u00e9d\u00e9rale pour veiller \u00e0 ce que chacun se sente en s\u00e9curit\u00e9, digne et respect\u00e9 sur son lieu de travail. Si vous ne vous sentez pas en s\u00e9curit\u00e9, plusieurs possibilit\u00e9s s'offrent \u00e0 vous. Par exemple, vous pouvez<\/p>\n<ul>\n<li>Parler de la situation \u00e0 votre gestionnaire ou \u00e0 un coll\u00e8gue (tel qu'un ambassadeur de l'espace positif).<\/li>\n<li>Contact your department or agency&#8217;s <a href=\"https:\/\/www.canada.ca\/fr\/gouvernement\/fonctionpublique\/mieux-etre-inclusion-diversite-fonction-publique\/programme-aide-employes.html\">Programme d'aide aux employ\u00e9s<\/a> de votre minist\u00e8re ou agence et\/ou acc\u00e9der \u00e0 d'autres ressources de soutien \u00e9num\u00e9r\u00e9es ci-dessous.<\/li>\n<li>Reach out to your organization&#8217;s Occupational Health and Safety representative.<\/li>\n<\/ul>\n<p>D\u2019autres options sont disponibles :<\/p>\n<ul>\n<li><a href=\"https:\/\/www.mmiwg-ffada.ca\/fr\/contact\/\">Ligne de soutien 24 heures sur 24, 7 jours sur 7 :<\/a> 1-844-413-6649 Une ligne d\u2019urgence nationale et ind\u00e9pendante est disponible sans frais pour soutenir toute personne qui a besoin d\u2019aide. Ce service est offert gratuitement pour toute personne ayant besoin d'un soutien \u00e9motionnel en rapport avec les femmes et les filles autochtones disparues et assassin\u00e9es.<\/li>\n<li><a href=\"https:\/\/www.espoirpourlemieuxetre.ca\/\"><strong>Ligne d'\u00e9coute d'espour pour le mieux-\u00eatre<\/strong> (<\/a>La Ligne d\u2019\u00e9coute d\u2019espoir pour le mieux-\u00eatre est accessible 24 heures sur 24, 7 jours sur 7 \u00e0 tous les Autochtones du Canada. Clavardez en ligne ou appelez au 1-855-242-3310<\/li>\n<li><a href=\"https:\/\/interligne.co\/en\/\"><strong>Interligne<\/strong><\/a> Pour les personnes concern\u00e9es par la diversit\u00e9 sexuelle et la pluralit\u00e9 des genres\n24 heures sur 24: appelez ou envoyez un SMS au 1-888-505-1010, ou connectez-vous au chat en ligne<\/li>\n<li><a href=\"https:\/\/kidshelpphone.ca\/\"><strong>Jeunesse, J\u2019\u00e9coute<\/strong><\/a>: Compose le 1 800 668-6868 ou Texte PARLER au 686868<\/li>\n<li><a href=\"https:\/\/www.youthline.ca\/\"><strong>LGBT Youth Line<\/strong><\/a>: 1-800-268-9688, text 647-694-4275 or connect to the online chat<\/li>\n<li><a href=\"https:\/\/parlonssuicide.ca\/\"><strong>Parlons suicide Canada<\/strong><\/a>: Composez le 1-833-456-4566 (en tout temps) ou textez au 45645 (entre 16h et minuit HE)<\/li>\n<li><a href=\"https:\/\/translifeline.org\/\"><strong>Trans Lifeline<\/strong><\/a> (soutien aux personnes transgenres par des personnes transgenres): 1-877-330-6366<\/li>\n<li><a href=\"https:\/\/www.wellnesstogether.ca\/fr-CA\/about\"><strong>Espace Mieux-\u00eatre Canada<\/strong><\/a>: Textez MIEUX au 741741<\/li>\n<\/ul>\n<\/div><\/div>\r\n\r\n<div class=\"wm-item wm-item-wrap\"><h3 class=\"wm-item-title\" data-tags=\"\" data-tag-names=\"\">7.\tExiste-t-il des salles de bain non-genr\u00e9es et inclusives que je peux utiliser au bureau ?<\/h3><div class=\"wm-item-content clearfix 7AretheregenderinclusivewashroomsIcanuseinmyoffice\"><p>The PSPN strongly advocates for gender inclusive washroom in all GC workplaces, and there has been some progress.If a gender inclusive washroom was not identified in your facility tour when you joined and if you feel safe to do so, talk with your manager or a colleague (such as a Positive Space Ambassador) to see if there are some in your workplace.\u00a0<\/p>\n<\/div><\/div>\r\n\r\n<div class=\"wm-item wm-item-wrap\"><h3 class=\"wm-item-title\" data-tags=\"\" data-tag-names=\"\">8.\tPuis-je changer de nom et\/ou de genre au sein de la fonction publique f\u00e9d\u00e9rale ?<\/h3><div class=\"wm-item-content clearfix 8CanIchangemynameandorgenderwithinthefederalpublicservice\"><p>The PSPN works closely with senior management to develop a consistent and straightforward approach across the GC to ensuring that employees can change their name and\/or gender in a way that is affirming and timely. At the moment, the processes to change one&#8217;s name and\/or gender vary from one GC organization to another. \u00a0In many departments and agencies, employees have flexibility to add their pronouns to their email display name in systems such as MS Teams or Outlook, with more coming on board over time. To change your digital display name and\/or to add your pronouns to your digital display name, please contact your organization&#8217;s IT department. Changing one&#8217;s name and\/or gender in HR, Security and Pay systems, however, will most likely require proof of a legal name change.Contact your human resource representative if you encounter problems changing your name and\/or gender. You can also consult with your organization&#8217;s Pride Network and\/or your organization&#8217;s Equity, Diversity and Inclusion Network. They should know about how the process works within your organization, and can sometimes help to facilitate the process.<\/p>\n<\/div><\/div>\r\n\r\n<div class=\"wm-item wm-item-wrap\"><h3 class=\"wm-item-title\" data-tags=\"\" data-tag-names=\"\">9.\tExiste-t-il des possibilit\u00e9s de mentorat pour les membres 2ELGBTQIA+, y compris les cadres ?<\/h3><div class=\"wm-item-content clearfix 9Arethereanymentoringopportunitiesfor2SLGBTQIAmembersincludingexecutives\"><p>PSPN created a Pride Mentorship Pilot for 2SLGBTQIA+ public servants in 2023.This unique program within the federal public service gives mentees the opportunity to acquire on-the-job experience shadowing their mentors, and gain insights into career progression as members of 2SLGBTQIA+ communities. Mentorship participants discuss a number of issues, including: coming out\/being out at work; dealing with challenging colleagues and work environments; career planning and advancement; and professional development.Feedback on the success of the Pilot has been phenomenal from both mentors and mentees! With this, the Pilot will now become a permanent program offered by the PSPN based on its incredible success.The announcement for the call out for applications for mentees (Cohort 5) of the Pride Mentoring Program will be made in September.<\/p>\n<\/div><\/div>\r\n<\/div>\n\t<p>N'oubliez pas que vous pouvez toujours contacter directement le <a href=\"mailto:PSPN-RFFP@csps-efpc.gc.ca\">R\u00e9seau de la Fiert\u00e9 \u00e0 la fonction publique<\/a> pour toute question relative \u00e0 la Fiert\u00e9.<\/p>\n<p>&nbsp;<\/p>\n<h2>\n\t\t\tAvez-vous une ressource \u00e0 partager ?\t<\/h2>\n\t<p>Veuillez envoyer les d\u00e9tails au Secr\u00e9tariat de la  FFP<\/p>\n\t\t\t<a href=\"mailto:PSPN-RFFP@hc-sc.gc.ca\" target=\"_blank\" rel=\"noopener\">\n\t\t\t\t\t\t\tEnvoyer-nous un courriel\n\t\t\t<\/a>","protected":false},"excerpt":{"rendered":"<div class=\"entry-summary\">\n<div class=\"entry-summary\">\nResources Onboarding for 2SLGBTQIA+ in the Federal Public Service Frequently Asked Questions Welcome to the Federal Public Service! We will be stronger than ever since we&#8217;ve got you now. We welcome people for who they are, and for what they&hellip;\n<\/div>\n<div class=\"link-more\"><a href=\"https:\/\/publicservicepride.ca\/fr\/onboarding\/\" class=\"more-link\">Continue reading<span class=\"screen-reader-text\"> &ldquo;Onboarding&rdquo;<\/span>&hellip;<\/a><\/div>\n<\/div>\n<div class=\"link-more\"><a href=\"https:\/\/publicservicepride.ca\/fr\/onboarding\/\" class=\"more-link\">Continue reading<span class=\"screen-reader-text\"> &ldquo;Onboarding&rdquo;<\/span>&hellip;<\/a><\/div>","protected":false},"author":1,"featured_media":0,"parent":0,"menu_order":0,"comment_status":"closed","ping_status":"closed","template":"","meta":{"om_disable_all_campaigns":false,"_monsterinsights_skip_tracking":false,"_monsterinsights_sitenote_active":false,"_monsterinsights_sitenote_note":"","_monsterinsights_sitenote_category":0},"acf":[],"yoast_head":"<!-- This site is optimized with the Yoast SEO plugin v17.7.1 - https:\/\/yoast.com\/wordpress\/plugins\/seo\/ -->\n<title>Onboarding - Public Service Pride<\/title>\n<meta name=\"description\" content=\"Onboarding for 2SLGBTQIA+ in the Federal Public Service.\" \/>\n<meta name=\"robots\" content=\"index, follow, max-snippet:-1, max-image-preview:large, max-video-preview:-1\" \/>\n<link rel=\"canonical\" href=\"https:\/\/publicservicepride.ca\/fr\/onboarding\/\" \/>\n<meta property=\"og:locale\" content=\"fr_CA\" \/>\n<meta property=\"og:type\" content=\"article\" \/>\n<meta property=\"og:title\" content=\"View the 2021 Annual Report | Voir le rapport annuel 2021\" \/>\n<meta property=\"og:description\" content=\"PSPN Resources | Ressources RFFP\" \/>\n<meta property=\"og:url\" content=\"https:\/\/publicservicepride.ca\/fr\/onboarding\/\" \/>\n<meta property=\"og:site_name\" content=\"Public Service Pride\" \/>\n<meta property=\"article:modified_time\" content=\"2026-02-27T15:48:21+00:00\" \/>\n<meta name=\"twitter:card\" content=\"summary_large_image\" \/>\n<meta name=\"twitter:label1\" content=\"Estimation du temps de lecture\" \/>\n\t<meta name=\"twitter:data1\" content=\"6 minutes\" \/>\n<script type=\"application\/ld+json\" class=\"yoast-schema-graph\">{\"@context\":\"https:\/\/schema.org\",\"@graph\":[{\"@type\":\"WebSite\",\"@id\":\"https:\/\/publicservicepride.ca\/#website\",\"url\":\"https:\/\/publicservicepride.ca\/\",\"name\":\"Public Service Pride\",\"description\":\"Show Your Colours\",\"potentialAction\":[{\"@type\":\"SearchAction\",\"target\":{\"@type\":\"EntryPoint\",\"urlTemplate\":\"https:\/\/publicservicepride.ca\/?s={search_term_string}\"},\"query-input\":\"required name=search_term_string\"}],\"inLanguage\":\"fr-CA\"},{\"@type\":\"ImageObject\",\"@id\":\"https:\/\/publicservicepride.ca\/onboarding\/#primaryimage\",\"inLanguage\":\"fr-CA\",\"url\":\"\",\"contentUrl\":\"\"},{\"@type\":\"WebPage\",\"@id\":\"https:\/\/publicservicepride.ca\/onboarding\/#webpage\",\"url\":\"https:\/\/publicservicepride.ca\/onboarding\/\",\"name\":\"Onboarding - Public Service Pride\",\"isPartOf\":{\"@id\":\"https:\/\/publicservicepride.ca\/#website\"},\"datePublished\":\"2023-07-11T21:35:19+00:00\",\"dateModified\":\"2026-02-27T15:48:21+00:00\",\"description\":\"Onboarding for 2SLGBTQIA+ in the Federal Public Service.\",\"breadcrumb\":{\"@id\":\"https:\/\/publicservicepride.ca\/onboarding\/#breadcrumb\"},\"inLanguage\":\"fr-CA\",\"potentialAction\":[{\"@type\":\"ReadAction\",\"target\":[\"https:\/\/publicservicepride.ca\/onboarding\/\"]}]},{\"@type\":\"BreadcrumbList\",\"@id\":\"https:\/\/publicservicepride.ca\/onboarding\/#breadcrumb\",\"itemListElement\":[{\"@type\":\"ListItem\",\"position\":1,\"name\":\"Home\",\"item\":\"https:\/\/publicservicepride.ca\/\"},{\"@type\":\"ListItem\",\"position\":2,\"name\":\"Onboarding\"}]}]}<\/script>\n<!-- \/ Yoast SEO plugin. -->","yoast_head_json":{"title":"Onboarding - Public Service Pride","description":"Onboarding for 2SLGBTQIA+ in the Federal Public Service.","robots":{"index":"index","follow":"follow","max-snippet":"max-snippet:-1","max-image-preview":"max-image-preview:large","max-video-preview":"max-video-preview:-1"},"canonical":"https:\/\/publicservicepride.ca\/fr\/onboarding\/","og_locale":"fr_CA","og_type":"article","og_title":"View the 2021 Annual Report | Voir le rapport annuel 2021","og_description":"PSPN Resources | Ressources RFFP","og_url":"https:\/\/publicservicepride.ca\/fr\/onboarding\/","og_site_name":"Public Service Pride","article_modified_time":"2026-02-27T15:48:21+00:00","twitter_card":"summary_large_image","twitter_misc":{"Estimation du temps de lecture":"6 minutes"},"schema":{"@context":"https:\/\/schema.org","@graph":[{"@type":"WebSite","@id":"https:\/\/publicservicepride.ca\/#website","url":"https:\/\/publicservicepride.ca\/","name":"Public Service Pride","description":"Show Your Colours","potentialAction":[{"@type":"SearchAction","target":{"@type":"EntryPoint","urlTemplate":"https:\/\/publicservicepride.ca\/?s={search_term_string}"},"query-input":"required name=search_term_string"}],"inLanguage":"fr-CA"},{"@type":"ImageObject","@id":"https:\/\/publicservicepride.ca\/onboarding\/#primaryimage","inLanguage":"fr-CA","url":"","contentUrl":""},{"@type":"WebPage","@id":"https:\/\/publicservicepride.ca\/onboarding\/#webpage","url":"https:\/\/publicservicepride.ca\/onboarding\/","name":"Onboarding - Public Service Pride","isPartOf":{"@id":"https:\/\/publicservicepride.ca\/#website"},"datePublished":"2023-07-11T21:35:19+00:00","dateModified":"2026-02-27T15:48:21+00:00","description":"Onboarding for 2SLGBTQIA+ in the Federal Public Service.","breadcrumb":{"@id":"https:\/\/publicservicepride.ca\/onboarding\/#breadcrumb"},"inLanguage":"fr-CA","potentialAction":[{"@type":"ReadAction","target":["https:\/\/publicservicepride.ca\/onboarding\/"]}]},{"@type":"BreadcrumbList","@id":"https:\/\/publicservicepride.ca\/onboarding\/#breadcrumb","itemListElement":[{"@type":"ListItem","position":1,"name":"Home","item":"https:\/\/publicservicepride.ca\/"},{"@type":"ListItem","position":2,"name":"Onboarding"}]}]}},"_links":{"self":[{"href":"https:\/\/publicservicepride.ca\/fr\/wp-json\/wp\/v2\/pages\/2409"}],"collection":[{"href":"https:\/\/publicservicepride.ca\/fr\/wp-json\/wp\/v2\/pages"}],"about":[{"href":"https:\/\/publicservicepride.ca\/fr\/wp-json\/wp\/v2\/types\/page"}],"author":[{"embeddable":true,"href":"https:\/\/publicservicepride.ca\/fr\/wp-json\/wp\/v2\/users\/1"}],"replies":[{"embeddable":true,"href":"https:\/\/publicservicepride.ca\/fr\/wp-json\/wp\/v2\/comments?post=2409"}],"version-history":[{"count":8,"href":"https:\/\/publicservicepride.ca\/fr\/wp-json\/wp\/v2\/pages\/2409\/revisions"}],"predecessor-version":[{"id":3450,"href":"https:\/\/publicservicepride.ca\/fr\/wp-json\/wp\/v2\/pages\/2409\/revisions\/3450"}],"wp:attachment":[{"href":"https:\/\/publicservicepride.ca\/fr\/wp-json\/wp\/v2\/media?parent=2409"}],"curies":[{"name":"wp","href":"https:\/\/api.w.org\/{rel}","templated":true}]}}