{"id":1663,"date":"2021-06-22T02:04:29","date_gmt":"2021-06-22T02:04:29","guid":{"rendered":"https:\/\/publicservicepride.ca\/?page_id=1663"},"modified":"2026-01-22T09:48:00","modified_gmt":"2026-01-22T14:48:00","slug":"flag","status":"publish","type":"page","link":"https:\/\/publicservicepride.ca\/fr\/resources\/flag\/","title":{"rendered":"Drapeau"},"content":{"rendered":"<h1>\n\t\t\tLe drapeau de la Fiert\u00e9\t<\/h1>\n\t<h2>Directives sur le drapeau officiel de la Fiert\u00e9 et l\u2019\u00e9tiquette g\u00e9n\u00e9rale du drapeau<\/h2>\n\t\t\t\t<img src=\"http:\/\/publicservicepride.ca\/wp-content\/uploads\/2024\/04\/Intersex-inclusive_pride_flag.svg_.png\" alt=\"Intersex-inclusive_pride_flag.svg\" itemprop=\"image\" title=\"Intersex-inclusive_pride_flag.svg\" onerror=\"this.style.display='none'\" loading=\"lazy\" \/>\n\t<p>En 2021, Valentino Vecchietti de Intersex Equality Rights UK a repens\u00e9 <a href=\"https:\/\/progress.gay\/\" target=\"_blank\" rel=\"noopener\">le drapeau de la Fiert\u00e9 progressiste<\/a> (English only) to incorporate the intersex flag, thereby creating the Intersex-Inclusive Pride flag.<\/p>\n<p>Le drapeau de la Fiert\u00e9 inclusif-intersexe est le drapeau de la Fiert\u00e9 officiel de la fonction publique f\u00e9d\u00e9rale du Canada !<\/p>\n<p>Dans l\u2019esprit de toutes les versions pr\u00e9c\u00e9dentes des drapeaux de la Fiert\u00e9 r\u00e9pertori\u00e9s ci-dessous, le drapeau de la Fiert\u00e9 inclusif-intersexe continue de repr\u00e9senter les personnes ayant des orientations sexuelles diverses et celles ayant des identit\u00e9s et expressions de genre diverses, tout en incluant explicitement la communaut\u00e9 intersexe.<\/p>\n\t<p>Parcours vers le drapeau de la Fiert\u00e9 inclusif-intersexe<\/p>\n<ul>\n<li>1978 Gilbert Baker &#8211; The Rainbow Pride flag<\/li>\n<li>1999 Monica Helms &#8211; The Trans Pride flag<\/li>\n<li>2013 Morgan Carpenter &#8211; The Intersex Pride flag<\/li>\n<li>2017 Amber Hikes &#8211; The More Color, More Prideflag<\/li>\n<li>2018 Daniel Quasar &#8211; Progress Pride flag<\/li>\n<li>2021 Valentino Vecchietti &#8211; Intersex-Inclusive Pride flag<\/li>\n<\/ul>\n<p>Pour plus de renseignements sur le drapeau de la Fiert\u00e9 inclusif-intersexe et sa signification, veuillez visiter notre page de ressources.<\/p>\n<div class=\"wm-accordion clearfix\" data-active=\"1\" data-mode=\"accordion\">\r\n<div class=\"wm-item wm-item-wrap\"><h3 class=\"wm-item-title\" data-tags=\"\" data-tag-names=\"\">Les sp\u00e9cifications du drapeau<\/h3><div class=\"wm-item-content clearfix FlagSpecifications\"><p>All flags flown on federal buildings must follow strict protocol requirements, as identified by Public Services and Procurement Canada and Canadian Heritage, and respect flag specifications outlined by the flag creator(s).\u00a0For more information about the construction and material requirements for flags being flown on federal buildings, please contact the <a href=\"mailto:PSPN-RFFP@hc-sc.gc.ca\" target=\"_blank\" rel=\"noopener\">veuillez contacter directement le RFFP<\/a>. For more information on the official specifications of the Intersex-Inclusive Pride flag, such as pantone colour codes and flag measurements, individuals are welcomed to connect with the flag creator, Valentino Vecchietti, directly by visiting their\u00a0<a href=\"https:\/\/www.globalinclusiveprideflag.com\/\" target=\"_blank\" rel=\"noopener\">page Web consacr\u00e9e au drapeau de la Fiert\u00e9 mondiale (en anglais seulement)<\/a>.<\/p>\n<\/div><\/div>\r\n\r\n<div class=\"wm-item wm-item-wrap\"><h3 class=\"wm-item-title\" data-tags=\"\" data-tag-names=\"\">La repr\u00e9sentation des couleurs et des motifs<\/h3><div class=\"wm-item-content clearfix Symbolismofcoloursandpatterns\"><p>The Intersex-Inclusive Pride Flag includes horizontal stripes in red, orange, yellow, green, blue and purple, as well white, baby pink, baby blue, brown and black chevron stripes pointing to the right, and a purple circle over a golden yellow triangle.Each colour has its own meaning, of which is detailed below and in greater detail\u00a0 within our Intersex-Inclusive Pride Flag Backgrounder located on our Resource Page.\u00a0<\/p>\n<ul>\n<li aria-level=\"1\">Rouge, pour la c\u00e9l\u00e9bration de la vie<br \/><img loading=\"lazy\" src=\"http:\/\/publicservicepride.ca\/wp-content\/uploads\/2024\/09\/red.png\" alt=\"\" width=\"100\" height=\"50\" \/><\/li>\n<\/ul>\n<ul>\n<li aria-level=\"1\">Orange, signifiant la gu\u00e9rison<br \/><img loading=\"lazy\" src=\"http:\/\/publicservicepride.ca\/wp-content\/uploads\/2024\/09\/orange.png\" alt=\"\" width=\"100\" height=\"50\" \/><\/li>\n<\/ul>\n<ul>\n<li aria-level=\"1\">Jaune, pour le soleil et sa lumi\u00e8re<br \/><img loading=\"lazy\" src=\"http:\/\/publicservicepride.ca\/wp-content\/uploads\/2024\/09\/yellow.png\" alt=\"\" width=\"100\" height=\"50\" \/><\/li>\n<\/ul>\n<ul>\n<li aria-level=\"1\">Vert, signifiant la nature<br \/><img loading=\"lazy\" src=\"http:\/\/publicservicepride.ca\/wp-content\/uploads\/2024\/09\/green.png\" alt=\"\" width=\"100\" height=\"50\" \/><\/li>\n<\/ul>\n<ul>\n<li aria-level=\"1\">Bleu, signifiant la s\u00e9r\u00e9nit\u00e9<br \/><img loading=\"lazy\" src=\"http:\/\/publicservicepride.ca\/wp-content\/uploads\/2024\/09\/blue.png\" alt=\"\" width=\"100\" height=\"50\" \/><\/li>\n<\/ul>\n<ul>\n<li aria-level=\"1\">Violet, pour l\u2019esprit humain<br \/><img loading=\"lazy\" src=\"http:\/\/publicservicepride.ca\/wp-content\/uploads\/2024\/09\/violet.png\" alt=\"\" width=\"100\" height=\"50\" \/><\/li>\n<\/ul>\n<ul>\n<li aria-level=\"1\">Le blanc, le rose p\u00e2le et le bleu p\u00e2le sont les couleurs du drapeau de la Fiert\u00e9 transgenre.<br \/><img loading=\"lazy\" src=\"http:\/\/publicservicepride.ca\/wp-content\/uploads\/2024\/09\/baby-blue-baby-pink-white.png\" alt=\"\" width=\"100\" height=\"50\" \/>\n<ul>\n<li aria-level=\"2\">Le blanc, pour repr\u00e9senter les personnes intersexu\u00e9es, en transition ou les personnes dont le genre n'est pas d\u00e9fini.<\/li>\n<li aria-level=\"2\">Le rose p\u00e2le et le bleu p\u00e2le sont des couleurs traditionnellement associ\u00e9es aux filles et aux gar\u00e7ons (genre binaire).<\/li>\n<\/ul>\n<\/li>\n<li aria-level=\"1\">The chevron arrow points to the right to show forward movement, while being along the flag&#8217;s hoist edge to show that progress still needs to be made as it relates to the inclusion of transgender people within society and Pride<\/li>\n<\/ul>\n<ul>\n<li aria-level=\"1\">Noir et brun, lesquelles ont \u00e9t\u00e9 ajout\u00e9es pour apporter une plus grande repr\u00e9sentation des personnes racis\u00e9es dans la Fiert\u00e9.<br \/><img loading=\"lazy\" src=\"http:\/\/publicservicepride.ca\/wp-content\/uploads\/2024\/09\/black-and-brown.png\" alt=\"\" width=\"100\" height=\"50\" \/><\/li>\n<li aria-level=\"1\">The chevron arrow points to the right to show forward movement, while being along the flag&#8217;s hoist edge to show that progress still needs to be made as it relates to the inclusion of racialized persons within society and Pride<\/li>\n<\/ul>\n<ul>\n<li aria-level=\"1\">Cercle violet sur un fond jaune dor\u00e9, les couleurs et le motif du drapeau de la Fiert\u00e9 intersexe.<br \/><img loading=\"lazy\" src=\"http:\/\/publicservicepride.ca\/wp-content\/uploads\/2024\/09\/intersex.png\" alt=\"\" width=\"100\" height=\"50\" \/>\n<ul>\n<li aria-level=\"2\">Ces couleurs \u00e9vitent de faire r\u00e9f\u00e9rence aux st\u00e9r\u00e9otypes de genre, parfois pr\u00e9sents dans d'autres couleurs comme le bleu et le rose.\u00a0<\/li>\n<li aria-level=\"2\">The circle represents wholeness, completeness, and intersex people&#8217;s potentialities<\/li>\n<\/ul>\n<\/li>\n<\/ul>\n<\/div><\/div>\r\n\r\n<div class=\"wm-item wm-item-wrap\"><h3 class=\"wm-item-title\" data-tags=\"\" data-tag-names=\"\">Variantes du drapeau de la Fiert\u00e9<\/h3><div class=\"wm-item-content clearfix Prideflagvariations\"><p>The Pride flag exists so that gender- and sexually-diverse persons can celebrate and feel the joy of their own existence. The Pride flag also provides the diverse communities that make up the broader 2SLGBTQIA+ &#8216;community&#8217; with the opportunity to come together in solidarity and allyship, to uplift each other&#8217;s voices, and to campaign for intersectional inclusion, equity and representation in all spheres of society.The PSPN understands the inability or difficulty of one Pride flag appropriately or effectively acting as a unifying symbol for the entire &#8216;community&#8217;. While the Intersex-Inclusive Pride Flag strives to represent all 2SLGBTQIA+ persons and communities, the PSPN acknowledges that the Flag may not resonate\u00a0 and may not capture the breadth and depth of realities of all gender- and\/or sexually-diverse persons.Our 2SLGBTQIA+ communities are rich and made up of diverse individuals with a variety of intersecting identities. Each person and their community should feel recognized and respected for their unique positionality.\u00a0There are limitations as to how the federal public service can display and fly flags on the exterior of federal buildings. The PSPN does, however, encourage individuals to display the Pride flag of their choice within their respective team spaces. <\/p>\n<\/div><\/div>\r\n\r\n<div class=\"wm-item wm-item-wrap\"><h3 class=\"wm-item-title\" data-tags=\"\" data-tag-names=\"\">Droits d\u2019auteur<\/h3><div class=\"wm-item-content clearfix Copyrighting\"><p>L\u2019utilisation du drapeau de la Fiert\u00e9 inclusif-intersexe est autoris\u00e9e. Cependant, Valentino Vecchietti, la cr\u00e9atrice du drapeau de la Fiert\u00e9 inclusif-intersexe, demande \u00e0 \u00eatre cr\u00e9dit\u00e9e\/reconnue en association avec son utilisation.<\/p>\n<\/div><\/div>\r\n<\/div>\n\t<h2>Protocole du drapeau<\/h2>\n<p>La mani\u00e8re dont les drapeaux peuvent \u00eatre d\u00e9ploy\u00e9s au Canada n'est pas r\u00e9gie par la loi mais plut\u00f4t par la pratique \u00e9tablie. L'\u00e9tiquette d\u00e9crite dans cette section est une adaptation des usages internationaux et des coutumes que le gouvernement f\u00e9d\u00e9ral observe depuis de nombreuses ann\u00e9es.<\/p>\n<div class=\"wm-accordion clearfix\" data-active=\"1\" data-mode=\"accordion\">\r\n<div class=\"wm-item wm-item-wrap\"><h3 class=\"wm-item-title\" data-tags=\"\" data-tag-names=\"\">Lever et d\u00e9ploiement du drapeau de la Fiert\u00e9<\/h3><div class=\"wm-item-content clearfix Prideflagraisinganddisplaying\"><p>Flying the Intersex-Inclusive Pride Flag &#8211; or other iterations of the Pride Flag &#8211; in our federal buildings supports federal efforts and mandates to build a diverse and inclusive workforce, in addition to serving diverse Canadians in an inclusive way.\u00a0Visible Pride flags are a simple way to contribute to a sense of belonging and demonstrate that your department, agency and\/or team celebrates the diversity of all staff. This visible representation leads to inclusion and a sense of belonging, providing equity-deserving groups and employees with a positive feeling of being recognized, acknowledged and celebrated. The Intersex-Inclusive Pride flag can be flown at various times during the calendar year. These dates can include:<\/p>\n<ul>\n<li>International Day Against Homophobia, Transphobia, and Biphobia &#8211; May 17<\/li>\n<li>La Journ\u00e9e internationale en rose (deuxi\u00e8me semaine d'avril de chaque ann\u00e9e)<\/li>\n<li>Le mois de la Fiert\u00e9 (les dates varient selon les provinces et les territoires, de juin \u00e0 septembre chaque ann\u00e9e)<\/li>\n<li>La semaine de la Fiert\u00e9 \u00e0 la fonction publique (troisi\u00e8me semaine d'ao\u00fbt de chaque ann\u00e9e)<\/li>\n<\/ul>\n<p>There is no directive that states that the National Flag of Canada must be the only flag to fly in the lobbies or other open spaces within Government of Canada properties. Similarly, while federal properties must display the National Flag of Canada on their exterior flagpole, other flags may also be displayed if a given property has the facilities to do so (i.e. additional flagpoles).The most important thing to consider when displaying the Intersex-Inclusive Pride flag (or any other flag) on or in federal properties is to follow correct<a href=\"https:\/\/www.canada.ca\/en\/canadian-heritage\/services\/flag-canada-etiquette\/position-honour.html#a1\" target=\"_blank\" rel=\"noopener\"> l'ordre de pr\u00e9s\u00e9ance correct des drapeaux<\/a> and to ensure that the National Flag of Canada is given proper respect by occupying the\u00a0<a href=\"https:\/\/www.canada.ca\/fr\/patrimoine-canadien\/services\/drapeau-canada-etiquette\/place-honneur.html\" target=\"_blank\" rel=\"noopener\">place d'honneur<\/a>.For more information on this subject, we encourage you to have a look at Canadian Heritage&#8217;s <a href=\"https:\/\/www.canada.ca\/fr\/patrimoine-canadien\/services\/drapeau-canada-etiquette.html\" target=\"_blank\" rel=\"noopener\">l\u2019\u00e9tiquette du drapeau national<\/a> de Patrimoine canadien et les <a href=\"https:\/\/www.canada.ca\/fr\/patrimoine-canadien\/services\/drapeau-canada-etiquette\/regles-deploiement.html\" target=\"_blank\" rel=\"noopener\">r\u00e8gles pour le d\u00e9ploiement du drapeau national du Canada<\/a>, en particulier les lignes directrices sur la fa\u00e7on d\u2019afficher plusieurs drapeaux tant sur les <a href=\"https:\/\/www.canada.ca\/en\/canadian-heritage\/services\/flag-canada-etiquette\/position-honour.html#a3a\" target=\"_blank\" rel=\"noopener\">m\u00e2ts int\u00e9rieurs<\/a> et la <a href=\"https:\/\/www.canada.ca\/fr\/patrimoine-canadien\/services\/drapeau-canada-etiquette\/place-honneur.html#a3b\" target=\"_blank\" rel=\"noopener\">m\u00e2ts ext\u00e9rieurs.<\/a> Pour aider \u00e0 comprendre l'ordre appropri\u00e9 des drapeaux r\u00e9pertori\u00e9s dans les liens ci-dessus, le drapeau de la Fiert\u00e9 est consid\u00e9r\u00e9 comme un <a href=\"https:\/\/can01.safelinks.protection.outlook.com\/?url=https:\/\/www.canada.ca\/en\/canadian-heritage\/services\/flag-canada-etiquette\/position-honour.html%23a1&amp;data=05%257C02%257CGiancarlo.Cerquozzi@infc.gc.ca%257Cde7e9f87afa74304a9a208dc3e3d89d7%257C38430cd6eda546f2886af2a305fd49bc%257C0%257C0%257C638453681219425713%257CUnknown%257CTWFpbGZsb3d8eyJWIjoiMC4wLjAwMDAiLCJQIjoiV2luMzIiLCJBTiI6Ik1haWwiLCJXVCI6Mn0=%257C0%257C%257C%257C&amp;sdata=JqDWpdtHey3pp3zhW\/KguE9ZHjz7T2iUfQoMGbsJpQs=&amp;reserved=0\" target=\"_blank\" rel=\"noopener\">drapeau organisationnel<\/a>.<\/p>\n<\/div><\/div>\r\n<\/div>\n\t\t\t\t<img src=\"http:\/\/publicservicepride.ca\/wp-content\/uploads\/2024\/04\/Screen-Shot-2024-04-28-at-8.17.20-AM.png\" alt=\"Screen Shot 2024-04-28 at 8.17.20 AM\" itemprop=\"image\" title=\"Screen Shot 2024-04-28 at 8.17.20 AM\" onerror=\"this.style.display='none'\" loading=\"lazy\" \/>\n\t\t\t\t<img src=\"http:\/\/publicservicepride.ca\/wp-content\/uploads\/2024\/04\/Screen-Shot-2024-04-28-at-8.18.14-AM.png\" alt=\"Screen Shot 2024-04-28 at 8.18.14 AM\" itemprop=\"image\" title=\"Screen Shot 2024-04-28 at 8.18.14 AM\" onerror=\"this.style.display='none'\" loading=\"lazy\" \/>\n\t\t\t\t<img src=\"http:\/\/publicservicepride.ca\/wp-content\/uploads\/2024\/04\/Screen-Shot-2024-04-28-at-8.17.45-AM.png\" alt=\"Screen Shot 2024-04-28 at 8.17.45 AM\" itemprop=\"image\" title=\"Screen Shot 2024-04-28 at 8.17.45 AM\" onerror=\"this.style.display='none'\" loading=\"lazy\" \/>\n<div class=\"wm-accordion clearfix\" data-active=\"1\" data-mode=\"accordion\">\r\n<div class=\"wm-item wm-item-wrap\"><h3 class=\"wm-item-title\" data-tags=\"\" data-tag-names=\"\">Lev\u00e9e du drapeau de Fiert\u00e9 pendant la mise en berne<\/h3><div class=\"wm-item-content clearfix Prideflagraisingduringhalf-masting\"><p>L'\u00a0<a href=\"https:\/\/www.canada.ca\/fr\/patrimoine-canadien\/services\/avis-mise-berne.html\" target=\"_blank\" rel=\"noopener\">avis de mise en berne<\/a>\u00a0du drapeau national du Canada fournissent des d\u00e9tails au sujet d'\u00e9v\u00e9nements de mise en berne au Canada, ou dans le cadre de circonstances particuli\u00e8res, dans un pays \u00e9tranger. Pour plus d'information, consultez les\u00a0<a href=\"https:\/\/www.canada.ca\/fr\/patrimoine-canadien\/services\/drapeau-canada-berne-regles.html\" target=\"_blank\" rel=\"noopener\">R\u00e8gles pour la mise en berne du drapeau national du Canada<\/a>\u00a0for more information.In the event that the National Flag is to be flown at half-mast, all flags within the surrounding stand of flags must be lowered accordingly.<\/p>\n<\/div><\/div>\r\n<\/div><h2>\n\t\t\tVous recherchez plus d'information au sujet\ndu drapeau de la Fiert\u00e9?\t<\/h2>\n\t<p>Veuillez rejoindre le Secr\u00e9tariat de la RFFP<\/p>\n\t\t\t<a href=\"mailto:PSPN-RFFP@hc-sc.gc.ca\" target=\"_blank\" rel=\"noopener\">\n\t\t\t\t\t\t\tEnvoyer-nous un courriel\n\t\t\t<\/a>\n<h2>\n\t\t\tSuivez-nous\t<\/h2>\n\t<p><a href=\"https:\/\/www.linkedin.com\/company\/pspride-fiertefp\/\" target=\"_blank\" rel=\"noopener\"><img loading=\"lazy\" src=\"http:\/\/publicservicepride.ca\/wp-content\/uploads\/2025\/01\/In-White-21@2x.png\" alt=\"\" width=\"42\" height=\"42\" \/><\/a>\u00a0 \u00a0 <a href=\"https:\/\/gcxgce.sharepoint.com\/teams\/1000701\/SitePages\/fr\/Home.aspx\" target=\"_blank\" rel=\"noopener\"><img loading=\"lazy\" src=\"http:\/\/publicservicepride.ca\/wp-content\/uploads\/2025\/01\/Untitled-design-2.png\" alt=\"\" width=\"42\" height=\"42\" \/><\/a><\/p>","protected":false},"excerpt":{"rendered":"<div class=\"entry-summary\">\n<div class=\"entry-summary\">\nThe Pride Flag Official Pride Flag and General Flag Etiquette In 2021, Valentino Vecchietti of Intersex Equality Rights UK adapted the Progress Pride flag (English only) to incorporate the intersex flag, thereby creating the Intersex-Inclusive Pride flag. The Intersex-Inclusive Pride&hellip;\n<\/div>\n<div class=\"link-more\"><a href=\"https:\/\/publicservicepride.ca\/fr\/resources\/flag\/\" class=\"more-link\">Continue reading<span class=\"screen-reader-text\"> &ldquo;Flag&rdquo;<\/span>&hellip;<\/a><\/div>\n<\/div>\n<div class=\"link-more\"><a href=\"https:\/\/publicservicepride.ca\/fr\/resources\/flag\/\" class=\"more-link\">Continue reading<span class=\"screen-reader-text\"> &ldquo;Flag&rdquo;<\/span>&hellip;<\/a><\/div>","protected":false},"author":1,"featured_media":0,"parent":1449,"menu_order":0,"comment_status":"closed","ping_status":"closed","template":"","meta":{"om_disable_all_campaigns":false,"_monsterinsights_skip_tracking":false,"_monsterinsights_sitenote_active":false,"_monsterinsights_sitenote_note":"","_monsterinsights_sitenote_category":0},"acf":[],"yoast_head":"<!-- This site is optimized with the Yoast SEO plugin v17.7.1 - https:\/\/yoast.com\/wordpress\/plugins\/seo\/ -->\n<title>Flag - Public Service Pride<\/title>\n<meta name=\"description\" content=\"Official pride flag and general flag etiquette in the federal public service.\" \/>\n<meta name=\"robots\" content=\"index, follow, max-snippet:-1, max-image-preview:large, max-video-preview:-1\" \/>\n<link rel=\"canonical\" href=\"https:\/\/publicservicepride.ca\/fr\/resources\/flag\/\" \/>\n<meta property=\"og:locale\" content=\"fr_CA\" \/>\n<meta property=\"og:type\" content=\"article\" \/>\n<meta property=\"og:title\" content=\"Flag - Public Service Pride\" \/>\n<meta property=\"og:description\" content=\"Official pride flag and general flag etiquette in the federal public service.\" \/>\n<meta property=\"og:url\" content=\"https:\/\/publicservicepride.ca\/fr\/resources\/flag\/\" \/>\n<meta property=\"og:site_name\" content=\"Public Service Pride\" \/>\n<meta property=\"article:modified_time\" content=\"2026-01-22T14:48:00+00:00\" \/>\n<meta property=\"og:image\" content=\"http:\/\/publicservicepride.ca\/wp-content\/uploads\/2024\/04\/Intersex-inclusive_pride_flag.svg_.png\" \/>\n<meta name=\"twitter:card\" content=\"summary_large_image\" \/>\n<meta name=\"twitter:label1\" content=\"Estimation du temps de lecture\" \/>\n\t<meta name=\"twitter:data1\" content=\"9 minutes\" \/>\n<script type=\"application\/ld+json\" class=\"yoast-schema-graph\">{\"@context\":\"https:\/\/schema.org\",\"@graph\":[{\"@type\":\"WebSite\",\"@id\":\"https:\/\/publicservicepride.ca\/#website\",\"url\":\"https:\/\/publicservicepride.ca\/\",\"name\":\"Public Service Pride\",\"description\":\"Show Your Colours\",\"potentialAction\":[{\"@type\":\"SearchAction\",\"target\":{\"@type\":\"EntryPoint\",\"urlTemplate\":\"https:\/\/publicservicepride.ca\/?s={search_term_string}\"},\"query-input\":\"required name=search_term_string\"}],\"inLanguage\":\"fr-CA\"},{\"@type\":\"ImageObject\",\"@id\":\"https:\/\/publicservicepride.ca\/resources\/flag\/#primaryimage\",\"inLanguage\":\"fr-CA\",\"url\":\"http:\/\/publicservicepride.ca\/wp-content\/uploads\/2024\/04\/Intersex-inclusive_pride_flag.svg_.png\",\"contentUrl\":\"http:\/\/publicservicepride.ca\/wp-content\/uploads\/2024\/04\/Intersex-inclusive_pride_flag.svg_.png\"},{\"@type\":\"WebPage\",\"@id\":\"https:\/\/publicservicepride.ca\/resources\/flag\/#webpage\",\"url\":\"https:\/\/publicservicepride.ca\/resources\/flag\/\",\"name\":\"Flag - Public Service Pride\",\"isPartOf\":{\"@id\":\"https:\/\/publicservicepride.ca\/#website\"},\"primaryImageOfPage\":{\"@id\":\"https:\/\/publicservicepride.ca\/resources\/flag\/#primaryimage\"},\"datePublished\":\"2021-06-22T02:04:29+00:00\",\"dateModified\":\"2026-01-22T14:48:00+00:00\",\"description\":\"Official pride flag and general flag etiquette in the federal public service.\",\"breadcrumb\":{\"@id\":\"https:\/\/publicservicepride.ca\/resources\/flag\/#breadcrumb\"},\"inLanguage\":\"fr-CA\",\"potentialAction\":[{\"@type\":\"ReadAction\",\"target\":[\"https:\/\/publicservicepride.ca\/resources\/flag\/\"]}]},{\"@type\":\"BreadcrumbList\",\"@id\":\"https:\/\/publicservicepride.ca\/resources\/flag\/#breadcrumb\",\"itemListElement\":[{\"@type\":\"ListItem\",\"position\":1,\"name\":\"Home\",\"item\":\"https:\/\/publicservicepride.ca\/\"},{\"@type\":\"ListItem\",\"position\":2,\"name\":\"Resources\",\"item\":\"https:\/\/publicservicepride.ca\/resources\/\"},{\"@type\":\"ListItem\",\"position\":3,\"name\":\"Flag\"}]}]}<\/script>\n<!-- \/ Yoast SEO plugin. -->","yoast_head_json":{"title":"Flag - Public Service Pride","description":"Official pride flag and general flag etiquette in the federal public service.","robots":{"index":"index","follow":"follow","max-snippet":"max-snippet:-1","max-image-preview":"max-image-preview:large","max-video-preview":"max-video-preview:-1"},"canonical":"https:\/\/publicservicepride.ca\/fr\/resources\/flag\/","og_locale":"fr_CA","og_type":"article","og_title":"Flag - Public Service Pride","og_description":"Official pride flag and general flag etiquette in the federal public service.","og_url":"https:\/\/publicservicepride.ca\/fr\/resources\/flag\/","og_site_name":"Public Service Pride","article_modified_time":"2026-01-22T14:48:00+00:00","og_image":[{"url":"http:\/\/publicservicepride.ca\/wp-content\/uploads\/2024\/04\/Intersex-inclusive_pride_flag.svg_.png"}],"twitter_card":"summary_large_image","twitter_misc":{"Estimation du temps de lecture":"9 minutes"},"schema":{"@context":"https:\/\/schema.org","@graph":[{"@type":"WebSite","@id":"https:\/\/publicservicepride.ca\/#website","url":"https:\/\/publicservicepride.ca\/","name":"Public Service Pride","description":"Show Your Colours","potentialAction":[{"@type":"SearchAction","target":{"@type":"EntryPoint","urlTemplate":"https:\/\/publicservicepride.ca\/?s={search_term_string}"},"query-input":"required name=search_term_string"}],"inLanguage":"fr-CA"},{"@type":"ImageObject","@id":"https:\/\/publicservicepride.ca\/resources\/flag\/#primaryimage","inLanguage":"fr-CA","url":"http:\/\/publicservicepride.ca\/wp-content\/uploads\/2024\/04\/Intersex-inclusive_pride_flag.svg_.png","contentUrl":"http:\/\/publicservicepride.ca\/wp-content\/uploads\/2024\/04\/Intersex-inclusive_pride_flag.svg_.png"},{"@type":"WebPage","@id":"https:\/\/publicservicepride.ca\/resources\/flag\/#webpage","url":"https:\/\/publicservicepride.ca\/resources\/flag\/","name":"Flag - Public Service Pride","isPartOf":{"@id":"https:\/\/publicservicepride.ca\/#website"},"primaryImageOfPage":{"@id":"https:\/\/publicservicepride.ca\/resources\/flag\/#primaryimage"},"datePublished":"2021-06-22T02:04:29+00:00","dateModified":"2026-01-22T14:48:00+00:00","description":"Official pride flag and general flag etiquette in the federal public service.","breadcrumb":{"@id":"https:\/\/publicservicepride.ca\/resources\/flag\/#breadcrumb"},"inLanguage":"fr-CA","potentialAction":[{"@type":"ReadAction","target":["https:\/\/publicservicepride.ca\/resources\/flag\/"]}]},{"@type":"BreadcrumbList","@id":"https:\/\/publicservicepride.ca\/resources\/flag\/#breadcrumb","itemListElement":[{"@type":"ListItem","position":1,"name":"Home","item":"https:\/\/publicservicepride.ca\/"},{"@type":"ListItem","position":2,"name":"Resources","item":"https:\/\/publicservicepride.ca\/resources\/"},{"@type":"ListItem","position":3,"name":"Flag"}]}]}},"_links":{"self":[{"href":"https:\/\/publicservicepride.ca\/fr\/wp-json\/wp\/v2\/pages\/1663"}],"collection":[{"href":"https:\/\/publicservicepride.ca\/fr\/wp-json\/wp\/v2\/pages"}],"about":[{"href":"https:\/\/publicservicepride.ca\/fr\/wp-json\/wp\/v2\/types\/page"}],"author":[{"embeddable":true,"href":"https:\/\/publicservicepride.ca\/fr\/wp-json\/wp\/v2\/users\/1"}],"replies":[{"embeddable":true,"href":"https:\/\/publicservicepride.ca\/fr\/wp-json\/wp\/v2\/comments?post=1663"}],"version-history":[{"count":43,"href":"https:\/\/publicservicepride.ca\/fr\/wp-json\/wp\/v2\/pages\/1663\/revisions"}],"predecessor-version":[{"id":3409,"href":"https:\/\/publicservicepride.ca\/fr\/wp-json\/wp\/v2\/pages\/1663\/revisions\/3409"}],"up":[{"embeddable":true,"href":"https:\/\/publicservicepride.ca\/fr\/wp-json\/wp\/v2\/pages\/1449"}],"wp:attachment":[{"href":"https:\/\/publicservicepride.ca\/fr\/wp-json\/wp\/v2\/media?parent=1663"}],"curies":[{"name":"wp","href":"https:\/\/api.w.org\/{rel}","templated":true}]}}