{"id":1345,"date":"2021-06-12T02:41:04","date_gmt":"2021-06-12T02:41:04","guid":{"rendered":"http:\/\/publicservicepride.ca\/?page_id=1345"},"modified":"2026-04-21T11:22:14","modified_gmt":"2026-04-21T15:22:14","slug":"events","status":"publish","type":"page","link":"https:\/\/publicservicepride.ca\/fr\/events\/","title":{"rendered":"\u00c9v\u00e9nements"},"content":{"rendered":"<h1>\n\t\t\t\u00c9v\u00e9nements de la Fiert\u00e9\t<\/h1>\n\tLe R\u00e9seau de la Fiert\u00e9 \u00e0 la fonction publique organise de nombreux \u00e9v\u00e9nements \u00e9ducatifs, festifs et communautaires tout au long de l'ann\u00e9e.<br \/>\nSi vous ou votre organisation organisez un \u00e9v\u00e9nement que vous aimeriez faire promouvoir par le RFFP, veuillez<br \/>\n<a href=\"mailto:PSPN-RFFP@hc-sc.gc.ca\">nous contacter<\/a>.\n<h2>Parades &#8211; March with Us!<\/h2>\nPour obtenir des informations sur l'inscription, veuillez visiter notre page<br \/>\n<a href=\"https:\/\/gcxgce.sharepoint.com\/teams\/1000701\/SitePages\/fr\/Events.aspx\" target=\"_blank\" rel=\"noopener\">GC\u00c9change<\/a>\n<table>\n<thead>\n<tr>\n<th>Ville \/ Organiaation<\/th>\n<th>Jour<\/th>\n<\/tr>\n<\/thead>\n<tbody>\n<tr>\n<td><strong>Winnipeg<\/strong> (RFFP \/ MCDP)<\/td>\n<td>7 juin 2026<\/td>\n<\/tr>\n<tr>\n<td><strong>Regina<\/strong> (RFFP)<\/td>\n<td>13 juin 2026<\/td>\n<\/tr>\n<tr>\n<td><strong>Toronto<\/strong> (RFFP \/ EDSC)<\/td>\n<td>28 juin 2026<\/td>\n<\/tr>\n<tr>\n<td><strong>Victoria<\/strong> (RFFP \/ GCC)<\/td>\n<td>12 juillet 2025<\/td>\n<\/tr>\n<tr>\n<td><strong>Halifax<\/strong> (RFFP \/ EDSC)<\/td>\n<td>18 juillet 2025<\/td>\n<\/tr>\n<tr>\n<td><strong>Vancouver<\/strong> (RFFP \/ RPIF)<\/td>\n<td>2 ao\u00fbt 2026<\/td>\n<\/tr>\n<tr>\n<td><strong>Montreal<\/strong> (RFFP \/ EDSC)<\/td>\n<td>9 ao\u00fbt 2026<\/td>\n<\/tr>\n<tr>\n<td><strong>Edmonton<\/strong> (RFFP)<\/td>\n<td>22 ao\u00fbt 2026<\/td>\n<\/tr>\n<tr>\n<td><strong>Ottawa<\/strong> (RFFP)<\/td>\n<td>30 ao\u00fbt 2026<\/td>\n<\/tr>\n<\/tbody>\n<\/table>","protected":false},"excerpt":{"rendered":"<div class=\"entry-summary\">\n<div class=\"entry-summary\">\nPride Events The Public Service Pride Network hosts many educational, celebratory and community building events throughout the year. If you or your organization is hosting an event that you would like to have promoted by the PSPN, please contact us.&hellip;\n<\/div>\n<div class=\"link-more\"><a href=\"https:\/\/publicservicepride.ca\/fr\/events\/\" class=\"more-link\">Continue reading<span class=\"screen-reader-text\"> &ldquo;Events&rdquo;<\/span>&hellip;<\/a><\/div>\n<\/div>\n<div class=\"link-more\"><a href=\"https:\/\/publicservicepride.ca\/fr\/events\/\" class=\"more-link\">Continue reading<span class=\"screen-reader-text\"> &ldquo;Events&rdquo;<\/span>&hellip;<\/a><\/div>","protected":false},"author":1,"featured_media":0,"parent":0,"menu_order":0,"comment_status":"closed","ping_status":"closed","template":"","meta":{"om_disable_all_campaigns":false,"_monsterinsights_skip_tracking":false,"_monsterinsights_sitenote_active":false,"_monsterinsights_sitenote_note":"","_monsterinsights_sitenote_category":0},"acf":[],"yoast_head":"<!-- This site is optimized with the Yoast SEO plugin v17.7.1 - https:\/\/yoast.com\/wordpress\/plugins\/seo\/ -->\n<title>Events - Public Service Pride<\/title>\n<meta name=\"description\" content=\"See all the events happening during Pride Season!\" \/>\n<meta name=\"robots\" content=\"index, follow, max-snippet:-1, max-image-preview:large, max-video-preview:-1\" \/>\n<link rel=\"canonical\" href=\"https:\/\/publicservicepride.ca\/fr\/events\/\" \/>\n<meta property=\"og:locale\" content=\"fr_CA\" \/>\n<meta property=\"og:type\" content=\"article\" \/>\n<meta property=\"og:title\" content=\"Events - Public Service Pride\" \/>\n<meta property=\"og:description\" content=\"See all the events happening during Pride Season!\" \/>\n<meta property=\"og:url\" content=\"https:\/\/publicservicepride.ca\/fr\/events\/\" \/>\n<meta property=\"og:site_name\" content=\"Public Service Pride\" \/>\n<meta property=\"article:modified_time\" content=\"2026-04-21T15:22:14+00:00\" \/>\n<meta name=\"twitter:card\" content=\"summary_large_image\" \/>\n<meta name=\"twitter:label1\" content=\"Estimation du temps de lecture\" \/>\n\t<meta name=\"twitter:data1\" content=\"3 minutes\" \/>\n<script type=\"application\/ld+json\" class=\"yoast-schema-graph\">{\"@context\":\"https:\/\/schema.org\",\"@graph\":[{\"@type\":\"WebSite\",\"@id\":\"https:\/\/publicservicepride.ca\/#website\",\"url\":\"https:\/\/publicservicepride.ca\/\",\"name\":\"Public Service Pride\",\"description\":\"Show Your Colours\",\"potentialAction\":[{\"@type\":\"SearchAction\",\"target\":{\"@type\":\"EntryPoint\",\"urlTemplate\":\"https:\/\/publicservicepride.ca\/?s={search_term_string}\"},\"query-input\":\"required name=search_term_string\"}],\"inLanguage\":\"fr-CA\"},{\"@type\":\"WebPage\",\"@id\":\"https:\/\/publicservicepride.ca\/events\/#webpage\",\"url\":\"https:\/\/publicservicepride.ca\/events\/\",\"name\":\"Events - Public Service Pride\",\"isPartOf\":{\"@id\":\"https:\/\/publicservicepride.ca\/#website\"},\"datePublished\":\"2021-06-12T02:41:04+00:00\",\"dateModified\":\"2026-04-21T15:22:14+00:00\",\"description\":\"See all the events happening during Pride Season!\",\"breadcrumb\":{\"@id\":\"https:\/\/publicservicepride.ca\/events\/#breadcrumb\"},\"inLanguage\":\"fr-CA\",\"potentialAction\":[{\"@type\":\"ReadAction\",\"target\":[\"https:\/\/publicservicepride.ca\/events\/\"]}]},{\"@type\":\"BreadcrumbList\",\"@id\":\"https:\/\/publicservicepride.ca\/events\/#breadcrumb\",\"itemListElement\":[{\"@type\":\"ListItem\",\"position\":1,\"name\":\"Home\",\"item\":\"https:\/\/publicservicepride.ca\/\"},{\"@type\":\"ListItem\",\"position\":2,\"name\":\"Events\"}]}]}<\/script>\n<!-- \/ Yoast SEO plugin. -->","yoast_head_json":{"title":"Events - Public Service Pride","description":"See all the events happening during Pride Season!","robots":{"index":"index","follow":"follow","max-snippet":"max-snippet:-1","max-image-preview":"max-image-preview:large","max-video-preview":"max-video-preview:-1"},"canonical":"https:\/\/publicservicepride.ca\/fr\/events\/","og_locale":"fr_CA","og_type":"article","og_title":"Events - Public Service Pride","og_description":"See all the events happening during Pride Season!","og_url":"https:\/\/publicservicepride.ca\/fr\/events\/","og_site_name":"Public Service Pride","article_modified_time":"2026-04-21T15:22:14+00:00","twitter_card":"summary_large_image","twitter_misc":{"Estimation du temps de lecture":"3 minutes"},"schema":{"@context":"https:\/\/schema.org","@graph":[{"@type":"WebSite","@id":"https:\/\/publicservicepride.ca\/#website","url":"https:\/\/publicservicepride.ca\/","name":"Public Service Pride","description":"Show Your Colours","potentialAction":[{"@type":"SearchAction","target":{"@type":"EntryPoint","urlTemplate":"https:\/\/publicservicepride.ca\/?s={search_term_string}"},"query-input":"required name=search_term_string"}],"inLanguage":"fr-CA"},{"@type":"WebPage","@id":"https:\/\/publicservicepride.ca\/events\/#webpage","url":"https:\/\/publicservicepride.ca\/events\/","name":"Events - Public Service Pride","isPartOf":{"@id":"https:\/\/publicservicepride.ca\/#website"},"datePublished":"2021-06-12T02:41:04+00:00","dateModified":"2026-04-21T15:22:14+00:00","description":"See all the events happening during Pride Season!","breadcrumb":{"@id":"https:\/\/publicservicepride.ca\/events\/#breadcrumb"},"inLanguage":"fr-CA","potentialAction":[{"@type":"ReadAction","target":["https:\/\/publicservicepride.ca\/events\/"]}]},{"@type":"BreadcrumbList","@id":"https:\/\/publicservicepride.ca\/events\/#breadcrumb","itemListElement":[{"@type":"ListItem","position":1,"name":"Home","item":"https:\/\/publicservicepride.ca\/"},{"@type":"ListItem","position":2,"name":"Events"}]}]}},"_links":{"self":[{"href":"https:\/\/publicservicepride.ca\/fr\/wp-json\/wp\/v2\/pages\/1345"}],"collection":[{"href":"https:\/\/publicservicepride.ca\/fr\/wp-json\/wp\/v2\/pages"}],"about":[{"href":"https:\/\/publicservicepride.ca\/fr\/wp-json\/wp\/v2\/types\/page"}],"author":[{"embeddable":true,"href":"https:\/\/publicservicepride.ca\/fr\/wp-json\/wp\/v2\/users\/1"}],"replies":[{"embeddable":true,"href":"https:\/\/publicservicepride.ca\/fr\/wp-json\/wp\/v2\/comments?post=1345"}],"version-history":[{"count":117,"href":"https:\/\/publicservicepride.ca\/fr\/wp-json\/wp\/v2\/pages\/1345\/revisions"}],"predecessor-version":[{"id":3487,"href":"https:\/\/publicservicepride.ca\/fr\/wp-json\/wp\/v2\/pages\/1345\/revisions\/3487"}],"wp:attachment":[{"href":"https:\/\/publicservicepride.ca\/fr\/wp-json\/wp\/v2\/media?parent=1345"}],"curies":[{"name":"wp","href":"https:\/\/api.w.org\/{rel}","templated":true}]}}