{"id":1311,"date":"2021-06-09T02:12:45","date_gmt":"2021-06-09T02:12:45","guid":{"rendered":"http:\/\/publicservicepride.ca\/?page_id=1311"},"modified":"2025-01-27T01:03:21","modified_gmt":"2025-01-27T01:03:21","slug":"action-committees","status":"publish","type":"page","link":"https:\/\/publicservicepride.ca\/fr\/action-committees\/","title":{"rendered":"Comit\u00e9s"},"content":{"rendered":"<h1>\n\t\tComit\u00e9 d\u2019action\n\t<\/h1>\n\t<h2>Des b\u00e9n\u00e9voles soutenant l'avancement de la diversit\u00e9 et de l'inclusion<\/h2>\n<h2>\n\t\tAu sujet du comit\u00e9 d'action\n\t<\/h2>\n\t<p>Le comit\u00e9 d'action (CA) du R\u00e9seau de la Fiert\u00e9 \u00e0 la fonction publique (RFFP) forment une partie importante du r\u00e9seau plus large de la Fiert\u00e9 \u00e0 la fonction publique qui existe pour soutenir l'avancement de la diversit\u00e9 et de l'inclusion des personnes 2ELGBTQIA+ dans l'ensemble de la fonction publique f\u00e9d\u00e9rale et ce, tout au long de l'ann\u00e9e.<\/p>\n<p>Par le biais de comit\u00e9s permanents et ad hoc, le CA vise \u00e0 enrichir les efforts et les discussions en cours en int\u00e9grant les exp\u00e9riences v\u00e9cues des personnes 2ELGBTQIA+ dans la discussion de mani\u00e8re structur\u00e9e.<\/p>\n<h2>\n\t\tObjectif du CA\n\t<\/h2>\n\t\t\t\t<img src=\"http:\/\/publicservicepride.ca\/wp-content\/uploads\/2021\/06\/Web-Icons-3.png\" alt=\"Icon of side view of two hands in a cupping shape with a gear wheel in the centre\" itemprop=\"image\" title=\"Action Committees - Support\" onerror=\"this.style.display='none'\"  \/>\n\t<p>Soutenir le travail du R\u00e9seau de la Fiert\u00e9 \u00e0 la fonction publique<\/p>\n\t\t\t\t<img src=\"http:\/\/publicservicepride.ca\/wp-content\/uploads\/2021\/06\/Web-Icons.png\" alt=\"Icon of shield with inclusive Pride colours in the centre\" itemprop=\"image\" title=\"Action Committees - Safe Forum\" onerror=\"this.style.display='none'\"  \/>\n\t<p>Fournir un forum s\u00fbr aux employ\u00e9s 2ELGBTQIA+ et \u00e0 leurs alli\u00e9s pour se connecter et discuter des probl\u00e8mes li\u00e9s \u00e0 la promotion d'un environnement de travail sain et inclusif pour les employ\u00e9s 2ELGBTQIA+<\/p>\n\t\t\t\t<img src=\"http:\/\/publicservicepride.ca\/wp-content\/uploads\/2021\/06\/Web-Icons-4.png\" alt=\"Icons of conversation bubbles with question mark in centre\" itemprop=\"image\" title=\"Action Committees - Consultative\" onerror=\"this.style.display='none'\"  \/>\n\t<p>Servir d'organe consultatif d'un point de vue 2ELGBTQIA+ et sensibiliser les gens aux probl\u00e8mes qui ont un impact sur les employ\u00e9s 2ELGBTQIA+ de la fonction publique ainsi que notre service aux clients 2ELGBTQIA+<\/p>\n\t\t\t\t<img src=\"http:\/\/publicservicepride.ca\/wp-content\/uploads\/2021\/06\/Web-Icons-1-e1623721534882.png\" alt=\"Icon of megaphone\" itemprop=\"image\" title=\"Action Committees - Amplify\" onerror=\"this.style.display='none'\"  \/>\n\t<p>Amplifier les voix diverses et \u00e9liminer les obstacles syst\u00e9miques \u00e0 l'atteinte d'un milieu de travail v\u00e9ritablement inclusif en servant d'organe consultatif et de force directrice dans la cr\u00e9ation d'une organisation innovante, professionnelle et respectueuse<\/p>\n<h2>\n\t\tComit\u00e9 d\u2019action sur l\u2019identit\u00e9 et l\u2019expression de genre\n\t<\/h2>\n\t<ul>\n<li>Rassemble des fonctionnaires transgenres, non binaires et de la pluralit\u00e9 des genres afin qu'ils se soutiennent et d\u00e9fendent leurs int\u00e9r\u00eats et ceux des diverses communaut\u00e9<\/li>\n<li>Concentration sur les processus et les politiques ayant un impact sur ses membres de la communaut\u00e9, ainsi que sur la formation et l'\u00e9ducation autour de leurs probl\u00e8mes et de leurs exp\u00e9riences.<\/li>\n<\/ul>\n\t<h2><strong>Suivez-nous<\/strong><\/h2>\n\t<p><a href=\"https:\/\/www.linkedin.com\/company\/pspride-fiertefp\/\" target=\"_blank\" rel=\"noopener\"><img loading=\"lazy\" src=\"http:\/\/publicservicepride.ca\/wp-content\/uploads\/2025\/01\/In-White-21@2x.png\" alt=\"\" width=\"42\" height=\"42\" \/><\/a>\u00a0 \u00a0 <a href=\"https:\/\/gcxgce.sharepoint.com\/teams\/1000701\/SitePages\/fr\/Home.aspx\" target=\"_blank\" rel=\"noopener\"><img loading=\"lazy\" src=\"http:\/\/publicservicepride.ca\/wp-content\/uploads\/2025\/01\/Untitled-design-2.png\" alt=\"\" width=\"42\" height=\"42\" \/><\/a><\/p>","protected":false},"excerpt":{"rendered":"<div class=\"entry-summary\">\n<div class=\"entry-summary\">\nAction Committee Volunteers supporting the advancement of diversity and inclusion About the Action Committee The Public Service Pride Action Committee (AC) forms an important part of the broader Public Service Pride Network, which exists to support the advancement of diversity&hellip;\n<\/div>\n<div class=\"link-more\"><a href=\"https:\/\/publicservicepride.ca\/fr\/action-committees\/\" class=\"more-link\">Continue reading<span class=\"screen-reader-text\"> &ldquo;Action Committees&rdquo;<\/span>&hellip;<\/a><\/div>\n<\/div>\n<div class=\"link-more\"><a href=\"https:\/\/publicservicepride.ca\/fr\/action-committees\/\" class=\"more-link\">Continue reading<span class=\"screen-reader-text\"> &ldquo;Action Committees&rdquo;<\/span>&hellip;<\/a><\/div>","protected":false},"author":1,"featured_media":0,"parent":0,"menu_order":0,"comment_status":"closed","ping_status":"closed","template":"","meta":{"om_disable_all_campaigns":false,"_monsterinsights_skip_tracking":false,"_monsterinsights_sitenote_active":false,"_monsterinsights_sitenote_note":"","_monsterinsights_sitenote_category":0},"acf":[],"yoast_head":"<!-- This site is optimized with the Yoast SEO plugin v17.7.1 - https:\/\/yoast.com\/wordpress\/plugins\/seo\/ -->\n<title>Action Committees - Public Service Pride<\/title>\n<meta name=\"description\" content=\"Volunteers supporting the advancement of diversity and inclusion.\" \/>\n<meta name=\"robots\" content=\"index, follow, max-snippet:-1, max-image-preview:large, max-video-preview:-1\" \/>\n<link rel=\"canonical\" href=\"https:\/\/publicservicepride.ca\/fr\/action-committees\/\" \/>\n<meta property=\"og:locale\" content=\"fr_CA\" \/>\n<meta property=\"og:type\" content=\"article\" \/>\n<meta property=\"og:title\" content=\"Action Committees - Public Service Pride\" \/>\n<meta property=\"og:description\" content=\"Volunteers supporting the advancement of diversity and inclusion.\" \/>\n<meta property=\"og:url\" content=\"https:\/\/publicservicepride.ca\/fr\/action-committees\/\" \/>\n<meta property=\"og:site_name\" content=\"Public Service Pride\" \/>\n<meta property=\"article:modified_time\" content=\"2025-01-27T01:03:21+00:00\" \/>\n<meta property=\"og:image\" content=\"http:\/\/publicservicepride.ca\/wp-content\/uploads\/2021\/06\/Web-Icons-3.png\" \/>\n<meta name=\"twitter:card\" content=\"summary_large_image\" \/>\n<meta name=\"twitter:label1\" content=\"Estimation du temps de lecture\" \/>\n\t<meta name=\"twitter:data1\" content=\"2 minutes\" \/>\n<script type=\"application\/ld+json\" class=\"yoast-schema-graph\">{\"@context\":\"https:\/\/schema.org\",\"@graph\":[{\"@type\":\"WebSite\",\"@id\":\"https:\/\/publicservicepride.ca\/#website\",\"url\":\"https:\/\/publicservicepride.ca\/\",\"name\":\"Public Service Pride\",\"description\":\"Show Your Colours\",\"potentialAction\":[{\"@type\":\"SearchAction\",\"target\":{\"@type\":\"EntryPoint\",\"urlTemplate\":\"https:\/\/publicservicepride.ca\/?s={search_term_string}\"},\"query-input\":\"required name=search_term_string\"}],\"inLanguage\":\"fr-CA\"},{\"@type\":\"ImageObject\",\"@id\":\"https:\/\/publicservicepride.ca\/action-committees\/#primaryimage\",\"inLanguage\":\"fr-CA\",\"url\":\"http:\/\/publicservicepride.ca\/wp-content\/uploads\/2021\/06\/Web-Icons-3.png\",\"contentUrl\":\"http:\/\/publicservicepride.ca\/wp-content\/uploads\/2021\/06\/Web-Icons-3.png\"},{\"@type\":\"WebPage\",\"@id\":\"https:\/\/publicservicepride.ca\/action-committees\/#webpage\",\"url\":\"https:\/\/publicservicepride.ca\/action-committees\/\",\"name\":\"Action Committees - Public Service Pride\",\"isPartOf\":{\"@id\":\"https:\/\/publicservicepride.ca\/#website\"},\"primaryImageOfPage\":{\"@id\":\"https:\/\/publicservicepride.ca\/action-committees\/#primaryimage\"},\"datePublished\":\"2021-06-09T02:12:45+00:00\",\"dateModified\":\"2025-01-27T01:03:21+00:00\",\"description\":\"Volunteers supporting the advancement of diversity and inclusion.\",\"breadcrumb\":{\"@id\":\"https:\/\/publicservicepride.ca\/action-committees\/#breadcrumb\"},\"inLanguage\":\"fr-CA\",\"potentialAction\":[{\"@type\":\"ReadAction\",\"target\":[\"https:\/\/publicservicepride.ca\/action-committees\/\"]}]},{\"@type\":\"BreadcrumbList\",\"@id\":\"https:\/\/publicservicepride.ca\/action-committees\/#breadcrumb\",\"itemListElement\":[{\"@type\":\"ListItem\",\"position\":1,\"name\":\"Home\",\"item\":\"https:\/\/publicservicepride.ca\/\"},{\"@type\":\"ListItem\",\"position\":2,\"name\":\"Action Committees\"}]}]}<\/script>\n<!-- \/ Yoast SEO plugin. -->","yoast_head_json":{"title":"Action Committees - Public Service Pride","description":"Volunteers supporting the advancement of diversity and inclusion.","robots":{"index":"index","follow":"follow","max-snippet":"max-snippet:-1","max-image-preview":"max-image-preview:large","max-video-preview":"max-video-preview:-1"},"canonical":"https:\/\/publicservicepride.ca\/fr\/action-committees\/","og_locale":"fr_CA","og_type":"article","og_title":"Action Committees - Public Service Pride","og_description":"Volunteers supporting the advancement of diversity and inclusion.","og_url":"https:\/\/publicservicepride.ca\/fr\/action-committees\/","og_site_name":"Public Service Pride","article_modified_time":"2025-01-27T01:03:21+00:00","og_image":[{"url":"http:\/\/publicservicepride.ca\/wp-content\/uploads\/2021\/06\/Web-Icons-3.png"}],"twitter_card":"summary_large_image","twitter_misc":{"Estimation du temps de lecture":"2 minutes"},"schema":{"@context":"https:\/\/schema.org","@graph":[{"@type":"WebSite","@id":"https:\/\/publicservicepride.ca\/#website","url":"https:\/\/publicservicepride.ca\/","name":"Public Service Pride","description":"Show Your Colours","potentialAction":[{"@type":"SearchAction","target":{"@type":"EntryPoint","urlTemplate":"https:\/\/publicservicepride.ca\/?s={search_term_string}"},"query-input":"required name=search_term_string"}],"inLanguage":"fr-CA"},{"@type":"ImageObject","@id":"https:\/\/publicservicepride.ca\/action-committees\/#primaryimage","inLanguage":"fr-CA","url":"http:\/\/publicservicepride.ca\/wp-content\/uploads\/2021\/06\/Web-Icons-3.png","contentUrl":"http:\/\/publicservicepride.ca\/wp-content\/uploads\/2021\/06\/Web-Icons-3.png"},{"@type":"WebPage","@id":"https:\/\/publicservicepride.ca\/action-committees\/#webpage","url":"https:\/\/publicservicepride.ca\/action-committees\/","name":"Action Committees - Public Service Pride","isPartOf":{"@id":"https:\/\/publicservicepride.ca\/#website"},"primaryImageOfPage":{"@id":"https:\/\/publicservicepride.ca\/action-committees\/#primaryimage"},"datePublished":"2021-06-09T02:12:45+00:00","dateModified":"2025-01-27T01:03:21+00:00","description":"Volunteers supporting the advancement of diversity and inclusion.","breadcrumb":{"@id":"https:\/\/publicservicepride.ca\/action-committees\/#breadcrumb"},"inLanguage":"fr-CA","potentialAction":[{"@type":"ReadAction","target":["https:\/\/publicservicepride.ca\/action-committees\/"]}]},{"@type":"BreadcrumbList","@id":"https:\/\/publicservicepride.ca\/action-committees\/#breadcrumb","itemListElement":[{"@type":"ListItem","position":1,"name":"Home","item":"https:\/\/publicservicepride.ca\/"},{"@type":"ListItem","position":2,"name":"Action Committees"}]}]}},"_links":{"self":[{"href":"https:\/\/publicservicepride.ca\/fr\/wp-json\/wp\/v2\/pages\/1311"}],"collection":[{"href":"https:\/\/publicservicepride.ca\/fr\/wp-json\/wp\/v2\/pages"}],"about":[{"href":"https:\/\/publicservicepride.ca\/fr\/wp-json\/wp\/v2\/types\/page"}],"author":[{"embeddable":true,"href":"https:\/\/publicservicepride.ca\/fr\/wp-json\/wp\/v2\/users\/1"}],"replies":[{"embeddable":true,"href":"https:\/\/publicservicepride.ca\/fr\/wp-json\/wp\/v2\/comments?post=1311"}],"version-history":[{"count":45,"href":"https:\/\/publicservicepride.ca\/fr\/wp-json\/wp\/v2\/pages\/1311\/revisions"}],"predecessor-version":[{"id":2909,"href":"https:\/\/publicservicepride.ca\/fr\/wp-json\/wp\/v2\/pages\/1311\/revisions\/2909"}],"wp:attachment":[{"href":"https:\/\/publicservicepride.ca\/fr\/wp-json\/wp\/v2\/media?parent=1311"}],"curies":[{"name":"wp","href":"https:\/\/api.w.org\/{rel}","templated":true}]}}