{"id":1239,"date":"2021-06-05T22:37:04","date_gmt":"2021-06-05T22:37:04","guid":{"rendered":"http:\/\/publicservicepride.ca\/?page_id=1239"},"modified":"2026-04-13T09:00:15","modified_gmt":"2026-04-13T13:00:15","slug":"psp-awards","status":"publish","type":"page","link":"https:\/\/publicservicepride.ca\/fr\/psp-awards\/","title":{"rendered":"Prix de la Fiert\u00e9 \u00e0 la fonction publique"},"content":{"rendered":"<h1>\n\t\t\tPrix de la Fiert\u00e9 \u00e0 la fonction publique\t<\/h1>\n<h1>\n\t\t\t\ud83c\udfc6 Prix de la Fiert\u00e9 \u00e0 la fonction publique 2026 : C\u00e9l\u00e9brons l\u2019excellence en inclusion \ud83c\udfc6\t<\/h1>\n\t<h2><b>La p\u00e9riode de mise en candidature pour les Prix de la Fiert\u00e9 \u00e0 la fonction publique 2026 est prolong\u00e9e jusqu\u2019au 24 avril 2026 !<\/b><\/h2>\n<p>Ces prix soulignent le travail exceptionnel des personnes, des \u00e9quipes et des organisations de la fonction publique f\u00e9d\u00e9rale qui font preuve d\u2019un leadership remarquable pour renforcer la diversit\u00e9, l'inclusion et la fiert\u00e9 au sein des communaut\u00e9s 2ELGBTQIA+.<\/p>\n<h2><b>Comment proposer une candidature<\/b><\/h2>\n<p>Mettez en avant un.e coll\u00e8gue, une \u00e9quipe ou une organisation pour reconna\u00eetre leur impact et souligner leur contribution \u00e0 une fonction publique plus inclusive.<\/p>\n<p>\ud83d\uddd3\ufe0f Date limite : Soumettez une candidature avant le <b>24 avril 2026 \u00e0 17 h (HE)<\/b> au Secr\u00e9tariat de la Fiert\u00e9 \u00e0 la fonction publique.<\/p>\n<p>\ud83c\udfc6 Annonce des laur\u00e9at.e.s : Lors de la Semaine de la Fiert\u00e9 \u00e0 la fonction publique 2026.<\/p>\n<p>Pour vous aider \u00e0 pr\u00e9parer une candidature solide, consultez notre trousse de mise en candidature, qui comprend :<\/p>\n\u27a1\ufe0fGuide et formulaire de mise en candidature<br \/>\n\u27a1\ufe0fTrousse num\u00e9rique et publications pour les r\u00e9seaux sociaux<br \/>\n\u27a1\ufe0fMod\u00e8le de message \u00e0 partager dans votre organisation\n<a href=\"https:\/\/gcxgce.sharepoint.com\/:f:\/t\/1000701\/Eun7-K8P7SlHuRCKu0sA_ZgBY0VDOlKxxCB6RRa36U_q3A?e=T5bpRk\" target=\"_blank\" rel=\"noopener\">Trousse d\u2019outils<br \/>\n<\/a>\n<p>Accessible sur le r\u00e9seau du GC.<\/p>\n\t<h2>Cat\u00e9gories des Prix de la Fiert\u00e9 \u00e0 la fonction publique<\/h2>\n<div class=\"wm-accordion clearfix\" data-active=\"1\" data-mode=\"accordion\">\r\n<div class=\"wm-item wm-item-wrap\"><h3 class=\"wm-item-title\" data-tags=\"\" data-tag-names=\"\"><span class=\"icon-ion-android-star\" aria-hidden=\"true\"> <\/span>Le Prix de l\u2019Agent\u00b7e de changement<\/h3><div class=\"wm-item-content clearfix AgentofChangeAward\"><p>Reconnaissant les d\u00e9fenseurs et les leaders qui travaillent activement \u00e0 \u00e9liminer les obstacles syst\u00e9miques et \u00e0 promouvoir l'inclusion des communaut\u00e9s 2ELGBTQIA+ au sein de la fonction publique f\u00e9d\u00e9rale.<\/p>\n<\/div><\/div>\r\n\r\n<div class=\"wm-item wm-item-wrap\"><h3 class=\"wm-item-title\" data-tags=\"\" data-tag-names=\"\"><span class=\"icon-ion-ribbon-b\" aria-hidden=\"true\"> <\/span>Le Prix du R\u00e9seau de la Fiert\u00e9 de l'ann\u00e9e<\/h3><div class=\"wm-item-content clearfix PrideNetworkoftheYearAward\"><p>Reconnaissant un r\u00e9seau de fiert\u00e9 d'un minist\u00e8re ou d'un organisme qui a fait preuve d'un engagement exceptionnel et de contributions remarquables pour faire avancer l'inclusion 2ELGBTQIA+ au sein de leur minist\u00e8re ou organisme.<\/p>\n<\/div><\/div>\r\n\r\n<div class=\"wm-item wm-item-wrap\"><h3 class=\"wm-item-title\" data-tags=\"\" data-tag-names=\"\"><span class=\"icon-ion-trophy\" aria-hidden=\"true\"> <\/span>Le Prix de l\u2019Initiative de la Fiert\u00e9 en milieu de travail de l\u2019ann\u00e9e<\/h3><div class=\"wm-item-content clearfix WorkplacePrideInitiativeoftheYearAward\"><p>Celebrating an individual or team&#8217;s innovative workplace policy, plan, event or activity that has proven beneficial for promoting 2SLGBTQIA+ inclusion in the workplace.\u00a0<\/p>\n<\/div><\/div>\r\n\r\n<div class=\"wm-item wm-item-wrap\"><h3 class=\"wm-item-title\" data-tags=\"\" data-tag-names=\"\"><span class=\"icon-ion-android-bulb\" aria-hidden=\"true\"> <\/span>Le Prix pour l\u2019ensemble des r\u00e9alisations<\/h3><div class=\"wm-item-content clearfix CareerImpactAward\"><p>Honorant les individus qui ont eu un impact durable et substantiel tout au long de leur carri\u00e8re en soutenant activement les communaut\u00e9s 2ELGBTQIA+ au sein de la fonction publique f\u00e9d\u00e9rale.<\/p>\n<\/div><\/div>\r\n\r\n<div class=\"wm-item wm-item-wrap\"><h3 class=\"wm-item-title\" data-tags=\"\" data-tag-names=\"\"><span class=\"icon-ion-ios-people\" aria-hidden=\"true\"> <\/span>Prix du minist\u00e8re ou de l\u2019agence pour l\u2019excellence du leadership en mati\u00e8re de Fiert\u00e9<\/h3><div class=\"wm-item-content clearfix DepartmentAgencyAwardforExcellenceinPrideLeadership\"><p>Reconnaissant, en r\u00e9ponse \u00e0 la <a href=\"https:\/\/publicservicepride.ca\/wp-content\/uploads\/2023\/05\/Une-lettre-ouverte-aux-sous-ministres_le-15-mai.pdf\" target=\"_blank\" rel=\"noopener\" data-saferedirecturl=\"https:\/\/www.google.com\/url?q=https:\/\/publicservicepride.ca\/wp-content\/uploads\/2023\/05\/An-open-letter-to-deputy-ministers_May-15_.pdf&amp;source=gmail&amp;ust=1708792000320000&amp;usg=AOvVaw31xHUQw08NP7q4o5Etuk3m\">lettre ouverte<\/a>, un minist\u00e8re ou un organisme qui a fait preuve d'un leadership exceptionnel en mettant activement en \u0153uvre et en pr\u00e9sentant des r\u00e9sultats par le biais d'actions ou d'initiatives soutenues \u00e0 l'\u00e9chelle de l'organisation, telles que celles d\u00e9crites dans la lettre, en soutien aux employ\u00e9s 2ELGBTQIA+.<\/p>\n<\/div><\/div>\r\n<\/div><h2>\n\t\t\tPrix de la Fiert\u00e9 \u00e0 la fonction publique des ann\u00e9es pass\u00e9es\t<\/h2>\n<h2>\n\t\t\tC\u00e9r\u00e9monie de remise des prix 2023\t<\/h2>\n\t\t<iframe loading=\"lazy\" width=\"560\" height=\"315\" src=\"https:\/\/www.youtube.com\/embed\/DR9JW5CpJSE?si=mSuOT_325VY3ug08\" title=\"YouTube video player\" frameborder=\"0\" allow=\"accelerometer; autoplay; clipboard-write; encrypted-media; gyroscope; picture-in-picture; web-share\" allowfullscreen><\/iframe>\t\n\t<a href=\"https:\/\/www.youtube.com\/watch?v=DR9JW5CpJSE\" target=\"_blank\" rel=\"noopener\">Les Prix de la Fiert\u00e9 \u00e0 la fonction publique (Version Anglaise)<\/a><br \/>\n<a href=\"https:\/\/www.youtube.com\/watch?v=IWfcMdshRKs\" target=\"_blank\" rel=\"noopener\">Les Prix de la Fiert\u00e9 \u00e0 la fonction publique (Version Fran\u00e7aise)<\/a>\n<h2>\n\t\t\tC\u00e9r\u00e9monie de remise des prix 2022\t<\/h2>\n\t\t<iframe loading=\"lazy\" width=\"560\" height=\"315\" src=\"https:\/\/www.youtube.com\/embed\/_FIewXh1WUM\" title=\"YouTube video player\" frameborder=\"0\" allow=\"accelerometer; autoplay; clipboard-write; encrypted-media; gyroscope; picture-in-picture; web-share\" allowfullscreen><\/iframe>\t\n\t<h3><strong><a href=\"https:\/\/www.youtube.com\/@publicservicepride-fiertea2004\" target=\"_blank\" rel=\"noopener\">Voir toutes les c\u00e9r\u00e9monies de remise des prix des ann\u00e9es pass\u00e9es &gt;<\/a><\/strong><\/h3>\n<div class=\"wm-accordion clearfix\" data-active=\"1\" data-mode=\"accordion\">\r\n<div class=\"wm-item wm-item-wrap\"><h3 class=\"wm-item-title\" data-tags=\"\" data-tag-names=\"\">Laur\u00e9at\u00b7e\u00b7s 2025<\/h3><div class=\"wm-item-content clearfix 2025Winners\"><h4>Laur\u00e9at\u00b7e\u00b7s du Prix de l\u2019Agent\u00b7e de changement<\/h4>\n<p><b>AJ Dolman<\/b><br \/>Conseil de recherches en sciences humaines du Canada<b>Sergeant Ruthern-Percival Flamel<\/b><br \/>Minist\u00e8re de la D\u00e9fense nationale<b>Max Turner<\/b><br \/>P\u00eaches et Oc\u00e9ans Canada \/ Garde c\u00f4ti\u00e8re canadienne<b>Emilie Plows<\/b><br \/>P\u00eaches et Oc\u00e9ans Canada \/ Garde c\u00f4ti\u00e8re canadienne<b>Maddie Morris<\/b><br \/>Affaires mondiales Canada<b>Kelly Wolfslehner<\/b><br \/>Agence des services frontaliers du Canada<b>Jesse Fleming<\/b><br \/>Agence des services frontaliers du Canada<b>Jason Evanochko<\/b><br \/>Minist\u00e8re de la D\u00e9fense nationale<b>Megan (MG) Le Stum<\/b><br \/>Statistique Canada\u00a0<\/p>\n<hr \/>\n<h4>Laur\u00e9at\u00b7e du Prix du R\u00e9seau de la Fiert\u00e9 de l\u2019ann\u00e9e<\/h4>\n<p><strong>Fiert\u00e9@IRCC<br \/><\/strong>Immigration, R\u00e9fugi\u00e9s et Citoyennet\u00e9 Canada\u00a0<\/p>\n<hr \/>\n<h4>Laur\u00e9at\u00b7e du Prix de l'initiative\nde la Fiert\u00e9 en milieu de travail de l'ann\u00e9e<\/h4>\n<p><strong>Service PSPC Portal &#8211; New Forms for Pay, Benefits, and Pension<br \/><\/strong>Services publics et Approvisionnement Canada\u00a0<\/p>\n<hr \/>\n<h4>Laur\u00e9at\u00b7es du Prix de l'ensemble des r\u00e9alisations<\/h4>\n<p><strong>Bart Bilmer<br \/><\/strong>Ressources naturelles Canada<strong>Holly Jacobs<br \/><\/strong>Immigration, R\u00e9fugi\u00e9s et Citoyennet\u00e9 Canada<\/p>\n<hr \/>\n<h4>Laur\u00e9at\u00b7es du Prix d\u2019excellence en leadership en mati\u00e8re de fiert\u00e9 \u2013 Minist\u00e8re\/organisme<\/h4>\n<p><strong>Femmes et \u00c9galit\u00e9 des genres Canada<\/strong><\/p>\n<\/div><\/div>\r\n\r\n<div class=\"wm-item wm-item-wrap\"><h3 class=\"wm-item-title\" data-tags=\"\" data-tag-names=\"\">Laur\u00e9at\u00b7e\u00b7s de 2024<\/h3><div class=\"wm-item-content clearfix 2024Winners\"><h3>Le Prix de l\u2019Agent\u00b7e de changement<\/h3>\n<p><b>Andrea Monrad<br \/><\/b>Environnement et Changement climatique Canada<b>Jeansil Bruy\u00e8re<br \/><\/b>Commission de l\u2019immigration et du statut de r\u00e9fugi\u00e9 du Canada<b>Kevin Phillips<br \/><\/b>Agence des services frontaliers du Canada<b>Tanya Harvey<br \/><\/b>Transports Canada<\/p>\n<h3>Le Prix de l\u2019Initiative de la Fiert\u00e9 en milieu de travail de l\u2019ann\u00e9e<\/h3>\n<p><b>Guide des pronoms<br \/><\/b>Services publics et Approvisionnement Canada<\/p>\n<h3>Le Prix du R\u00e9seau de la Fiert\u00e9 de l\u2019ann\u00e9e<\/h3>\n<p><b>Comit\u00e9 de la Fiert\u00e9 du Centre de Contact de l\u2019Assurance-emploi de Toronto<br \/><\/b>Emploi et D\u00e9veloppement social Canada<\/p>\n<h3>Prix du minist\u00e8re ou de l\u2019agence pour l\u2019excellence du leadership en mati\u00e8re de Fiert\u00e9<\/h3>\n<p><b>Agence canadienne d'inspection des aliments<\/b><\/p>\n<\/div><\/div>\r\n\r\n<div class=\"wm-item wm-item-wrap\"><h3 class=\"wm-item-title\" data-tags=\"\" data-tag-names=\"\">Laur\u00e9at\u00b7e\u00b7s de 2023<\/h3><div class=\"wm-item-content clearfix 2023Winners\"><h3>Le Prix de l\u2019Agent\u00b7e de changement<\/h3>\n<p><strong>Megan Otu<\/strong><br \/>P\u00eaches et Oc\u00e9ans Canada<strong>Kaye Low<\/strong><br \/>Anciens Combattants Canada<strong>Major Andr\u00e9 P. Jean<\/strong><br \/>Forces arm\u00e9es canadiennes \/ D\u00e9fense nationale<strong>Am\u00e9r Mubaslat<\/strong><br \/>Affaires mondiales Canada<strong>Andrew Caldwell<\/strong><br \/>Emploi et D\u00e9veloppement social Canada<\/p>\n<h3><strong>Le Prix de l\u2019Initiative de la Fiert\u00e9 en milieu de travail de l\u2019ann\u00e9e<\/strong><\/h3>\n<p><strong>Le Prix comm\u00e9moratif Elliott L. Welch<\/strong><strong><br \/><\/strong>Emploi et D\u00e9veloppement social Canada<\/p>\n<h3>Le Prix du R\u00e9seau de la Fiert\u00e9 de l\u2019ann\u00e9e<\/h3>\n<p><strong>L\u2019organisation consultative de la Fiert\u00e9 de l'\u00e9quipe de d\u00e9fense \u00e0 la Base de soutien de la 3e Division du Canada Edmonton<\/strong><br \/>D\u00e9fense nationale<\/p>\n<h3>Le Prix pour l\u2019ensemble des r\u00e9alisations<\/h3>\n<p><strong>Andrea Markowski<\/strong><br \/>Service correctionnel du Canada<\/p>\n<h3>Prix du minist\u00e8re ou de l\u2019agence pour l\u2019excellence du leadership en mati\u00e8re de Fiert\u00e9<\/h3>\n<p><strong>Justice Canada<\/strong><\/p>\n<\/div><\/div>\r\n\r\n<div class=\"wm-item wm-item-wrap\"><h3 class=\"wm-item-title\" data-tags=\"\" data-tag-names=\"\">Laur\u00e9at\u00b7e\u00b7s de 2022<\/h3><div class=\"wm-item-content clearfix 2022Winners\"><h3>Le Prix de l\u2019Agent\u00b7e de changement<\/h3>\n<p><b>David Beamer, <\/b>Agence du revenu du Canada<br \/><b>Dr. Holly Ellingwood, <\/b>S\u00e9curit\u00e9 publique Canada<br \/><b>Lee Nevens, <\/b>Justice Canada<br \/><b>Lydia Lipic, <\/b>Agriculture et Agroalimentaire Canada<br \/><b>Jefferson Morris IV, <\/b>Secr\u00e9tariat du Conseil du Tr\u00e9sor Canada<\/p>\n<h3><strong>Le Prix du R\u00e9seau de la Fiert\u00e9 de l\u2019ann\u00e9e<\/strong><\/h3>\n<p><b>Organisation consultative de la Fiert\u00e9 de l\u2019\u00e9quipe de la d\u00e9fense, <\/b>Minist\u00e8re de la D\u00e9fense nationale et Forces arm\u00e9es canadiennes<\/p>\n<h3>Le Prix de l\u2019Initiative de la Fiert\u00e9 en milieu de travail de l\u2019ann\u00e9e<\/h3>\n<p><b>Directive sur la conception d'installations sanitaires inclusives, <\/b>Parcs Canada<\/p>\n<h3>Le Prix pour l\u2019ensemble des r\u00e9alisations<\/h3>\n<p><b>Missy Marston-Shmelzer, <\/b>Patrimoine Canadien<\/p>\n<h3>Le Prix des pionniers<\/h3>\n<p><b>Michelle Douglas, <\/b>du Fonds Purge LGBT<\/p>\n<\/div><\/div>\r\n\r\n<div class=\"wm-item wm-item-wrap\"><h3 class=\"wm-item-title\" data-tags=\"\" data-tag-names=\"\">Laur\u00e9at\u00b7e\u00b7s de 2021<\/h3><div class=\"wm-item-content clearfix 2021Winners\"><h3>Le Prix de l\u2019Agent\u00b7e de changement<\/h3>\n<p><b>David Da Silva, <\/b>Affaires mondiales Canada<br \/><b>Johanne Charest, <\/b>Agence des services frontaliers du Canada<br \/><b>Teresa Joudrie, <\/b>Services aux Autochtones Canada<br \/><b>Taryn Husband, <\/b>Affaires mondiales Canada\u00a0<br \/><b>Tamara Lopez, <\/b>Agence des services frontaliers du Canada<br \/><b>Richard Hansen, <\/b>Agence du revenu du Canada<\/p>\n<h3>Le Prix du R\u00e9seau de la Fiert\u00e9 de l\u2019ann\u00e9e<\/h3>\n<p><b>R\u00e9seau de l\u2019inclusivit\u00e9 et de la diversit\u00e9 des genres et de la sexualit\u00e9, <\/b>Agriculture et Agroalimentaire Canada<\/p>\n<h3>Le Prix de l\u2019Initiative de la Fiert\u00e9 en milieu de travail de l\u2019ann\u00e9e<\/h3>\n<p><b>Toilettes universellement accessibles au Complexe des Terrasses de la Chaudi\u00e8re<br \/><\/b>Relations Couronne-Autochtones et Affaires du Nord Canada, Conseil de la radiodiffusion et des t\u00e9l\u00e9communications canadiennes, Services aux Autochtones Canada et Patrimoine Canadien<\/p>\n<h3>Le Prix pour l\u2019ensemble des r\u00e9alisations<\/h3>\n<p><b>Artur Wilczynski, <\/b>Centre de la s\u00e9curit\u00e9 des t\u00e9l\u00e9communications<br \/><b>Guy Desaulniers, <\/b>Commission de la fonction publique<\/p>\n<\/div><\/div>\r\n<\/div><h2>\n\t\t\tSuivez-nous\t<\/h2>\n\t<p><a href=\"https:\/\/www.linkedin.com\/company\/pspride-fiertefp\/\" target=\"_blank\" rel=\"noopener\"><img loading=\"lazy\" src=\"http:\/\/publicservicepride.ca\/wp-content\/uploads\/2025\/01\/In-White-21@2x.png\" alt=\"\" width=\"42\" height=\"42\" \/><\/a>\u00a0 \u00a0 <a href=\"https:\/\/gcxgce.sharepoint.com\/teams\/1000701\/SitePages\/fr\/Home.aspx\" target=\"_blank\" rel=\"noopener\"><img loading=\"lazy\" src=\"http:\/\/publicservicepride.ca\/wp-content\/uploads\/2025\/01\/Untitled-design-2.png\" alt=\"\" width=\"42\" height=\"42\" \/><\/a><\/p>","protected":false},"excerpt":{"rendered":"<div class=\"entry-summary\">\n<div class=\"entry-summary\">\nPublic Service Pride Awards \ud83c\udfc6 2026 Public Service Pride Awards: Celebrating Excellence in Inclusion \ud83c\udfc6 The nomination period for the 2026 Public Service Pride Awards has been extended to April 24, 2026! These awards recognize exceptional individuals, teams, and organizations&hellip;\n<\/div>\n<div class=\"link-more\"><a href=\"https:\/\/publicservicepride.ca\/fr\/psp-awards\/\" class=\"more-link\">Continue reading<span class=\"screen-reader-text\"> &ldquo;Public Service Pride Awards&rdquo;<\/span>&hellip;<\/a><\/div>\n<\/div>\n<div class=\"link-more\"><a href=\"https:\/\/publicservicepride.ca\/fr\/psp-awards\/\" class=\"more-link\">Continue reading<span class=\"screen-reader-text\"> &ldquo;Public Service Pride Awards&rdquo;<\/span>&hellip;<\/a><\/div>","protected":false},"author":1,"featured_media":0,"parent":0,"menu_order":0,"comment_status":"closed","ping_status":"closed","template":"templates\/intro-widgets.php","meta":{"om_disable_all_campaigns":false,"_monsterinsights_skip_tracking":false,"_monsterinsights_sitenote_active":false,"_monsterinsights_sitenote_note":"","_monsterinsights_sitenote_category":0},"acf":[],"yoast_head":"<!-- This site is optimized with the Yoast SEO plugin v17.7.1 - https:\/\/yoast.com\/wordpress\/plugins\/seo\/ -->\n<title>Public Service Pride Awards<\/title>\n<meta name=\"description\" content=\"The recipients of the Public Service Pride Awards of Excellence will be announced each August during the Annual Public Service Pride Week.\" \/>\n<meta name=\"robots\" content=\"index, follow, max-snippet:-1, max-image-preview:large, max-video-preview:-1\" \/>\n<link rel=\"canonical\" href=\"https:\/\/publicservicepride.ca\/fr\/psp-awards\/\" \/>\n<meta property=\"og:locale\" content=\"fr_CA\" \/>\n<meta property=\"og:type\" content=\"article\" \/>\n<meta property=\"og:title\" content=\"Public Service Pride Awards\" \/>\n<meta property=\"og:description\" content=\"The recipients of the Public Service Pride Awards of Excellence will be announced each August during the Annual Public Service Pride Week.\" \/>\n<meta property=\"og:url\" content=\"https:\/\/publicservicepride.ca\/fr\/psp-awards\/\" \/>\n<meta property=\"og:site_name\" content=\"Public Service Pride\" \/>\n<meta property=\"article:modified_time\" content=\"2026-04-13T13:00:15+00:00\" \/>\n<meta property=\"og:image\" content=\"http:\/\/publicservicepride.ca\/wp-content\/uploads\/2025\/01\/In-White-21@2x.png\" \/>\n<meta name=\"twitter:card\" content=\"summary_large_image\" \/>\n<meta name=\"twitter:label1\" content=\"Estimation du temps de lecture\" \/>\n\t<meta name=\"twitter:data1\" content=\"6 minutes\" \/>\n<script type=\"application\/ld+json\" class=\"yoast-schema-graph\">{\"@context\":\"https:\/\/schema.org\",\"@graph\":[{\"@type\":\"WebSite\",\"@id\":\"https:\/\/publicservicepride.ca\/#website\",\"url\":\"https:\/\/publicservicepride.ca\/\",\"name\":\"Public Service Pride\",\"description\":\"Show Your Colours\",\"potentialAction\":[{\"@type\":\"SearchAction\",\"target\":{\"@type\":\"EntryPoint\",\"urlTemplate\":\"https:\/\/publicservicepride.ca\/?s={search_term_string}\"},\"query-input\":\"required name=search_term_string\"}],\"inLanguage\":\"fr-CA\"},{\"@type\":\"ImageObject\",\"@id\":\"https:\/\/publicservicepride.ca\/psp-awards\/#primaryimage\",\"inLanguage\":\"fr-CA\",\"url\":\"http:\/\/publicservicepride.ca\/wp-content\/uploads\/2025\/01\/In-White-21@2x.png\",\"contentUrl\":\"http:\/\/publicservicepride.ca\/wp-content\/uploads\/2025\/01\/In-White-21@2x.png\"},{\"@type\":\"WebPage\",\"@id\":\"https:\/\/publicservicepride.ca\/psp-awards\/#webpage\",\"url\":\"https:\/\/publicservicepride.ca\/psp-awards\/\",\"name\":\"Public Service Pride Awards\",\"isPartOf\":{\"@id\":\"https:\/\/publicservicepride.ca\/#website\"},\"primaryImageOfPage\":{\"@id\":\"https:\/\/publicservicepride.ca\/psp-awards\/#primaryimage\"},\"datePublished\":\"2021-06-05T22:37:04+00:00\",\"dateModified\":\"2026-04-13T13:00:15+00:00\",\"description\":\"The recipients of the Public Service Pride Awards of Excellence will be announced each August during the Annual Public Service Pride Week.\",\"breadcrumb\":{\"@id\":\"https:\/\/publicservicepride.ca\/psp-awards\/#breadcrumb\"},\"inLanguage\":\"fr-CA\",\"potentialAction\":[{\"@type\":\"ReadAction\",\"target\":[\"https:\/\/publicservicepride.ca\/psp-awards\/\"]}]},{\"@type\":\"BreadcrumbList\",\"@id\":\"https:\/\/publicservicepride.ca\/psp-awards\/#breadcrumb\",\"itemListElement\":[{\"@type\":\"ListItem\",\"position\":1,\"name\":\"Home\",\"item\":\"https:\/\/publicservicepride.ca\/\"},{\"@type\":\"ListItem\",\"position\":2,\"name\":\"Public Service Pride Awards\"}]}]}<\/script>\n<!-- \/ Yoast SEO plugin. -->","yoast_head_json":{"title":"Public Service Pride Awards","description":"The recipients of the Public Service Pride Awards of Excellence will be announced each August during the Annual Public Service Pride Week.","robots":{"index":"index","follow":"follow","max-snippet":"max-snippet:-1","max-image-preview":"max-image-preview:large","max-video-preview":"max-video-preview:-1"},"canonical":"https:\/\/publicservicepride.ca\/fr\/psp-awards\/","og_locale":"fr_CA","og_type":"article","og_title":"Public Service Pride Awards","og_description":"The recipients of the Public Service Pride Awards of Excellence will be announced each August during the Annual Public Service Pride Week.","og_url":"https:\/\/publicservicepride.ca\/fr\/psp-awards\/","og_site_name":"Public Service Pride","article_modified_time":"2026-04-13T13:00:15+00:00","og_image":[{"url":"http:\/\/publicservicepride.ca\/wp-content\/uploads\/2025\/01\/In-White-21@2x.png"}],"twitter_card":"summary_large_image","twitter_misc":{"Estimation du temps de lecture":"6 minutes"},"schema":{"@context":"https:\/\/schema.org","@graph":[{"@type":"WebSite","@id":"https:\/\/publicservicepride.ca\/#website","url":"https:\/\/publicservicepride.ca\/","name":"Public Service Pride","description":"Show Your Colours","potentialAction":[{"@type":"SearchAction","target":{"@type":"EntryPoint","urlTemplate":"https:\/\/publicservicepride.ca\/?s={search_term_string}"},"query-input":"required name=search_term_string"}],"inLanguage":"fr-CA"},{"@type":"ImageObject","@id":"https:\/\/publicservicepride.ca\/psp-awards\/#primaryimage","inLanguage":"fr-CA","url":"http:\/\/publicservicepride.ca\/wp-content\/uploads\/2025\/01\/In-White-21@2x.png","contentUrl":"http:\/\/publicservicepride.ca\/wp-content\/uploads\/2025\/01\/In-White-21@2x.png"},{"@type":"WebPage","@id":"https:\/\/publicservicepride.ca\/psp-awards\/#webpage","url":"https:\/\/publicservicepride.ca\/psp-awards\/","name":"Public Service Pride Awards","isPartOf":{"@id":"https:\/\/publicservicepride.ca\/#website"},"primaryImageOfPage":{"@id":"https:\/\/publicservicepride.ca\/psp-awards\/#primaryimage"},"datePublished":"2021-06-05T22:37:04+00:00","dateModified":"2026-04-13T13:00:15+00:00","description":"The recipients of the Public Service Pride Awards of Excellence will be announced each August during the Annual Public Service Pride Week.","breadcrumb":{"@id":"https:\/\/publicservicepride.ca\/psp-awards\/#breadcrumb"},"inLanguage":"fr-CA","potentialAction":[{"@type":"ReadAction","target":["https:\/\/publicservicepride.ca\/psp-awards\/"]}]},{"@type":"BreadcrumbList","@id":"https:\/\/publicservicepride.ca\/psp-awards\/#breadcrumb","itemListElement":[{"@type":"ListItem","position":1,"name":"Home","item":"https:\/\/publicservicepride.ca\/"},{"@type":"ListItem","position":2,"name":"Public Service Pride Awards"}]}]}},"_links":{"self":[{"href":"https:\/\/publicservicepride.ca\/fr\/wp-json\/wp\/v2\/pages\/1239"}],"collection":[{"href":"https:\/\/publicservicepride.ca\/fr\/wp-json\/wp\/v2\/pages"}],"about":[{"href":"https:\/\/publicservicepride.ca\/fr\/wp-json\/wp\/v2\/types\/page"}],"author":[{"embeddable":true,"href":"https:\/\/publicservicepride.ca\/fr\/wp-json\/wp\/v2\/users\/1"}],"replies":[{"embeddable":true,"href":"https:\/\/publicservicepride.ca\/fr\/wp-json\/wp\/v2\/comments?post=1239"}],"version-history":[{"count":215,"href":"https:\/\/publicservicepride.ca\/fr\/wp-json\/wp\/v2\/pages\/1239\/revisions"}],"predecessor-version":[{"id":3481,"href":"https:\/\/publicservicepride.ca\/fr\/wp-json\/wp\/v2\/pages\/1239\/revisions\/3481"}],"wp:attachment":[{"href":"https:\/\/publicservicepride.ca\/fr\/wp-json\/wp\/v2\/media?parent=1239"}],"curies":[{"name":"wp","href":"https:\/\/api.w.org\/{rel}","templated":true}]}}